{"id":619,"date":"2022-12-18T02:06:04","date_gmt":"2022-12-17T23:06:04","guid":{"rendered":"https:\/\/kackaryapi.com.tr\/?post_type=product&#038;p=619"},"modified":"2022-12-18T02:07:32","modified_gmt":"2022-12-17T23:07:32","slug":"jetgips-diamant","status":"publish","type":"product","link":"https:\/\/kackaryapi.com.tr\/en\/product\/jetgips-diamant\/","title":{"rendered":"Jetgips\u00ae Diamant"},"content":{"rendered":"","protected":false},"excerpt":{"rendered":"<p><strong>\u0130\u00e7 mekanlarda makine ile uygulanan, y\u00fczey sertli\u011fi ve bas\u0131n\u00e7 mukavemeti artt\u0131r\u0131lm\u0131\u015f, d\u00fczg\u00fcn y\u00fczeyler sunan s\u0131va al\u00e7\u0131s\u0131d\u0131r.<\/strong><\/p>\n<p><strong>\u00d6zellikler:<\/strong><\/p>\n<ul>\n<li>Nefes alma \u00f6zelli\u011fi<\/li>\n<li>Mineral bazl\u0131<\/li>\n<li>Y\u00fcksek y\u00fczey sertli\u011fi ve bas\u0131n\u00e7 mukavemeti<\/li>\n<li>Konforlu ve sa\u011fl\u0131kl\u0131 oda havas\u0131na katk\u0131<\/li>\n<li>A\u015f\u0131nmaya dayan\u0131m<\/li>\n<li>Uygulama sonras\u0131 perdah i\u015flemi gerektirmeyen p\u00fcr\u00fczs\u00fcz y\u00fczey<\/li>\n<li>A1 s\u0131n\u0131f\u0131 alev almaz yap\u0131 malzemesi<\/li>\n<li>Uzat\u0131lm\u0131\u015f \u00e7al\u0131\u015fma s\u00fcresi<\/li>\n<li>Kolay ve h\u0131zl\u0131 uygulama<\/li>\n<\/ul>\n<p><strong>Kullan\u0131m Alanlar\u0131:<\/strong><\/p>\n<ul>\n<li>\u0130\u00e7 mekanlarda yo\u011fun trafi\u011fe sahip alanlar (kamu binalar\u0131, okullar, merdiven bo\u015fluklar\u0131, vb.) i\u00e7in tek kat uygulama ile y\u00fczey sertli\u011fi ve bas\u0131n\u00e7 dayan\u0131m\u0131 sa\u011flayan al\u00e7\u0131d\u0131r. P\u00fcr\u00fczs\u00fcz, g\u00fc\u00e7lendirilmi\u015f veya seviyelenmi\u015f y\u00fczeyler olu\u015fturmak i\u00e7in geleneksel (tu\u011fla, gazbeton, bims) ve br\u00fct beton duvarlar \u00fczerine uygulan\u0131r. Tavan s\u0131vas\u0131 olarak kullan\u0131ma uygun de\u011fildir.<\/li>\n<\/ul>\n<p><strong>Ebatlar ve Genel \u00d6zellikler:<\/strong><\/p>\n<ul>\n<li>A\u011f\u0131rl\u0131k: 35 kg<\/li>\n<li>Paketleme: 45 torba \/ palet<\/li>\n<li>Raf \u00d6mr\u00fc: 6 ay<\/li>\n<\/ul>\n<p>\u00dcr\u00fcn Standard\u0131: TS EN 13279-1 B7\/50\/6: Y\u00fczey sertli\u011fi artt\u0131r\u0131lm\u0131\u015f al\u00e7\u0131 elemanlar i\u00e7in s\u0131va al\u00e7\u0131s\u0131<\/p>","protected":false},"featured_media":620,"comment_status":"open","ping_status":"closed","template":"","meta":[],"product_cat":[32],"product_tag":[44,36,47,46,53,58,62,43,34,49,35,37,39,45,38],"class_list":["post-619","product","type-product","status-publish","has-post-thumbnail","hentry","product_cat-macunlar-astarlar-toz-alci","product_tag-alci","product_tag-astarlar","product_tag-atasehir-knauf","product_tag-atasehir-yapi","product_tag-derz-dolgusu","product_tag-jetgips","product_tag-jetgips-diamant","product_tag-kackar-yapi","product_tag-knauf","product_tag-knauf-fill","product_tag-macunlar","product_tag-toz-alci","product_tag-yapi","product_tag-yapi-onarim","product_tag-yapi-sistemleri"],"_links":{"self":[{"href":"https:\/\/kackaryapi.com.tr\/en\/wp-json\/wp\/v2\/product\/619","targetHints":{"allow":["GET"]}}],"collection":[{"href":"https:\/\/kackaryapi.com.tr\/en\/wp-json\/wp\/v2\/product"}],"about":[{"href":"https:\/\/kackaryapi.com.tr\/en\/wp-json\/wp\/v2\/types\/product"}],"replies":[{"embeddable":true,"href":"https:\/\/kackaryapi.com.tr\/en\/wp-json\/wp\/v2\/comments?post=619"}],"wp:featuredmedia":[{"embeddable":true,"href":"https:\/\/kackaryapi.com.tr\/en\/wp-json\/wp\/v2\/media\/620"}],"wp:attachment":[{"href":"https:\/\/kackaryapi.com.tr\/en\/wp-json\/wp\/v2\/media?parent=619"}],"wp:term":[{"taxonomy":"product_cat","embeddable":true,"href":"https:\/\/kackaryapi.com.tr\/en\/wp-json\/wp\/v2\/product_cat?post=619"},{"taxonomy":"product_tag","embeddable":true,"href":"https:\/\/kackaryapi.com.tr\/en\/wp-json\/wp\/v2\/product_tag?post=619"}],"curies":[{"name":"wp","href":"https:\/\/api.w.org\/{rel}","templated":true}]}}