{"id":618,"date":"2022-12-18T02:05:11","date_gmt":"2022-12-17T23:05:11","guid":{"rendered":"https:\/\/kackaryapi.com.tr\/?post_type=product&#038;p=618"},"modified":"2022-12-18T02:05:45","modified_gmt":"2022-12-17T23:05:45","slug":"jetsatengips","status":"publish","type":"product","link":"https:\/\/kackaryapi.com.tr\/en\/product\/jetsatengips\/","title":{"rendered":"Jetsatengips\u00ae"},"content":{"rendered":"","protected":false},"excerpt":{"rendered":"<p><strong>\u0130\u00e7 mekanlarda makine ile uygulanan son kat y\u00fczey d\u00fczeltme perdah al\u00e7\u0131s\u0131d\u0131r.<\/strong><\/p>\n<p><strong>\u00d6zellikler:<\/strong><\/p>\n<ul>\n<li>Son kat uygulamalara haz\u0131r p\u00fcr\u00fczs\u00fcz y\u00fczey<\/li>\n<li>Kolay ve h\u0131zl\u0131 uygulama<\/li>\n<li>Airless s\u0131va makinesi ile uygulanabilme<\/li>\n<li>Uzat\u0131lm\u0131\u015f \u00e7al\u0131\u015fma s\u00fcresi<\/li>\n<li>A1 s\u0131n\u0131f\u0131 alev almaz malzeme<\/li>\n<\/ul>\n<p><strong>Kullan\u0131m Alanlar\u0131:<\/strong><\/p>\n<ul>\n<li>Al\u00e7\u0131pan\u00ae kaplanm\u0131\u015f y\u00fczeyler, al\u00e7\u0131 s\u0131va ile kaplanm\u0131\u015f y\u00fczeyler, \u00e7imento bazl\u0131 s\u0131va yap\u0131lm\u0131\u015f y\u00fczeyler, boya, duvar ka\u011f\u0131d\u0131 vb. son kat uygulama yap\u0131lacak y\u00fczeyler \u00fczerinde kullan\u0131labilir.<\/li>\n<\/ul>\n<p><strong>Ebatlar ve Genel \u00d6zellikler:<\/strong><\/p>\n<ul>\n<li>A\u011f\u0131rl\u0131k: 30 kg<\/li>\n<li>Paketleme: 50 torba \/ Palet<\/li>\n<li>Raf \u00d6mr\u00fc: 6 ay<\/li>\n<\/ul>\n<p>\u00dcr\u00fcn Standard\u0131: TS EN 13279 &#8211; 1 Tip: C6, \u0130nce uygulanabilir al\u00e7\u0131<\/p>","protected":false},"featured_media":596,"comment_status":"open","ping_status":"closed","template":"","meta":[],"product_cat":[32],"product_tag":[44,36,47,46,53,58,61,43,34,49,35,37,39,45,38],"class_list":["post-618","product","type-product","status-publish","has-post-thumbnail","hentry","product_cat-macunlar-astarlar-toz-alci","product_tag-alci","product_tag-astarlar","product_tag-atasehir-knauf","product_tag-atasehir-yapi","product_tag-derz-dolgusu","product_tag-jetgips","product_tag-jetsatengips","product_tag-kackar-yapi","product_tag-knauf","product_tag-knauf-fill","product_tag-macunlar","product_tag-toz-alci","product_tag-yapi","product_tag-yapi-onarim","product_tag-yapi-sistemleri"],"_links":{"self":[{"href":"https:\/\/kackaryapi.com.tr\/en\/wp-json\/wp\/v2\/product\/618","targetHints":{"allow":["GET"]}}],"collection":[{"href":"https:\/\/kackaryapi.com.tr\/en\/wp-json\/wp\/v2\/product"}],"about":[{"href":"https:\/\/kackaryapi.com.tr\/en\/wp-json\/wp\/v2\/types\/product"}],"replies":[{"embeddable":true,"href":"https:\/\/kackaryapi.com.tr\/en\/wp-json\/wp\/v2\/comments?post=618"}],"wp:featuredmedia":[{"embeddable":true,"href":"https:\/\/kackaryapi.com.tr\/en\/wp-json\/wp\/v2\/media\/596"}],"wp:attachment":[{"href":"https:\/\/kackaryapi.com.tr\/en\/wp-json\/wp\/v2\/media?parent=618"}],"wp:term":[{"taxonomy":"product_cat","embeddable":true,"href":"https:\/\/kackaryapi.com.tr\/en\/wp-json\/wp\/v2\/product_cat?post=618"},{"taxonomy":"product_tag","embeddable":true,"href":"https:\/\/kackaryapi.com.tr\/en\/wp-json\/wp\/v2\/product_tag?post=618"}],"curies":[{"name":"wp","href":"https:\/\/api.w.org\/{rel}","templated":true}]}}