{"id":617,"date":"2022-12-18T02:04:05","date_gmt":"2022-12-17T23:04:05","guid":{"rendered":"https:\/\/kackaryapi.com.tr\/?post_type=product&#038;p=617"},"modified":"2022-12-18T02:04:56","modified_gmt":"2022-12-17T23:04:56","slug":"jetgips-base","status":"publish","type":"product","link":"https:\/\/kackaryapi.com.tr\/en\/product\/jetgips-base\/","title":{"rendered":"Jetgips\u00ae Base"},"content":{"rendered":"","protected":false},"excerpt":{"rendered":"<p><strong>\u0130\u00e7 mekanlarda makine ile uygulanan perlitli s\u0131va al\u00e7\u0131s\u0131d\u0131r.<\/strong><\/p>\n<p><strong>\u00d6zellikler:<\/strong><\/p>\n<ul>\n<li>Nefes alma \u00f6zelli\u011fi<\/li>\n<li>Is\u0131 ve ses yal\u0131t\u0131m\u0131na katk\u0131<\/li>\n<li>Kolay ve h\u0131zl\u0131 uygulama<\/li>\n<li>A1 s\u0131n\u0131f\u0131 alev almaz yap\u0131 malzemesi<\/li>\n<\/ul>\n<p><strong>Kullan\u0131m Alanlar\u0131:<\/strong><\/p>\n<ul>\n<li>\u0130\u00e7 mekanlarda tu\u011fla, briket, gaz beton, br\u00fct beton, bims blok ve \u00e7imento bazl\u0131 s\u0131va yap\u0131lm\u0131\u015f y\u00fczeyler.<\/li>\n<\/ul>\n<p><strong>Ebatlar ve Genel \u00d6zellikler:<\/strong><\/p>\n<ul>\n<li>A\u011f\u0131rl\u0131k: 35 kg<\/li>\n<li>Paketleme: 45 torba \/ palet<\/li>\n<li>Raf \u00d6mr\u00fc: 6 ay<\/li>\n<\/ul>\n<p>\u00dcr\u00fcn Standard\u0131: TS EN 13279 &#8211; 1 Tip: B4, Bina i\u00e7in hafif s\u0131va al\u00e7\u0131s\u0131<\/p>","protected":false},"featured_media":594,"comment_status":"open","ping_status":"closed","template":"","meta":[],"product_cat":[32],"product_tag":[44,36,47,46,53,58,60,43,34,49,35,37,39,45,38],"class_list":["post-617","product","type-product","status-publish","has-post-thumbnail","hentry","product_cat-macunlar-astarlar-toz-alci","product_tag-alci","product_tag-astarlar","product_tag-atasehir-knauf","product_tag-atasehir-yapi","product_tag-derz-dolgusu","product_tag-jetgips","product_tag-jetgips-base","product_tag-kackar-yapi","product_tag-knauf","product_tag-knauf-fill","product_tag-macunlar","product_tag-toz-alci","product_tag-yapi","product_tag-yapi-onarim","product_tag-yapi-sistemleri"],"_links":{"self":[{"href":"https:\/\/kackaryapi.com.tr\/en\/wp-json\/wp\/v2\/product\/617","targetHints":{"allow":["GET"]}}],"collection":[{"href":"https:\/\/kackaryapi.com.tr\/en\/wp-json\/wp\/v2\/product"}],"about":[{"href":"https:\/\/kackaryapi.com.tr\/en\/wp-json\/wp\/v2\/types\/product"}],"replies":[{"embeddable":true,"href":"https:\/\/kackaryapi.com.tr\/en\/wp-json\/wp\/v2\/comments?post=617"}],"wp:featuredmedia":[{"embeddable":true,"href":"https:\/\/kackaryapi.com.tr\/en\/wp-json\/wp\/v2\/media\/594"}],"wp:attachment":[{"href":"https:\/\/kackaryapi.com.tr\/en\/wp-json\/wp\/v2\/media?parent=617"}],"wp:term":[{"taxonomy":"product_cat","embeddable":true,"href":"https:\/\/kackaryapi.com.tr\/en\/wp-json\/wp\/v2\/product_cat?post=617"},{"taxonomy":"product_tag","embeddable":true,"href":"https:\/\/kackaryapi.com.tr\/en\/wp-json\/wp\/v2\/product_tag?post=617"}],"curies":[{"name":"wp","href":"https:\/\/api.w.org\/{rel}","templated":true}]}}