{"id":615,"date":"2022-12-18T01:56:09","date_gmt":"2022-12-17T22:56:09","guid":{"rendered":"https:\/\/kackaryapi.com.tr\/?post_type=product&#038;p=615"},"modified":"2024-10-26T13:01:39","modified_gmt":"2024-10-26T10:01:39","slug":"jetgips-ultra-40","status":"publish","type":"product","link":"https:\/\/kackaryapi.com.tr\/en\/product\/jetgips-ultra-40\/","title":{"rendered":"Jetgips\u00ae Ultra 40"},"content":{"rendered":"","protected":false},"excerpt":{"rendered":"<p><strong>\u0130\u00e7 mekanlarda makine ile uygulanan perlitli s\u0131va al\u00e7\u0131s\u0131d\u0131r.<\/strong><\/p>\n<p><strong>\u00d6zellikler:<\/strong><\/p>\n<ul>\n<li>Nefes alma \u00f6zelli\u011fi<\/li>\n<li>Uygulama sonras\u0131 perdah i\u015flemi gerektirmeyen p\u00fcr\u00fczs\u00fcz y\u00fczey<\/li>\n<li>Uzat\u0131lm\u0131\u015f \u00e7al\u0131\u015fma s\u00fcresi<\/li>\n<li>Is\u0131 yal\u0131t\u0131m\u0131na katk\u0131<\/li>\n<li>Kolay ve h\u0131zl\u0131 uygulama<\/li>\n<li>A1 s\u0131n\u0131f\u0131 alev almaz yap\u0131 malzemesi<\/li>\n<li>Knauf Jetgips Ultra\u00ae\u2019ya g\u00f6re %40\u2019a kadar daha fazla alan kaplama<\/li>\n<\/ul>\n<p><strong>Kullan\u0131m Alanlar\u0131:<\/strong><\/p>\n<ul>\n<li>\u0130\u00e7 mekanlarda tu\u011fla, briket, gaz beton, br\u00fct beton, bims blok ve \u00e7imento esasl\u0131 s\u0131va yap\u0131lm\u0131\u015f y\u00fczeyler.<\/li>\n<\/ul>\n<p><strong>Ebatlar ve Genel \u00d6zellikler:<\/strong><\/p>\n<ul>\n<li>A\u011f\u0131rl\u0131k: 25 kg<\/li>\n<li>Paketleme: 50 torba \/ palet<\/li>\n<li>Raf \u00d6mr\u00fc: 6 ay<\/li>\n<\/ul>\n<p>\u00dcr\u00fcn Standard\u0131: TS EN 13279 &#8211; 1 Tip: C4, Is\u0131 yal\u0131t\u0131m ama\u00e7l\u0131 s\u0131va al\u00e7\u0131s\u0131<\/p>","protected":false},"featured_media":592,"comment_status":"open","ping_status":"closed","template":"","meta":[],"product_cat":[32],"product_tag":[44,36,47,46,53,58,57,43,34,49,35,37,39,45,38],"class_list":["post-615","product","type-product","status-publish","has-post-thumbnail","hentry","product_cat-macunlar-astarlar-toz-alci","product_tag-alci","product_tag-astarlar","product_tag-atasehir-knauf","product_tag-atasehir-yapi","product_tag-derz-dolgusu","product_tag-jetgips","product_tag-jetgips-ultra-40","product_tag-kackar-yapi","product_tag-knauf","product_tag-knauf-fill","product_tag-macunlar","product_tag-toz-alci","product_tag-yapi","product_tag-yapi-onarim","product_tag-yapi-sistemleri"],"_links":{"self":[{"href":"https:\/\/kackaryapi.com.tr\/en\/wp-json\/wp\/v2\/product\/615","targetHints":{"allow":["GET"]}}],"collection":[{"href":"https:\/\/kackaryapi.com.tr\/en\/wp-json\/wp\/v2\/product"}],"about":[{"href":"https:\/\/kackaryapi.com.tr\/en\/wp-json\/wp\/v2\/types\/product"}],"replies":[{"embeddable":true,"href":"https:\/\/kackaryapi.com.tr\/en\/wp-json\/wp\/v2\/comments?post=615"}],"wp:featuredmedia":[{"embeddable":true,"href":"https:\/\/kackaryapi.com.tr\/en\/wp-json\/wp\/v2\/media\/592"}],"wp:attachment":[{"href":"https:\/\/kackaryapi.com.tr\/en\/wp-json\/wp\/v2\/media?parent=615"}],"wp:term":[{"taxonomy":"product_cat","embeddable":true,"href":"https:\/\/kackaryapi.com.tr\/en\/wp-json\/wp\/v2\/product_cat?post=615"},{"taxonomy":"product_tag","embeddable":true,"href":"https:\/\/kackaryapi.com.tr\/en\/wp-json\/wp\/v2\/product_tag?post=615"}],"curies":[{"name":"wp","href":"https:\/\/api.w.org\/{rel}","templated":true}]}}