{"id":614,"date":"2022-12-18T01:55:11","date_gmt":"2022-12-17T22:55:11","guid":{"rendered":"https:\/\/kackaryapi.com.tr\/?post_type=product&#038;p=614"},"modified":"2022-12-18T01:55:54","modified_gmt":"2022-12-17T22:55:54","slug":"betokontakt","status":"publish","type":"product","link":"https:\/\/kackaryapi.com.tr\/en\/product\/betokontakt\/","title":{"rendered":"Betokontakt\u00ae"},"content":{"rendered":"","protected":false},"excerpt":{"rendered":"<p><strong>Br\u00fct beton vb. d\u00fczg\u00fcn y\u00fczeyler \u00fczerine al\u00e7\u0131 s\u0131va aderans\u0131n\u0131 art\u0131rmak i\u00e7in kullan\u0131lan, re\u00e7ine bazl\u0131, alkali dayan\u0131ml\u0131, pembe renkli astard\u0131r.<\/strong><\/p>\n<p><strong>\u00d6zellikler:<\/strong><\/p>\n<ul>\n<li>Kullan\u0131ma haz\u0131r<\/li>\n<li>Tutunabilir alt y\u00fczey sa\u011flama<\/li>\n<li>Airless p\u00fcsk\u00fcrtme cihazlar\u0131yla uygulama (\u00f6nr. PFT Swing)<\/li>\n<\/ul>\n<p><strong>Kullan\u0131m Alanlar\u0131:<\/strong><\/p>\n<ul>\n<li>\u0130\u00e7 mekanlarda, tercihen beton olmak \u00fczere EPS ve XPS \u00fczerine de aderans k\u00f6pr\u00fcs\u00fc olarak kullan\u0131labilir. Beton y\u00fczeyler \u00fczerine al\u00e7\u0131 esasl\u0131 s\u0131va uygulamalar\u0131ndan \u00f6nce kullan\u0131lmas\u0131 \u00f6nerilir.<\/li>\n<\/ul>\n<p><strong>Ebatlar ve Genel \u00d6zellikler:<\/strong><\/p>\n<ul>\n<li>A\u011f\u0131rl\u0131k: 20 kg<\/li>\n<li>Paketleme: 1 adet \/ kova<\/li>\n<li>Raf \u00d6mr\u00fc: 12 ay<\/li>\n<\/ul>","protected":false},"featured_media":591,"comment_status":"open","ping_status":"closed","template":"","meta":[],"product_cat":[32],"product_tag":[44,36,47,46,56,53,43,34,49,35,37,39,45,38],"class_list":["post-614","product","type-product","status-publish","has-post-thumbnail","hentry","product_cat-macunlar-astarlar-toz-alci","product_tag-alci","product_tag-astarlar","product_tag-atasehir-knauf","product_tag-atasehir-yapi","product_tag-betokontakt","product_tag-derz-dolgusu","product_tag-kackar-yapi","product_tag-knauf","product_tag-knauf-fill","product_tag-macunlar","product_tag-toz-alci","product_tag-yapi","product_tag-yapi-onarim","product_tag-yapi-sistemleri"],"_links":{"self":[{"href":"https:\/\/kackaryapi.com.tr\/en\/wp-json\/wp\/v2\/product\/614","targetHints":{"allow":["GET"]}}],"collection":[{"href":"https:\/\/kackaryapi.com.tr\/en\/wp-json\/wp\/v2\/product"}],"about":[{"href":"https:\/\/kackaryapi.com.tr\/en\/wp-json\/wp\/v2\/types\/product"}],"replies":[{"embeddable":true,"href":"https:\/\/kackaryapi.com.tr\/en\/wp-json\/wp\/v2\/comments?post=614"}],"wp:featuredmedia":[{"embeddable":true,"href":"https:\/\/kackaryapi.com.tr\/en\/wp-json\/wp\/v2\/media\/591"}],"wp:attachment":[{"href":"https:\/\/kackaryapi.com.tr\/en\/wp-json\/wp\/v2\/media?parent=614"}],"wp:term":[{"taxonomy":"product_cat","embeddable":true,"href":"https:\/\/kackaryapi.com.tr\/en\/wp-json\/wp\/v2\/product_cat?post=614"},{"taxonomy":"product_tag","embeddable":true,"href":"https:\/\/kackaryapi.com.tr\/en\/wp-json\/wp\/v2\/product_tag?post=614"}],"curies":[{"name":"wp","href":"https:\/\/api.w.org\/{rel}","templated":true}]}}