{"id":613,"date":"2022-12-18T01:54:18","date_gmt":"2022-12-17T22:54:18","guid":{"rendered":"https:\/\/kackaryapi.com.tr\/?post_type=product&#038;p=613"},"modified":"2022-12-18T01:54:56","modified_gmt":"2022-12-17T22:54:56","slug":"knauf-super-finish","status":"publish","type":"product","link":"https:\/\/kackaryapi.com.tr\/en\/product\/knauf-super-finish\/","title":{"rendered":"Knauf Super Finish"},"content":{"rendered":"","protected":false},"excerpt":{"rendered":"<p><strong>Knauf Super Finish, t\u00fcm ama\u00e7lara y\u00f6nelik, kullan\u0131ma haz\u0131r dolgu malzemesidir. Kalsiyum karbonat gibi dolgu malzemeleri, katk\u0131 ve ba\u011flay\u0131c\u0131 maddeler i\u00e7ermektedir.<\/strong><\/p>\n<p><strong>\u00d6zellikler:<\/strong><\/p>\n<ul>\n<li>Kullan\u0131ma haz\u0131r<\/li>\n<li>K2-K4 y\u00fczey kalite s\u0131n\u0131flar\u0131<\/li>\n<li>Kar\u0131\u015ft\u0131rma ve bekleme s\u00fcresi yok<\/li>\n<li>Esnek k\u0131vam<\/li>\n<li>Kolay uygulama<\/li>\n<li>Kolay z\u0131mparalama<\/li>\n<li>Y\u00fcksek tutunma g\u00fcc\u00fc (aderans)<\/li>\n<\/ul>\n<p><strong>Kullan\u0131m Alanlar\u0131:<\/strong><\/p>\n<p>Perdah s\u0131vas\u0131 olarak (y\u00fczey kalite s\u0131n\u0131f\u0131 K3-K4), derz dolgu uygulamalar\u0131nda (y\u00fczey kalite s\u0131n\u0131f\u0131 K2) ve farkl\u0131 y\u00fczeylerde kullan\u0131ma uygundur. Knauf Super Finish a\u015fa\u011f\u0131daki y\u00fczeyler \u00fczerine i\u00e7 cephede uygulanabilir:<\/p>\n<ul>\n<li>Al\u00e7\u0131pan\u00ae<\/li>\n<li>Beton \/ gazbeton<\/li>\n<li>S\u0131va<\/li>\n<li>Tu\u011fla duvar<\/li>\n<\/ul>\n<p><strong>Ebatlar ve Genel \u00d6zellikler:<\/strong><\/p>\n<ul>\n<li>A\u011f\u0131rl\u0131k: 28 kg<\/li>\n<li>Paketleme: 1 adet \/ kova<\/li>\n<li>Raf \u00d6mr\u00fc: 12 ay<\/li>\n<\/ul>\n<p>\u00dcr\u00fcn Standard\u0131: EN 13963 standard\u0131na g\u00f6re \u00fcretilmekte ve CE etiketi ta\u015f\u0131maktad\u0131r.<\/p>","protected":false},"featured_media":590,"comment_status":"open","ping_status":"closed","template":"","meta":[],"product_cat":[32],"product_tag":[44,36,47,46,53,43,34,49,55,35,37,39,45,38],"class_list":["post-613","product","type-product","status-publish","has-post-thumbnail","hentry","product_cat-macunlar-astarlar-toz-alci","product_tag-alci","product_tag-astarlar","product_tag-atasehir-knauf","product_tag-atasehir-yapi","product_tag-derz-dolgusu","product_tag-kackar-yapi","product_tag-knauf","product_tag-knauf-fill","product_tag-knauf-super-finish","product_tag-macunlar","product_tag-toz-alci","product_tag-yapi","product_tag-yapi-onarim","product_tag-yapi-sistemleri"],"_links":{"self":[{"href":"https:\/\/kackaryapi.com.tr\/en\/wp-json\/wp\/v2\/product\/613","targetHints":{"allow":["GET"]}}],"collection":[{"href":"https:\/\/kackaryapi.com.tr\/en\/wp-json\/wp\/v2\/product"}],"about":[{"href":"https:\/\/kackaryapi.com.tr\/en\/wp-json\/wp\/v2\/types\/product"}],"replies":[{"embeddable":true,"href":"https:\/\/kackaryapi.com.tr\/en\/wp-json\/wp\/v2\/comments?post=613"}],"wp:featuredmedia":[{"embeddable":true,"href":"https:\/\/kackaryapi.com.tr\/en\/wp-json\/wp\/v2\/media\/590"}],"wp:attachment":[{"href":"https:\/\/kackaryapi.com.tr\/en\/wp-json\/wp\/v2\/media?parent=613"}],"wp:term":[{"taxonomy":"product_cat","embeddable":true,"href":"https:\/\/kackaryapi.com.tr\/en\/wp-json\/wp\/v2\/product_cat?post=613"},{"taxonomy":"product_tag","embeddable":true,"href":"https:\/\/kackaryapi.com.tr\/en\/wp-json\/wp\/v2\/product_tag?post=613"}],"curies":[{"name":"wp","href":"https:\/\/api.w.org\/{rel}","templated":true}]}}