{"id":612,"date":"2022-12-18T01:53:03","date_gmt":"2022-12-17T22:53:03","guid":{"rendered":"https:\/\/kackaryapi.com.tr\/?post_type=product&#038;p=612"},"modified":"2022-12-18T01:54:04","modified_gmt":"2022-12-17T22:54:04","slug":"tiefengrund","status":"publish","type":"product","link":"https:\/\/kackaryapi.com.tr\/en\/product\/tiefengrund\/","title":{"rendered":"Tiefengrund"},"content":{"rendered":"","protected":false},"excerpt":{"rendered":"<p><strong>Knauf Tiefengrund kullan\u0131ma haz\u0131r, sentetik re\u00e7ine esasl\u0131, solventsiz ve alkali dayan\u0131ml\u0131 astard\u0131r.<\/strong><\/p>\n<p><strong>\u00d6zellikler:<\/strong><\/p>\n<p><strong>Kullan\u0131m Alanlar\u0131:<\/strong><\/p>\n<ul>\n<li>\u0130\u00e7 ve d\u0131\u015f cephe uygulamalar\u0131nda emici y\u00fczeyler \u00fczerine; \u00f6rne\u011fin;<\/li>\n<li>Al\u00e7\u0131 ve \u00e7imento bazl\u0131 s\u0131valar<\/li>\n<li>Al\u00e7\u0131pan ve fiber al\u00e7\u0131 plakalar<\/li>\n<li>Kuru yer \u015faplar\u0131 \u00e7imento bazl\u0131 (Aquapanel zemin plakas\u0131 vb.) ya da al\u00e7\u0131 bazl\u0131 (Brio vb.)<\/li>\n<li>Seramik, duvar ka\u011f\u0131d\u0131, boya gibi uygulamalar \u00f6ncesinde y\u00fczey emicili\u011fini d\u00fczenlemek ve tozumay\u0131 engellemek amac\u0131yla uygulan\u0131r.<\/li>\n<\/ul>\n<p><strong>Ebatlar ve Genel \u00d6zellikler:<\/strong><\/p>\n<ul>\n<li>A\u011f\u0131rl\u0131k: 15 kg (yakl. 15 l)<\/li>\n<li>Paketleme: 1 adet \/ kova<\/li>\n<li>Raf \u00d6mr\u00fc: 18 ay<\/li>\n<\/ul>","protected":false},"featured_media":589,"comment_status":"open","ping_status":"closed","template":"","meta":[],"product_cat":[32],"product_tag":[44,36,47,46,53,43,34,49,35,54,37,39,45,38],"class_list":["post-612","product","type-product","status-publish","has-post-thumbnail","hentry","product_cat-macunlar-astarlar-toz-alci","product_tag-alci","product_tag-astarlar","product_tag-atasehir-knauf","product_tag-atasehir-yapi","product_tag-derz-dolgusu","product_tag-kackar-yapi","product_tag-knauf","product_tag-knauf-fill","product_tag-macunlar","product_tag-tiefengrund","product_tag-toz-alci","product_tag-yapi","product_tag-yapi-onarim","product_tag-yapi-sistemleri"],"_links":{"self":[{"href":"https:\/\/kackaryapi.com.tr\/en\/wp-json\/wp\/v2\/product\/612","targetHints":{"allow":["GET"]}}],"collection":[{"href":"https:\/\/kackaryapi.com.tr\/en\/wp-json\/wp\/v2\/product"}],"about":[{"href":"https:\/\/kackaryapi.com.tr\/en\/wp-json\/wp\/v2\/types\/product"}],"replies":[{"embeddable":true,"href":"https:\/\/kackaryapi.com.tr\/en\/wp-json\/wp\/v2\/comments?post=612"}],"wp:featuredmedia":[{"embeddable":true,"href":"https:\/\/kackaryapi.com.tr\/en\/wp-json\/wp\/v2\/media\/589"}],"wp:attachment":[{"href":"https:\/\/kackaryapi.com.tr\/en\/wp-json\/wp\/v2\/media?parent=612"}],"wp:term":[{"taxonomy":"product_cat","embeddable":true,"href":"https:\/\/kackaryapi.com.tr\/en\/wp-json\/wp\/v2\/product_cat?post=612"},{"taxonomy":"product_tag","embeddable":true,"href":"https:\/\/kackaryapi.com.tr\/en\/wp-json\/wp\/v2\/product_tag?post=612"}],"curies":[{"name":"wp","href":"https:\/\/api.w.org\/{rel}","templated":true}]}}