{"id":611,"date":"2022-12-18T01:51:28","date_gmt":"2022-12-17T22:51:28","guid":{"rendered":"https:\/\/kackaryapi.com.tr\/?post_type=product&#038;p=611"},"modified":"2022-12-18T01:52:18","modified_gmt":"2022-12-17T22:52:18","slug":"safeboard-derz-dolgusu","status":"publish","type":"product","link":"https:\/\/kackaryapi.com.tr\/en\/product\/safeboard-derz-dolgusu\/","title":{"rendered":"Safeboard\u00ae Derz Dolgusu"},"content":{"rendered":"","protected":false},"excerpt":{"rendered":"<p><strong>Safeboard Al\u00e7\u0131pan\u00ae \u00e7e\u015fitlerinin birle\u015fim yerlerinde kullan\u0131lan derz dolgusudur.<\/strong><\/p>\n<p><strong>\u00d6zellikler:<\/strong><\/p>\n<ul>\n<li>X-ray \u0131\u015f\u0131nlar\u0131n\u0131 tutma \u00f6zelli\u011fi<\/li>\n<li>Esneklik<\/li>\n<li>Y\u00fcksek aderans<\/li>\n<\/ul>\n<p><strong>Kullan\u0131m Alanlar\u0131:<\/strong><\/p>\n<ul>\n<li>Safeboard plakalar\u0131n\u0131n derz dolgu i\u015fleminde kullan\u0131l\u0131r.<\/li>\n<li>B\u00f6lme duvar<\/li>\n<li>Asma tavan<\/li>\n<li>Duvar giydirme<\/li>\n<\/ul>\n<p><strong>Ebatlar ve Genel \u00d6zellikler:<\/strong><\/p>\n<ul>\n<li>A\u011f\u0131rl\u0131k: 5 kg<\/li>\n<li>Paketleme: 1 adet \/ kova<\/li>\n<li>Raf \u00d6mr\u00fc: 9 ay<\/li>\n<\/ul>\n<p>\u00dcr\u00fcn Standard\u0131: DIN EN 13963-Tip 4B<\/p>","protected":false},"featured_media":588,"comment_status":"open","ping_status":"closed","template":"","meta":[],"product_cat":[32],"product_tag":[44,36,47,46,53,43,34,49,35,52,51,37,39,45,38],"class_list":["post-611","product","type-product","status-publish","has-post-thumbnail","hentry","product_cat-macunlar-astarlar-toz-alci","product_tag-alci","product_tag-astarlar","product_tag-atasehir-knauf","product_tag-atasehir-yapi","product_tag-derz-dolgusu","product_tag-kackar-yapi","product_tag-knauf","product_tag-knauf-fill","product_tag-macunlar","product_tag-safeboard","product_tag-safeboard-derz-dolgusu","product_tag-toz-alci","product_tag-yapi","product_tag-yapi-onarim","product_tag-yapi-sistemleri"],"_links":{"self":[{"href":"https:\/\/kackaryapi.com.tr\/en\/wp-json\/wp\/v2\/product\/611","targetHints":{"allow":["GET"]}}],"collection":[{"href":"https:\/\/kackaryapi.com.tr\/en\/wp-json\/wp\/v2\/product"}],"about":[{"href":"https:\/\/kackaryapi.com.tr\/en\/wp-json\/wp\/v2\/types\/product"}],"replies":[{"embeddable":true,"href":"https:\/\/kackaryapi.com.tr\/en\/wp-json\/wp\/v2\/comments?post=611"}],"wp:featuredmedia":[{"embeddable":true,"href":"https:\/\/kackaryapi.com.tr\/en\/wp-json\/wp\/v2\/media\/588"}],"wp:attachment":[{"href":"https:\/\/kackaryapi.com.tr\/en\/wp-json\/wp\/v2\/media?parent=611"}],"wp:term":[{"taxonomy":"product_cat","embeddable":true,"href":"https:\/\/kackaryapi.com.tr\/en\/wp-json\/wp\/v2\/product_cat?post=611"},{"taxonomy":"product_tag","embeddable":true,"href":"https:\/\/kackaryapi.com.tr\/en\/wp-json\/wp\/v2\/product_tag?post=611"}],"curies":[{"name":"wp","href":"https:\/\/api.w.org\/{rel}","templated":true}]}}