{"id":610,"date":"2022-12-18T01:50:07","date_gmt":"2022-12-17T22:50:07","guid":{"rendered":"https:\/\/kackaryapi.com.tr\/?post_type=product&#038;p=610"},"modified":"2024-07-03T01:56:05","modified_gmt":"2024-07-02T22:56:05","slug":"knauf-fill-finish-light","status":"publish","type":"product","link":"https:\/\/kackaryapi.com.tr\/en\/product\/knauf-fill-finish-light\/","title":{"rendered":"Knauf Fill &#038; Finish Light"},"content":{"rendered":"","protected":false},"excerpt":{"rendered":"<p><strong>Knauf Fill &amp; Finish Light, kalsiyum karbonat gibi dolgu malzemeleri, katk\u0131 ve ba\u011flay\u0131c\u0131 maddeler i\u00e7ermektedir. Hafif bile\u015fim form\u00fcl\u00fc,uygulama s\u0131ras\u0131nda \u00e7ok \u00f6nemli bir kaplama alan\u0131 avantaj\u0131 sunar (yakla\u015f\u0131k % 35). EN 13963 standard\u0131na g\u00f6re perdah ve derz dolgusu A tipindedir.<\/strong><\/p>\n<p><strong>\u00d6zellikler:<\/strong><\/p>\n<ul>\n<li>Kullan\u0131ma haz\u0131r<\/li>\n<li>Kar\u0131\u015ft\u0131rma ve bekleme s\u00fcresi yok<\/li>\n<li>Esnek k\u0131vam<\/li>\n<li>Kolay uygulama<\/li>\n<li>Y\u00fcksek verim<\/li>\n<li>Kolay z\u0131mparalama<\/li>\n<li>Y\u00fcksek tutunma g\u00fcc\u00fc(aderans)<\/li>\n<li>Airless makine ile p\u00fcsk\u00fcrtme<\/li>\n<\/ul>\n<p><strong>Kullan\u0131m Alanlar\u0131:<\/strong><\/p>\n<ul>\n<li>Knauf Fill &amp; Finish Light, i\u00e7 cephe uygulamalar i\u00e7in haz\u0131r kar\u0131\u015f\u0131ml\u0131, kullan\u0131ma haz\u0131r dolgu malzemesidir.<\/li>\n<li>Al\u00e7\u0131pan\u00ae derzlerinin K1 ve K2 y\u00fczey kalitesi seviyesinde doldurulmas\u0131 ve d\u00fczle\u015ftirilmesi (derz band\u0131, tercihen Knauf Kurt Ka\u011f\u0131t Derz Band\u0131 ile birlikte)<\/li>\n<li>Al\u00e7\u0131 ya da \u00e7imento bazl\u0131 s\u0131va \u00fczerine boya, duvar ka\u011f\u0131d\u0131 uygulamalar\u0131 \u00f6ncesi d\u00fczle\u015ftirme dolgusu olarak<\/li>\n<li>Al\u00e7\u0131pan y\u00fczeyler i\u00e7in perdah s\u0131vas\u0131 (y\u00fczey kalite s\u0131n\u0131f\u0131 K3-K4)<\/li>\n<\/ul>\n<p><strong>Ebatlar ve Genel \u00d6zellikler:<\/strong><\/p>\n<ul>\n<li>A\u011f\u0131rl\u0131k: 20 kg (yakl. 18 l)<\/li>\n<li>Paketleme: 1 adet \/ kova<\/li>\n<li>Raf \u00d6mr\u00fc: 12 ay<\/li>\n<\/ul>\n<p>\u00dcr\u00fcn Standard\u0131: EN 13963 standard\u0131na g\u00f6re \u00fcretilmekte ve CE etiketi ta\u015f\u0131maktad\u0131r.<\/p>","protected":false},"featured_media":587,"comment_status":"open","ping_status":"closed","template":"","meta":[],"product_cat":[32],"product_tag":[44,36,47,46,50,43,34,49,48,35,37,39,45,38],"class_list":["post-610","product","type-product","status-publish","has-post-thumbnail","hentry","product_cat-macunlar-astarlar-toz-alci","product_tag-alci","product_tag-astarlar","product_tag-atasehir-knauf","product_tag-atasehir-yapi","product_tag-finish-light","product_tag-kackar-yapi","product_tag-knauf","product_tag-knauf-fill","product_tag-knauf-fill-finish-light","product_tag-macunlar","product_tag-toz-alci","product_tag-yapi","product_tag-yapi-onarim","product_tag-yapi-sistemleri"],"_links":{"self":[{"href":"https:\/\/kackaryapi.com.tr\/en\/wp-json\/wp\/v2\/product\/610","targetHints":{"allow":["GET"]}}],"collection":[{"href":"https:\/\/kackaryapi.com.tr\/en\/wp-json\/wp\/v2\/product"}],"about":[{"href":"https:\/\/kackaryapi.com.tr\/en\/wp-json\/wp\/v2\/types\/product"}],"replies":[{"embeddable":true,"href":"https:\/\/kackaryapi.com.tr\/en\/wp-json\/wp\/v2\/comments?post=610"}],"wp:featuredmedia":[{"embeddable":true,"href":"https:\/\/kackaryapi.com.tr\/en\/wp-json\/wp\/v2\/media\/587"}],"wp:attachment":[{"href":"https:\/\/kackaryapi.com.tr\/en\/wp-json\/wp\/v2\/media?parent=610"}],"wp:term":[{"taxonomy":"product_cat","embeddable":true,"href":"https:\/\/kackaryapi.com.tr\/en\/wp-json\/wp\/v2\/product_cat?post=610"},{"taxonomy":"product_tag","embeddable":true,"href":"https:\/\/kackaryapi.com.tr\/en\/wp-json\/wp\/v2\/product_tag?post=610"}],"curies":[{"name":"wp","href":"https:\/\/api.w.org\/{rel}","templated":true}]}}