{"id":609,"date":"2022-12-18T01:48:22","date_gmt":"2022-12-17T22:48:22","guid":{"rendered":"https:\/\/kackaryapi.com.tr\/?post_type=product&#038;p=609"},"modified":"2022-12-18T01:49:55","modified_gmt":"2022-12-17T22:49:55","slug":"akustik-macun","status":"publish","type":"product","link":"https:\/\/kackaryapi.com.tr\/en\/product\/akustik-macun\/","title":{"rendered":"Akustik Macun"},"content":{"rendered":"","protected":false},"excerpt":{"rendered":"<p><strong>Al\u00e7\u0131pan\u00ae sistemlerinin binan\u0131n di\u011fer yap\u0131 elemanlar\u0131 ile birle\u015fimlerinde s\u0131zd\u0131rmazl\u0131k ve ses yal\u0131t\u0131m\u0131n\u0131 sa\u011flamak amac\u0131yla profil arkas\u0131na uygulanan Elasto-plastik \u00f6zellik g\u00f6steren dispersiyon halindeki ba\u011flay\u0131c\u0131 maddeler i\u00e7eren ve bu \u00f6zelli\u011fi sayesinde i\u00e7indeki suyun buharla\u015fmas\u0131ndan sonra sertle\u015fen macundur.<\/strong><\/p>\n<p><strong>\u00d6zellikler:<\/strong><\/p>\n<ul>\n<li>Kullan\u0131ma haz\u0131r macun<\/li>\n<li>Kal\u0131c\u0131 elastikiyet<\/li>\n<li>Y\u00fcksek yap\u0131\u015fma g\u00fcc\u00fc<\/li>\n<li>Boyanabilme<\/li>\n<li>Suyla inceltilebilme<\/li>\n<li>Yakl. 10 g\u00fcn i\u00e7inde kat\u0131la\u015fma\/donma<\/li>\n<li>RAL UZ 123 gerekliliklerine sahip<\/li>\n<\/ul>\n<p><strong>Kullan\u0131m Alanlar\u0131:<\/strong><\/p>\n<ul>\n<li>Kuru yap\u0131 sistemlerinde \u00e7er\u00e7eveyi olu\u015fturan profillerin yap\u0131ya temas eden arka y\u00fczlerinde, seslerin iletilmesinin ve \u0131s\u0131 k\u00f6pr\u00fclerinin engellenmesi i\u00e7in kullan\u0131l\u0131r. Yaln\u0131zca i\u00e7 cephe sistemlerinde kullan\u0131ma uygundur.<\/li>\n<li>Asma tavan sistemleri<\/li>\n<li>B\u00f6lme duvar sistemleri<\/li>\n<li>Duvar giydirme sistemleri<\/li>\n<\/ul>\n<p><strong>Ebatlar ve Genel \u00d6zellikler:<\/strong><\/p>\n<ul>\n<li>A\u011f\u0131rl\u0131k: 550 ml adet \/ t\u00fcp<\/li>\n<li>Paketleme: 1 adet \/ t\u00fcp<\/li>\n<li>Raf \u00d6mr\u00fc: 18ay<\/li>\n<\/ul>","protected":false},"featured_media":585,"comment_status":"open","ping_status":"closed","template":"","meta":[],"product_cat":[32],"product_tag":[42,44,36,47,46,43,34,35,37,39,45,38],"class_list":["post-609","product","type-product","status-publish","has-post-thumbnail","hentry","product_cat-macunlar-astarlar-toz-alci","product_tag-akustik-macun","product_tag-alci","product_tag-astarlar","product_tag-atasehir-knauf","product_tag-atasehir-yapi","product_tag-kackar-yapi","product_tag-knauf","product_tag-macunlar","product_tag-toz-alci","product_tag-yapi","product_tag-yapi-onarim","product_tag-yapi-sistemleri"],"_links":{"self":[{"href":"https:\/\/kackaryapi.com.tr\/en\/wp-json\/wp\/v2\/product\/609","targetHints":{"allow":["GET"]}}],"collection":[{"href":"https:\/\/kackaryapi.com.tr\/en\/wp-json\/wp\/v2\/product"}],"about":[{"href":"https:\/\/kackaryapi.com.tr\/en\/wp-json\/wp\/v2\/types\/product"}],"replies":[{"embeddable":true,"href":"https:\/\/kackaryapi.com.tr\/en\/wp-json\/wp\/v2\/comments?post=609"}],"wp:featuredmedia":[{"embeddable":true,"href":"https:\/\/kackaryapi.com.tr\/en\/wp-json\/wp\/v2\/media\/585"}],"wp:attachment":[{"href":"https:\/\/kackaryapi.com.tr\/en\/wp-json\/wp\/v2\/media?parent=609"}],"wp:term":[{"taxonomy":"product_cat","embeddable":true,"href":"https:\/\/kackaryapi.com.tr\/en\/wp-json\/wp\/v2\/product_cat?post=609"},{"taxonomy":"product_tag","embeddable":true,"href":"https:\/\/kackaryapi.com.tr\/en\/wp-json\/wp\/v2\/product_tag?post=609"}],"curies":[{"name":"wp","href":"https:\/\/api.w.org\/{rel}","templated":true}]}}