{"id":608,"date":"2022-12-18T01:45:13","date_gmt":"2022-12-17T22:45:13","guid":{"rendered":"https:\/\/kackaryapi.com.tr\/?post_type=product&#038;p=608"},"modified":"2022-12-18T01:47:37","modified_gmt":"2022-12-17T22:47:37","slug":"izogips-fine-2","status":"publish","type":"product","link":"https:\/\/kackaryapi.com.tr\/en\/product\/izogips-fine-2\/","title":{"rendered":"\u0130zogips\u00ae Fine"},"content":{"rendered":"","protected":false},"excerpt":{"rendered":"<p>\u0130zogips\u00ae Fine; i\u00e7 mekanlarda kaba s\u0131va \u00fczerine d\u00fczg\u00fcn y\u00fczey elde etmek i\u00e7in el ile uygulanan s\u0131va al\u00e7\u0131s\u0131d\u0131r.<\/p>\n<p><strong>\u00d6zellikler:<\/strong><\/p>\n<ul>\n<li>Nefes alma \u00f6zelli\u011fi<\/li>\n<li>A1 s\u0131n\u0131f\u0131 alev almaz yap\u0131 malzemesi<\/li>\n<li>Kolay uygulama<\/li>\n<li>Y\u00fcksek aderans<\/li>\n<li>Uzat\u0131lm\u0131\u015f \u00e7al\u0131\u015fma s\u00fcresi<\/li>\n<\/ul>\n<p><strong>Kullan\u0131m Alanlar\u0131:<\/strong><\/p>\n<p>\u0130\u00e7 mekanlarda kaba al\u00e7\u0131 yap\u0131lm\u0131\u015f p\u00fcr\u00fczl\u00fc y\u00fczeylerde uygulan\u0131r.<\/p>\n<p><strong>Genel \u00d6zellikler:<\/strong><\/p>\n<ul>\n<li>A\u011f\u0131rl\u0131k: 35 kg &#8211; 25 kg<\/li>\n<li>Paketleme: 45 Torba\/Palet (35 kg) &#8211; 60 Torba\/Palet (25 Kg)<\/li>\n<li>Raf \u00d6mr\u00fc: 6 ay<\/li>\n<\/ul>\n<p><strong>\u00dcr\u00fcn Standard\u0131:<\/strong>\u00a0TS EN 13279-1 : Bina i\u00e7in hafif s\u0131va al\u00e7\u0131s\u0131 B4\/20\/2<\/p>","protected":false},"featured_media":586,"comment_status":"open","ping_status":"closed","template":"","meta":[],"product_cat":[32],"product_tag":[36,33,34,35,37,39,38],"class_list":["post-608","product","type-product","status-publish","has-post-thumbnail","hentry","product_cat-macunlar-astarlar-toz-alci","product_tag-astarlar","product_tag-izogips-fine","product_tag-knauf","product_tag-macunlar","product_tag-toz-alci","product_tag-yapi","product_tag-yapi-sistemleri"],"_links":{"self":[{"href":"https:\/\/kackaryapi.com.tr\/en\/wp-json\/wp\/v2\/product\/608","targetHints":{"allow":["GET"]}}],"collection":[{"href":"https:\/\/kackaryapi.com.tr\/en\/wp-json\/wp\/v2\/product"}],"about":[{"href":"https:\/\/kackaryapi.com.tr\/en\/wp-json\/wp\/v2\/types\/product"}],"replies":[{"embeddable":true,"href":"https:\/\/kackaryapi.com.tr\/en\/wp-json\/wp\/v2\/comments?post=608"}],"wp:featuredmedia":[{"embeddable":true,"href":"https:\/\/kackaryapi.com.tr\/en\/wp-json\/wp\/v2\/media\/586"}],"wp:attachment":[{"href":"https:\/\/kackaryapi.com.tr\/en\/wp-json\/wp\/v2\/media?parent=608"}],"wp:term":[{"taxonomy":"product_cat","embeddable":true,"href":"https:\/\/kackaryapi.com.tr\/en\/wp-json\/wp\/v2\/product_cat?post=608"},{"taxonomy":"product_tag","embeddable":true,"href":"https:\/\/kackaryapi.com.tr\/en\/wp-json\/wp\/v2\/product_tag?post=608"}],"curies":[{"name":"wp","href":"https:\/\/api.w.org\/{rel}","templated":true}]}}