{"id":605,"date":"2022-12-18T01:35:56","date_gmt":"2022-12-17T22:35:56","guid":{"rendered":"https:\/\/kackaryapi.com.tr\/?post_type=product&#038;p=605"},"modified":"2022-12-18T01:46:32","modified_gmt":"2022-12-17T22:46:32","slug":"izogips-fine","status":"publish","type":"product","link":"https:\/\/kackaryapi.com.tr\/en\/product\/izogips-fine\/","title":{"rendered":"Jetgips\u00ae Fire"},"content":{"rendered":"","protected":false},"excerpt":{"rendered":"<p><strong>Jetgips\u00ae Fire, i\u00e7 mekanda kullan\u0131lan, yang\u0131na dayan\u0131kl\u0131 al\u00e7\u0131 s\u0131vad\u0131r. \u0130\u00e7eri\u011findeki al\u00e7\u0131 ile birlikte hafif bile\u015fenler ve katk\u0131 maddelerinden olu\u015fan \u00f6zel kar\u0131\u015f\u0131m, \u00fcr\u00fcn\u00fcn makine ile sorunsuz bi\u00e7imde uygulanmas\u0131n\u0131 sa\u011flamaktad\u0131r.<\/strong><\/p>\n<p><strong>\u00d6zellikler:<\/strong><\/p>\n<ul>\n<li>Yang\u0131n dayan\u0131m\u0131\n<ul>\n<li>REI 240 Beton tavan ve duvarlar i\u00e7in<\/li>\n<li>R 180 Beton kiri\u015f ve kolonlar i\u00e7in<\/li>\n<li>R 120 \u00c7elik kiri\u015f ve kolonlar i\u00e7in<\/li>\n<li>REI 120 Kompozit d\u00f6\u015feme (Beton alt\u0131 trapez sac) i\u00e7in<\/li>\n<\/ul>\n<p>&nbsp;<\/li>\n<li>Makine ile kolay uygulama<\/li>\n<li>Kolay i\u015flenebilirlik ve y\u00fcksek verimlilik<\/li>\n<li>Al\u00e7\u0131 bazl\u0131<\/li>\n<li>\u0130\u00e7 cephede kullan\u0131m<\/li>\n<li>Beyaz renk<\/li>\n<li>G\u0131da \u00fcretimi yap\u0131lan alanlarda kullan\u0131labilir<\/li>\n<\/ul>\n<p><strong>Uygulama Alan\u0131:<\/strong><\/p>\n<ul>\n<li>Beton tavan ve duvarlar<\/li>\n<li>Beton kiri\u015f ve kolonlar<\/li>\n<li>\u00c7elik kiri\u015f ve kolonlar<\/li>\n<li>Kompozit d\u00f6\u015feme (beton alt\u0131 trapez sac)<\/li>\n<\/ul>\n<p><strong>Ebatlar ve Genel \u00d6zellikler:<\/strong><\/p>\n<ul>\n<li>A\u011f\u0131rl\u0131k: 20 kg \/ Paketleme: 50 torba \/ palet<\/li>\n<\/ul>\n<p><strong>\u00dcr\u00fcn Standard\u0131:<\/strong>\u00a0Jetgips\u00ae Fire, European Technical Assessment ETA &#8211; 11\/0229\u2019e g\u00f6re onaylanm\u0131\u015ft\u0131r.<\/p>","protected":false},"featured_media":584,"comment_status":"open","ping_status":"closed","template":"","meta":[],"product_cat":[32],"product_tag":[36,41,34,35,37,39,38],"class_list":["post-605","product","type-product","status-publish","has-post-thumbnail","hentry","product_cat-macunlar-astarlar-toz-alci","product_tag-astarlar","product_tag-jetgips-fire","product_tag-knauf","product_tag-macunlar","product_tag-toz-alci","product_tag-yapi","product_tag-yapi-sistemleri"],"_links":{"self":[{"href":"https:\/\/kackaryapi.com.tr\/en\/wp-json\/wp\/v2\/product\/605","targetHints":{"allow":["GET"]}}],"collection":[{"href":"https:\/\/kackaryapi.com.tr\/en\/wp-json\/wp\/v2\/product"}],"about":[{"href":"https:\/\/kackaryapi.com.tr\/en\/wp-json\/wp\/v2\/types\/product"}],"replies":[{"embeddable":true,"href":"https:\/\/kackaryapi.com.tr\/en\/wp-json\/wp\/v2\/comments?post=605"}],"wp:featuredmedia":[{"embeddable":true,"href":"https:\/\/kackaryapi.com.tr\/en\/wp-json\/wp\/v2\/media\/584"}],"wp:attachment":[{"href":"https:\/\/kackaryapi.com.tr\/en\/wp-json\/wp\/v2\/media?parent=605"}],"wp:term":[{"taxonomy":"product_cat","embeddable":true,"href":"https:\/\/kackaryapi.com.tr\/en\/wp-json\/wp\/v2\/product_cat?post=605"},{"taxonomy":"product_tag","embeddable":true,"href":"https:\/\/kackaryapi.com.tr\/en\/wp-json\/wp\/v2\/product_tag?post=605"}],"curies":[{"name":"wp","href":"https:\/\/api.w.org\/{rel}","templated":true}]}}