{"id":1024,"date":"2022-12-27T14:29:05","date_gmt":"2022-12-27T11:29:05","guid":{"rendered":"https:\/\/kackaryapi.com.tr\/?post_type=product&#038;p=1024"},"modified":"2025-05-26T12:50:15","modified_gmt":"2025-05-26T09:50:15","slug":"baumit-uniprimer","status":"publish","type":"product","link":"https:\/\/kackaryapi.com.tr\/en\/product\/baumit-uniprimer\/","title":{"rendered":"Baumit UniPrimer"},"content":{"rendered":"","protected":false},"excerpt":{"rendered":"<p class=\"bodytext body-text-overwrite-for-mobil\">Kaplama \u00d6ncesi Astar<\/p>\n<p class=\"introtext\">Solvent i\u00e7ermeyen, organik ba\u011flay\u0131c\u0131l\u0131 kullan\u0131ma haz\u0131r astar. Aderans\u0131 art\u0131r\u0131r, y\u00fczey emicili\u011fini dengeleyerek son kat kaplama uygulamas\u0131nda kolayl\u0131k, dengeli bir kuruma ve renkli son kat kaplamalarda homojen bir renk elde edilmesini sa\u011flar. Kaplama malzemesinin suyunu alt s\u0131va katman\u0131na vererek kaybetmemesi ve suyu i\u00e7erisinde kalarak do\u011fal \u015fekilde prizlenmesi (ani\/h\u0131zl\u0131 kuruman\u0131n \u00f6nlenmesi), yap\u0131lacak kaplama malzemesinin \u00f6mr\u00fcn\u00fc uzatacakt\u0131r.<\/p>\n<ul class=\"highlights highlights-with-h2\">\n<li>Solvent i\u00e7ermez<\/li>\n<li>Emilimi d\u00fczenler<\/li>\n<li>G\u00fcvenilir performans<\/li>\n<\/ul>","protected":false},"featured_media":1025,"comment_status":"open","ping_status":"closed","template":"","meta":[],"product_cat":[217,225],"product_tag":[44,36,46,219,226,221,201,43,35,202,39,45,38,72],"class_list":["post-1024","product","type-product","status-publish","has-post-thumbnail","hentry","product_cat-baumit","product_cat-baumit-son-kat","product_tag-alci","product_tag-astarlar","product_tag-atasehir-yapi","product_tag-baumit","product_tag-baumit-classico-special","product_tag-baumit-nivello-quattro","product_tag-hazir-siva","product_tag-kackar-yapi","product_tag-macunlar","product_tag-mantolama","product_tag-yapi","product_tag-yapi-onarim","product_tag-yapi-sistemleri","product_tag-zemin-sistemleri"],"_links":{"self":[{"href":"https:\/\/kackaryapi.com.tr\/en\/wp-json\/wp\/v2\/product\/1024","targetHints":{"allow":["GET"]}}],"collection":[{"href":"https:\/\/kackaryapi.com.tr\/en\/wp-json\/wp\/v2\/product"}],"about":[{"href":"https:\/\/kackaryapi.com.tr\/en\/wp-json\/wp\/v2\/types\/product"}],"replies":[{"embeddable":true,"href":"https:\/\/kackaryapi.com.tr\/en\/wp-json\/wp\/v2\/comments?post=1024"}],"wp:featuredmedia":[{"embeddable":true,"href":"https:\/\/kackaryapi.com.tr\/en\/wp-json\/wp\/v2\/media\/1025"}],"wp:attachment":[{"href":"https:\/\/kackaryapi.com.tr\/en\/wp-json\/wp\/v2\/media?parent=1024"}],"wp:term":[{"taxonomy":"product_cat","embeddable":true,"href":"https:\/\/kackaryapi.com.tr\/en\/wp-json\/wp\/v2\/product_cat?post=1024"},{"taxonomy":"product_tag","embeddable":true,"href":"https:\/\/kackaryapi.com.tr\/en\/wp-json\/wp\/v2\/product_tag?post=1024"}],"curies":[{"name":"wp","href":"https:\/\/api.w.org\/{rel}","templated":true}]}}