{"id":1016,"date":"2022-12-27T14:17:44","date_gmt":"2022-12-27T11:17:44","guid":{"rendered":"https:\/\/kackaryapi.com.tr\/?post_type=product&#038;p=1016"},"modified":"2025-05-24T19:26:29","modified_gmt":"2025-05-24T16:26:29","slug":"baumit-puratop","status":"publish","type":"product","link":"https:\/\/kackaryapi.com.tr\/en\/product\/baumit-puratop\/","title":{"rendered":"Baumit PuraTop"},"content":{"rendered":"","protected":false},"excerpt":{"rendered":"<p class=\"bodytext body-text-overwrite-for-mobil\">Haz\u0131r Dekoratif Kaplama<\/p>\n<p class=\"introtext\">Organik esasl\u0131, polimer katk\u0131l\u0131, iste\u011fe g\u00f6re ince veya kal\u0131n dokulu, y\u00fcksek elastikiyette, mala ile uygulanan, \u00f6zellikle yo\u011fun renklerin g\u00fcvenle d\u0131\u015f cephede kullan\u0131labilmesine imkan veren, kullan\u0131ma haz\u0131r ve renklendirilebilen son kat kaplamad\u0131r. \u0130yi derecede su buhar\u0131 ge\u00e7irgenli\u011fi ve su iticili\u011fi \u00f6zelliklerine sahiptir. Y\u00fcksek miktarda pigment i\u00e7eren yo\u011fun renkler, PuraTop ile \u201ccool pigment\u201d teknolojisi kullan\u0131larak yarat\u0131lmaktad\u0131r. Bu teknoloji, g\u00fcne\u015f \u0131\u015f\u0131\u011f\u0131n\u0131n b\u00fcy\u00fck k\u0131sm\u0131n\u0131 yans\u0131tarak y\u00fczey s\u0131cakl\u0131\u011f\u0131n\u0131n d\u00fc\u015fmesini sa\u011flar. Standart pigment ve bazlarla haz\u0131rlanan yo\u011fun renkler, g\u00fcne\u015fe maruz kald\u0131klar\u0131nda yo\u011fun bir \u015fekilde \u0131s\u0131n\u0131r ve bu nedenle \u0131s\u0131 yal\u0131t\u0131m sistemine zarar verebilirler. Buna kar\u015f\u0131n, Baumit\u2019in \u201ccool pigment\u201d i\u00e7eren \u00fcr\u00fcnlerinin uyguland\u0131\u011f\u0131 y\u00fczeyler serin kalarak \u0131s\u0131 yal\u0131t\u0131m sistemini koruma alt\u0131na al\u0131rlar.<\/p>\n<ul class=\"highlights highlights-with-h2\">\n<li>D\u0131\u015f cephelerde, yo\u011fun renklerin g\u00fcvenle kullan\u0131m\u0131<\/li>\n<li>Canl\u0131 renkler ile farkl\u0131la\u015fan cepheler<\/li>\n<li>Uzun \u00d6m\u00fcrl\u00fc<\/li>\n<\/ul>","protected":false},"featured_media":1017,"comment_status":"open","ping_status":"closed","template":"","meta":[],"product_cat":[217,225],"product_tag":[44,36,46,219,226,221,201,43,35,202,39,45,38,72],"class_list":["post-1016","product","type-product","status-publish","has-post-thumbnail","hentry","product_cat-baumit","product_cat-baumit-son-kat","product_tag-alci","product_tag-astarlar","product_tag-atasehir-yapi","product_tag-baumit","product_tag-baumit-classico-special","product_tag-baumit-nivello-quattro","product_tag-hazir-siva","product_tag-kackar-yapi","product_tag-macunlar","product_tag-mantolama","product_tag-yapi","product_tag-yapi-onarim","product_tag-yapi-sistemleri","product_tag-zemin-sistemleri"],"_links":{"self":[{"href":"https:\/\/kackaryapi.com.tr\/en\/wp-json\/wp\/v2\/product\/1016","targetHints":{"allow":["GET"]}}],"collection":[{"href":"https:\/\/kackaryapi.com.tr\/en\/wp-json\/wp\/v2\/product"}],"about":[{"href":"https:\/\/kackaryapi.com.tr\/en\/wp-json\/wp\/v2\/types\/product"}],"replies":[{"embeddable":true,"href":"https:\/\/kackaryapi.com.tr\/en\/wp-json\/wp\/v2\/comments?post=1016"}],"wp:featuredmedia":[{"embeddable":true,"href":"https:\/\/kackaryapi.com.tr\/en\/wp-json\/wp\/v2\/media\/1017"}],"wp:attachment":[{"href":"https:\/\/kackaryapi.com.tr\/en\/wp-json\/wp\/v2\/media?parent=1016"}],"wp:term":[{"taxonomy":"product_cat","embeddable":true,"href":"https:\/\/kackaryapi.com.tr\/en\/wp-json\/wp\/v2\/product_cat?post=1016"},{"taxonomy":"product_tag","embeddable":true,"href":"https:\/\/kackaryapi.com.tr\/en\/wp-json\/wp\/v2\/product_tag?post=1016"}],"curies":[{"name":"wp","href":"https:\/\/api.w.org\/{rel}","templated":true}]}}