{"id":1014,"date":"2022-12-27T14:16:12","date_gmt":"2022-12-27T11:16:12","guid":{"rendered":"https:\/\/kackaryapi.com.tr\/?post_type=product&#038;p=1014"},"modified":"2025-05-23T18:16:32","modified_gmt":"2025-05-23T15:16:32","slug":"baumit-puracolor","status":"publish","type":"product","link":"https:\/\/kackaryapi.com.tr\/en\/product\/baumit-puracolor\/","title":{"rendered":"Baumit PuraColor"},"content":{"rendered":"","protected":false},"excerpt":{"rendered":"<p class=\"bodytext body-text-overwrite-for-mobil\">D\u0131\u015f Cephe Boyas\u0131<\/p>\n<p class=\"introtext\">Akrilik esasl\u0131, polimer katk\u0131l\u0131, su itici, f\u0131r\u00e7a veya rulo ile uygulanan d\u0131\u015f cephe boyas\u0131d\u0131r. \u0130yi derecede su buhar\u0131 ge\u00e7irgenli\u011fi ve su iticili\u011fi \u00f6zelliklerine sahiptir.<\/p>\n<ul class=\"highlights highlights-with-h2\">\n<li>En geni\u015f renk se\u00e7ene\u011fi<\/li>\n<li>Y\u00fcksek su iticilik<\/li>\n<li>Nefes alan cepheler<\/li>\n<\/ul>","protected":false},"featured_media":1015,"comment_status":"open","ping_status":"closed","template":"","meta":[],"product_cat":[217,225],"product_tag":[44,36,46,219,226,221,201,43,35,202,39,45,38,72],"class_list":["post-1014","product","type-product","status-publish","has-post-thumbnail","hentry","product_cat-baumit","product_cat-baumit-son-kat","product_tag-alci","product_tag-astarlar","product_tag-atasehir-yapi","product_tag-baumit","product_tag-baumit-classico-special","product_tag-baumit-nivello-quattro","product_tag-hazir-siva","product_tag-kackar-yapi","product_tag-macunlar","product_tag-mantolama","product_tag-yapi","product_tag-yapi-onarim","product_tag-yapi-sistemleri","product_tag-zemin-sistemleri"],"_links":{"self":[{"href":"https:\/\/kackaryapi.com.tr\/en\/wp-json\/wp\/v2\/product\/1014","targetHints":{"allow":["GET"]}}],"collection":[{"href":"https:\/\/kackaryapi.com.tr\/en\/wp-json\/wp\/v2\/product"}],"about":[{"href":"https:\/\/kackaryapi.com.tr\/en\/wp-json\/wp\/v2\/types\/product"}],"replies":[{"embeddable":true,"href":"https:\/\/kackaryapi.com.tr\/en\/wp-json\/wp\/v2\/comments?post=1014"}],"wp:featuredmedia":[{"embeddable":true,"href":"https:\/\/kackaryapi.com.tr\/en\/wp-json\/wp\/v2\/media\/1015"}],"wp:attachment":[{"href":"https:\/\/kackaryapi.com.tr\/en\/wp-json\/wp\/v2\/media?parent=1014"}],"wp:term":[{"taxonomy":"product_cat","embeddable":true,"href":"https:\/\/kackaryapi.com.tr\/en\/wp-json\/wp\/v2\/product_cat?post=1014"},{"taxonomy":"product_tag","embeddable":true,"href":"https:\/\/kackaryapi.com.tr\/en\/wp-json\/wp\/v2\/product_tag?post=1014"}],"curies":[{"name":"wp","href":"https:\/\/api.w.org\/{rel}","templated":true}]}}