{"id":1012,"date":"2022-12-27T14:15:17","date_gmt":"2022-12-27T11:15:17","guid":{"rendered":"https:\/\/kackaryapi.com.tr\/?post_type=product&#038;p=1012"},"modified":"2025-05-25T22:18:48","modified_gmt":"2025-05-25T19:18:48","slug":"baumit-premiumprimer","status":"publish","type":"product","link":"https:\/\/kackaryapi.com.tr\/en\/product\/baumit-premiumprimer\/","title":{"rendered":"Baumit PremiumPrimer"},"content":{"rendered":"","protected":false},"excerpt":{"rendered":"<p class=\"bodytext body-text-overwrite-for-mobil\">Is\u0131 Yal\u0131t\u0131m Astar\u0131<\/p>\n<p class=\"introtext\">Organik esasl\u0131, su bazl\u0131, polimerlerle takviye edilmi\u015f, m\u00fckemmel nefes alma ve y\u00fcksek \u00f6rt\u00fcc\u00fcl\u00fck \u00f6zelli\u011fine sahip kullan\u0131ma haz\u0131r astard\u0131r. \u00c7ok emici y\u00fczeyler de dahil olmak \u00fczere, uyguland\u0131\u011f\u0131 y\u00fczeyin emicili\u011fini homojen hale getirir ve \u00fczerine uygulanan kaplamalar\u0131n yap\u0131\u015fma \u00f6zelli\u011fini art\u0131r\u0131r. D\u0131\u015f cephe \u0131s\u0131 yal\u0131t\u0131m sistemleri i\u00e7erisinde kullan\u0131lmas\u0131 idealdir.<\/p>\n<ul class=\"highlights highlights-with-h2\">\n<li>Y\u00fcksek nefes alma<\/li>\n<li>Y\u00fcksek \u00f6rt\u00fcc\u00fcl\u00fck<\/li>\n<li>Son kat kaplama \u00f6ncesi tutunmay\u0131 art\u0131rma<\/li>\n<\/ul>","protected":false},"featured_media":1013,"comment_status":"open","ping_status":"closed","template":"","meta":[],"product_cat":[217,225],"product_tag":[44,36,46,219,226,221,201,43,35,202,39,45,38,72],"class_list":["post-1012","product","type-product","status-publish","has-post-thumbnail","hentry","product_cat-baumit","product_cat-baumit-son-kat","product_tag-alci","product_tag-astarlar","product_tag-atasehir-yapi","product_tag-baumit","product_tag-baumit-classico-special","product_tag-baumit-nivello-quattro","product_tag-hazir-siva","product_tag-kackar-yapi","product_tag-macunlar","product_tag-mantolama","product_tag-yapi","product_tag-yapi-onarim","product_tag-yapi-sistemleri","product_tag-zemin-sistemleri"],"_links":{"self":[{"href":"https:\/\/kackaryapi.com.tr\/en\/wp-json\/wp\/v2\/product\/1012","targetHints":{"allow":["GET"]}}],"collection":[{"href":"https:\/\/kackaryapi.com.tr\/en\/wp-json\/wp\/v2\/product"}],"about":[{"href":"https:\/\/kackaryapi.com.tr\/en\/wp-json\/wp\/v2\/types\/product"}],"replies":[{"embeddable":true,"href":"https:\/\/kackaryapi.com.tr\/en\/wp-json\/wp\/v2\/comments?post=1012"}],"wp:featuredmedia":[{"embeddable":true,"href":"https:\/\/kackaryapi.com.tr\/en\/wp-json\/wp\/v2\/media\/1013"}],"wp:attachment":[{"href":"https:\/\/kackaryapi.com.tr\/en\/wp-json\/wp\/v2\/media?parent=1012"}],"wp:term":[{"taxonomy":"product_cat","embeddable":true,"href":"https:\/\/kackaryapi.com.tr\/en\/wp-json\/wp\/v2\/product_cat?post=1012"},{"taxonomy":"product_tag","embeddable":true,"href":"https:\/\/kackaryapi.com.tr\/en\/wp-json\/wp\/v2\/product_tag?post=1012"}],"curies":[{"name":"wp","href":"https:\/\/api.w.org\/{rel}","templated":true}]}}