{"id":1010,"date":"2022-12-27T14:13:19","date_gmt":"2022-12-27T11:13:19","guid":{"rendered":"https:\/\/kackaryapi.com.tr\/?post_type=product&#038;p=1010"},"modified":"2025-05-27T05:24:31","modified_gmt":"2025-05-27T02:24:31","slug":"baumit-nanoporcolor","status":"publish","type":"product","link":"https:\/\/kackaryapi.com.tr\/en\/product\/baumit-nanoporcolor\/","title":{"rendered":"Baumit NanoporColor"},"content":{"rendered":"","protected":false},"excerpt":{"rendered":"<p class=\"bodytext body-text-overwrite-for-mobil\">Kirlenmeye Kar\u015f\u0131 Diren\u00e7li D\u0131\u015f Cephe Boyas\u0131<\/p>\n<p class=\"introtext\">Silikat esasl\u0131, y\u00fcksek elastikiyette, f\u0131r\u00e7a veya rulo ile uygulanan d\u0131\u015f cephe boyas\u0131d\u0131r. Baumit patentli \u00fcr\u00fcn, i\u00e7erisindeki Nano partik\u00fcller sayesinde kendi kendini temizleme ve nefes alabilme \u00f6zelliklerine sahiptir. \u00dcr\u00fcn\u00fcn mikroskobik p\u00fcr\u00fczs\u00fcz y\u00fczeyi kirlerin tutunmas\u0131n\u0131 zorla\u015ft\u0131r\u0131r ve cephenin daha az kirlenmesini sa\u011flar. Muadil boyalara g\u00f6re bak\u0131m s\u00fcresi (yeniden boyanma) daha uzundur.<\/p>\n<ul class=\"highlights highlights-with-h2\">\n<li>Fotokataliz ile kendi kendini temizleme etkisi<\/li>\n<li>Organik esasl\u0131 kirlerin do\u011fal yolla \u00e7\u00f6z\u00fcnmesi<\/li>\n<li>M\u00fckemmel nefes alma kabiliyeti<\/li>\n<\/ul>","protected":false},"featured_media":1011,"comment_status":"open","ping_status":"closed","template":"","meta":[],"product_cat":[217,225],"product_tag":[44,36,46,219,226,221,201,43,35,202,39,45,38,72],"class_list":["post-1010","product","type-product","status-publish","has-post-thumbnail","hentry","product_cat-baumit","product_cat-baumit-son-kat","product_tag-alci","product_tag-astarlar","product_tag-atasehir-yapi","product_tag-baumit","product_tag-baumit-classico-special","product_tag-baumit-nivello-quattro","product_tag-hazir-siva","product_tag-kackar-yapi","product_tag-macunlar","product_tag-mantolama","product_tag-yapi","product_tag-yapi-onarim","product_tag-yapi-sistemleri","product_tag-zemin-sistemleri"],"_links":{"self":[{"href":"https:\/\/kackaryapi.com.tr\/en\/wp-json\/wp\/v2\/product\/1010","targetHints":{"allow":["GET"]}}],"collection":[{"href":"https:\/\/kackaryapi.com.tr\/en\/wp-json\/wp\/v2\/product"}],"about":[{"href":"https:\/\/kackaryapi.com.tr\/en\/wp-json\/wp\/v2\/types\/product"}],"replies":[{"embeddable":true,"href":"https:\/\/kackaryapi.com.tr\/en\/wp-json\/wp\/v2\/comments?post=1010"}],"wp:featuredmedia":[{"embeddable":true,"href":"https:\/\/kackaryapi.com.tr\/en\/wp-json\/wp\/v2\/media\/1011"}],"wp:attachment":[{"href":"https:\/\/kackaryapi.com.tr\/en\/wp-json\/wp\/v2\/media?parent=1010"}],"wp:term":[{"taxonomy":"product_cat","embeddable":true,"href":"https:\/\/kackaryapi.com.tr\/en\/wp-json\/wp\/v2\/product_cat?post=1010"},{"taxonomy":"product_tag","embeddable":true,"href":"https:\/\/kackaryapi.com.tr\/en\/wp-json\/wp\/v2\/product_tag?post=1010"}],"curies":[{"name":"wp","href":"https:\/\/api.w.org\/{rel}","templated":true}]}}