{"id":1008,"date":"2022-12-27T14:11:19","date_gmt":"2022-12-27T11:11:19","guid":{"rendered":"https:\/\/kackaryapi.com.tr\/?post_type=product&#038;p=1008"},"modified":"2022-12-27T14:12:23","modified_gmt":"2022-12-27T11:12:23","slug":"baumit-mosaiktop","status":"publish","type":"product","link":"https:\/\/kackaryapi.com.tr\/en\/product\/baumit-mosaiktop\/","title":{"rendered":"Baumit MosaikTop"},"content":{"rendered":"","protected":false},"excerpt":{"rendered":"<p class=\"bodytext body-text-overwrite-for-mobil\">Mozaik Haz\u0131r Dekoratif Kaplama<\/p>\n<p class=\"introtext\">Akrilik esasl\u0131, \u00f6zellikle subasman seviyesinde kullan\u0131lan, renkli ta\u015f ve mermer tanecikleri i\u00e7eren, y\u00fcksek su iticili\u011fe sahip, darbelere kar\u015f\u0131 y\u00fcksek dayan\u0131ml\u0131, mala ile uygulanan haz\u0131r kaplamad\u0131r. \u0130\u00e7erdi\u011fi ta\u015f ve mermer tanecikleri kendinden renkli oldu\u011fu i\u00e7in renklendirme yap\u0131lmadan kullan\u0131l\u0131r. 36 adet farkl\u0131 desen se\u00e7ene\u011fi vard\u0131r. Not: 306, 314, 317, 323,324, 331, 332 numaral\u0131 \u00fcr\u00fcnler Baumit \u0131s\u0131 yal\u0131t\u0131m sistemlerinde sadece k\u00fc\u00e7\u00fck alanlarda kullan\u0131l\u0131r ( \u00d6rne\u011fin dekoratif unsurlar ).<\/p>\n<ul class=\"highlights highlights-with-h2\">\n<li>Y\u00fcksek darbe dayan\u0131m\u0131<\/li>\n<li>Dekoratif g\u00f6r\u00fcn\u00fcm<\/li>\n<li>M\u00fckemmel su iticilik<\/li>\n<\/ul>","protected":false},"featured_media":1009,"comment_status":"open","ping_status":"closed","template":"","meta":[],"product_cat":[217,225],"product_tag":[44,36,46,219,226,221,201,43,35,202,39,45,38,72],"class_list":["post-1008","product","type-product","status-publish","has-post-thumbnail","hentry","product_cat-baumit","product_cat-baumit-son-kat","product_tag-alci","product_tag-astarlar","product_tag-atasehir-yapi","product_tag-baumit","product_tag-baumit-classico-special","product_tag-baumit-nivello-quattro","product_tag-hazir-siva","product_tag-kackar-yapi","product_tag-macunlar","product_tag-mantolama","product_tag-yapi","product_tag-yapi-onarim","product_tag-yapi-sistemleri","product_tag-zemin-sistemleri"],"_links":{"self":[{"href":"https:\/\/kackaryapi.com.tr\/en\/wp-json\/wp\/v2\/product\/1008","targetHints":{"allow":["GET"]}}],"collection":[{"href":"https:\/\/kackaryapi.com.tr\/en\/wp-json\/wp\/v2\/product"}],"about":[{"href":"https:\/\/kackaryapi.com.tr\/en\/wp-json\/wp\/v2\/types\/product"}],"replies":[{"embeddable":true,"href":"https:\/\/kackaryapi.com.tr\/en\/wp-json\/wp\/v2\/comments?post=1008"}],"wp:featuredmedia":[{"embeddable":true,"href":"https:\/\/kackaryapi.com.tr\/en\/wp-json\/wp\/v2\/media\/1009"}],"wp:attachment":[{"href":"https:\/\/kackaryapi.com.tr\/en\/wp-json\/wp\/v2\/media?parent=1008"}],"wp:term":[{"taxonomy":"product_cat","embeddable":true,"href":"https:\/\/kackaryapi.com.tr\/en\/wp-json\/wp\/v2\/product_cat?post=1008"},{"taxonomy":"product_tag","embeddable":true,"href":"https:\/\/kackaryapi.com.tr\/en\/wp-json\/wp\/v2\/product_tag?post=1008"}],"curies":[{"name":"wp","href":"https:\/\/api.w.org\/{rel}","templated":true}]}}