{"id":1006,"date":"2022-12-27T14:09:53","date_gmt":"2022-12-27T11:09:53","guid":{"rendered":"https:\/\/kackaryapi.com.tr\/?post_type=product&#038;p=1006"},"modified":"2022-12-27T14:11:03","modified_gmt":"2022-12-27T11:11:03","slug":"baumit-metallic","status":"publish","type":"product","link":"https:\/\/kackaryapi.com.tr\/en\/product\/baumit-metallic\/","title":{"rendered":"Baumit Metallic"},"content":{"rendered":"","protected":false},"excerpt":{"rendered":"<p class=\"bodytext body-text-overwrite-for-mobil\">Baumit Efekt Boyas\u0131<\/p>\n<p class=\"introtext\">Dispersiyon esasl\u0131, y\u00fcksek dayan\u0131ml\u0131, metal efektli tasar\u0131m boyas\u0131d\u0131r. T\u00fcm yap\u0131larda, i\u00e7 ve d\u0131\u015f cephelerde kullan\u0131labilir. Is\u0131 yal\u0131t\u0131m sistemlerinde son kat dekoratif kaplama \u00fczerinde kullan\u0131l\u0131r. \u0130stenirse, mevcut s\u0131val\u0131 sistemler \u00fczerine de uygulanabilir.<\/p>\n<ul class=\"highlights highlights-with-h2\">\n<li>Cephede metal g\u00f6r\u00fcn\u00fcm\u00fc<\/li>\n<li>CreativTop ile sonsuz tasar\u0131m alternatifi<\/li>\n<li>Metalik g\u00f6r\u00fcn\u00fcm<\/li>\n<\/ul>","protected":false},"featured_media":1007,"comment_status":"open","ping_status":"closed","template":"","meta":[],"product_cat":[217,225],"product_tag":[44,36,46,219,226,221,201,43,35,202,39,45,38,72],"class_list":["post-1006","product","type-product","status-publish","has-post-thumbnail","hentry","product_cat-baumit","product_cat-baumit-son-kat","product_tag-alci","product_tag-astarlar","product_tag-atasehir-yapi","product_tag-baumit","product_tag-baumit-classico-special","product_tag-baumit-nivello-quattro","product_tag-hazir-siva","product_tag-kackar-yapi","product_tag-macunlar","product_tag-mantolama","product_tag-yapi","product_tag-yapi-onarim","product_tag-yapi-sistemleri","product_tag-zemin-sistemleri"],"_links":{"self":[{"href":"https:\/\/kackaryapi.com.tr\/en\/wp-json\/wp\/v2\/product\/1006","targetHints":{"allow":["GET"]}}],"collection":[{"href":"https:\/\/kackaryapi.com.tr\/en\/wp-json\/wp\/v2\/product"}],"about":[{"href":"https:\/\/kackaryapi.com.tr\/en\/wp-json\/wp\/v2\/types\/product"}],"replies":[{"embeddable":true,"href":"https:\/\/kackaryapi.com.tr\/en\/wp-json\/wp\/v2\/comments?post=1006"}],"wp:featuredmedia":[{"embeddable":true,"href":"https:\/\/kackaryapi.com.tr\/en\/wp-json\/wp\/v2\/media\/1007"}],"wp:attachment":[{"href":"https:\/\/kackaryapi.com.tr\/en\/wp-json\/wp\/v2\/media?parent=1006"}],"wp:term":[{"taxonomy":"product_cat","embeddable":true,"href":"https:\/\/kackaryapi.com.tr\/en\/wp-json\/wp\/v2\/product_cat?post=1006"},{"taxonomy":"product_tag","embeddable":true,"href":"https:\/\/kackaryapi.com.tr\/en\/wp-json\/wp\/v2\/product_tag?post=1006"}],"curies":[{"name":"wp","href":"https:\/\/api.w.org\/{rel}","templated":true}]}}