{"id":1002,"date":"2022-12-27T14:07:12","date_gmt":"2022-12-27T11:07:12","guid":{"rendered":"https:\/\/kackaryapi.com.tr\/?post_type=product&#038;p=1002"},"modified":"2024-11-13T19:58:06","modified_gmt":"2024-11-13T16:58:06","slug":"baumit-granoportop","status":"publish","type":"product","link":"https:\/\/kackaryapi.com.tr\/en\/product\/baumit-granoportop\/","title":{"rendered":"Baumit GranoporTop"},"content":{"rendered":"","protected":false},"excerpt":{"rendered":"<p class=\"bodytext body-text-overwrite-for-mobil\">Haz\u0131r Dekoratif Kaplama<\/p>\n<p class=\"introtext\">Akrilik esasl\u0131, polimer katk\u0131l\u0131, iste\u011fe g\u00f6re ince veya kal\u0131n dokulu, y\u00fcksek elastikiyette, mala ile uygulanan, kullan\u0131ma haz\u0131r ve renklendirilebilen son kat kaplamad\u0131r. \u0130yi derecede su buhar\u0131 ge\u00e7irgenli\u011fi ve su iticili\u011fi \u00f6zelliklerine sahiptir. Kendinden renkli oldu\u011fu i\u00e7in ayr\u0131ca boyanmas\u0131na gerek yoktur.<\/p>\n<ul class=\"highlights highlights-with-h2\">\n<li>Y\u00fcksek darbe direnci<\/li>\n<li>Uzun \u00f6m\u00fcrl\u00fc<\/li>\n<li>\u0130\u015f\u00e7ilik ve zaman tasarrufu<\/li>\n<\/ul>","protected":false},"featured_media":1003,"comment_status":"open","ping_status":"closed","template":"","meta":[],"product_cat":[217,225],"product_tag":[44,36,46,219,226,221,201,43,35,202,39,45,38,72],"class_list":["post-1002","product","type-product","status-publish","has-post-thumbnail","hentry","product_cat-baumit","product_cat-baumit-son-kat","product_tag-alci","product_tag-astarlar","product_tag-atasehir-yapi","product_tag-baumit","product_tag-baumit-classico-special","product_tag-baumit-nivello-quattro","product_tag-hazir-siva","product_tag-kackar-yapi","product_tag-macunlar","product_tag-mantolama","product_tag-yapi","product_tag-yapi-onarim","product_tag-yapi-sistemleri","product_tag-zemin-sistemleri"],"_links":{"self":[{"href":"https:\/\/kackaryapi.com.tr\/en\/wp-json\/wp\/v2\/product\/1002","targetHints":{"allow":["GET"]}}],"collection":[{"href":"https:\/\/kackaryapi.com.tr\/en\/wp-json\/wp\/v2\/product"}],"about":[{"href":"https:\/\/kackaryapi.com.tr\/en\/wp-json\/wp\/v2\/types\/product"}],"replies":[{"embeddable":true,"href":"https:\/\/kackaryapi.com.tr\/en\/wp-json\/wp\/v2\/comments?post=1002"}],"wp:featuredmedia":[{"embeddable":true,"href":"https:\/\/kackaryapi.com.tr\/en\/wp-json\/wp\/v2\/media\/1003"}],"wp:attachment":[{"href":"https:\/\/kackaryapi.com.tr\/en\/wp-json\/wp\/v2\/media?parent=1002"}],"wp:term":[{"taxonomy":"product_cat","embeddable":true,"href":"https:\/\/kackaryapi.com.tr\/en\/wp-json\/wp\/v2\/product_cat?post=1002"},{"taxonomy":"product_tag","embeddable":true,"href":"https:\/\/kackaryapi.com.tr\/en\/wp-json\/wp\/v2\/product_tag?post=1002"}],"curies":[{"name":"wp","href":"https:\/\/api.w.org\/{rel}","templated":true}]}}