{"id":501,"date":"2022-12-11T14:36:13","date_gmt":"2022-12-11T11:36:13","guid":{"rendered":"https:\/\/kackaryapi.com.tr\/?page_id=501"},"modified":"2022-12-17T17:40:29","modified_gmt":"2022-12-17T14:40:29","slug":"uygulamalarimiz","status":"publish","type":"page","link":"https:\/\/kackaryapi.com.tr\/en\/uygulamalarimiz\/","title":{"rendered":"Our Apps"},"content":{"rendered":"<section class=\"vc_section vc_custom_1670761499371\"><div class=\"vc_row wpb_row row vc_custom_1670761530541\"><div class=\"vc_column_container col-md-6\"><div class=\"wpb_wrapper vc_column-inner\"><div class=\"bruno-custom-inline-css\"><style>#ihwt-hotspoted-image69e388004128d .ihwt-hotspot-wrapper .HotspotPlugin_Hotspot:not(.ihwtHotspotImageMarker):after { background: #ffffff;}<\/style><\/div><div id=\"ihwt-hotspoted-image69e388004128d\" class=\"ihwt-hotspot-wrapper-wrapper\"><div class=\"ihwt-hotspot-wrapper\"  data-hotspot-content=\"%5B%7B%22index%22%3A3%2C%22x%22%3A57.57099627560521%2C%22y%22%3A32.26396276595745%2C%22Title%22%3A%221%22%2C%22Message%22%3A%22Al%C3%A7%C4%B1pan%20ve%20Di%C4%9Fer%20Asma%20Tavan%20Sistemleri%22%7D%2C%7B%22index%22%3A4%2C%22x%22%3A63.90246741154563%2C%22y%22%3A50.61502659574468%2C%22Title%22%3A%222%22%2C%22Message%22%3A%22Al%C3%A7%C4%B1pan%20Duvar%20Sistemleri%20Uygulamalar%C4%B1%22%7D%2C%7B%22index%22%3A5%2C%22x%22%3A68.74418063314711%2C%22y%22%3A55.66821808510638%2C%22Title%22%3A%223%22%2C%22Message%22%3A%22%C4%B0%C3%A7%20ve%20D%C4%B1%C5%9F%20Cephe%20Sistemleri%22%7D%2C%7B%22index%22%3A6%2C%22x%22%3A78.05516759776536%2C%22y%22%3A32.26396276595745%2C%22Title%22%3A%224%22%2C%22Message%22%3A%22Boya%20ve%20Yal%C4%B1t%C4%B1m%20Sistemleri%22%7D%2C%7B%22index%22%3A7%2C%22x%22%3A61.854050279329606%2C%22y%22%3A64.71077127659575%2C%22Title%22%3A%225%22%2C%22Message%22%3A%22Yap%C4%B1%20Kimyasallar%C4%B1%22%7D%2C%7B%22index%22%3A8%2C%22x%22%3A58.50209497206704%2C%22y%22%3A84.65757978723404%2C%22Title%22%3A%226%22%2C%22Message%22%3A%22Zemin%20Kaplamalar%C4%B1%22%7D%2C%7B%22index%22%3A9%2C%22x%22%3A88.66969273743017%2C%22y%22%3A49.01928191489361%2C%22Title%22%3A%227%22%2C%22Message%22%3A%22Projelendirme%20ve%20Uygulama%20%22%7D%5D\"  data-action=\"click\" ><div class=\"ihwt-hotspot-image-cover  ihwt-action-click\"><img loading=\"lazy\" decoding=\"async\" src=\"https:\/\/kackaryapi.com.tr\/wp-content\/uploads\/2022\/12\/hizmetler-image-removebg-preview.png\" width=\"597\" height=\"418\"\/><\/div><\/div><\/div><\/div><\/div><div class=\"vc_column_container col-md-6\"><div class=\"wpb_wrapper vc_column-inner\">\n\t<div class=\"wpb_text_column wpb_content_element\" >\n\t\t<div class=\"wpb_wrapper\">\n\t\t\t<h4><span style=\"vertical-align: inherit;\"><span style=\"vertical-align: inherit;\">Our Apps<\/span><\/span><\/h4>\n<ul>\n<li><span style=\"vertical-align: inherit;\"><span style=\"vertical-align: inherit;\"><span style=\"vertical-align: inherit;\"><span style=\"vertical-align: inherit;\"><span style=\"vertical-align: inherit;\"><span style=\"vertical-align: inherit;\"><span style=\"vertical-align: inherit;\"><span style=\"vertical-align: inherit;\">Al\u00e7\u0131pan Tavan ve Duvar Sistemleri<\/span><\/span><\/span><\/span><\/span><\/span><\/span><\/span><\/li>\n<li><span style=\"vertical-align: inherit;\"><span style=\"vertical-align: inherit;\"><span style=\"vertical-align: inherit;\"><span style=\"vertical-align: inherit;\"><span style=\"vertical-align: inherit;\"><span style=\"vertical-align: inherit;\"><span style=\"vertical-align: inherit;\"><span style=\"vertical-align: inherit;\">Gypsum Plaster Applications<\/span><\/span><\/span><\/span><\/span><\/span><\/span><\/span><\/li>\n<li><span style=\"vertical-align: inherit;\"><span style=\"vertical-align: inherit;\"><span style=\"vertical-align: inherit;\"><span style=\"vertical-align: inherit;\"><span style=\"vertical-align: inherit;\"><span style=\"vertical-align: inherit;\"><span style=\"vertical-align: inherit;\"><span style=\"vertical-align: inherit;\">Accessories and Profile Systems<\/span><\/span><\/span><\/span><\/span><\/span><\/span><\/span><\/li>\n<li><span style=\"vertical-align: inherit;\"><span style=\"vertical-align: inherit;\"><span style=\"vertical-align: inherit;\"><span style=\"vertical-align: inherit;\"><span style=\"vertical-align: inherit;\"><span style=\"vertical-align: inherit;\"><span style=\"vertical-align: inherit;\"><span style=\"vertical-align: inherit;\">Aquapanel Interior and Exterior Systems<\/span><\/span><\/span><\/span><\/span><\/span><\/span><\/span><\/li>\n<li><span style=\"vertical-align: inherit;\"><span style=\"vertical-align: inherit;\"><span style=\"vertical-align: inherit;\"><span style=\"vertical-align: inherit;\"><span style=\"vertical-align: inherit;\"><span style=\"vertical-align: inherit;\"><span style=\"vertical-align: inherit;\"><span style=\"vertical-align: inherit;\">Modular Ceiling Systems<\/span><\/span><\/span><\/span><\/span><\/span><\/span><\/span><\/li>\n<li><span style=\"vertical-align: inherit;\"><span style=\"vertical-align: inherit;\"><span style=\"vertical-align: inherit;\"><span style=\"vertical-align: inherit;\"><span style=\"vertical-align: inherit;\"><span style=\"vertical-align: inherit;\"><span style=\"vertical-align: inherit;\"><span style=\"vertical-align: inherit;\">Acoustic Wood Ceiling and Wall Applications<\/span><\/span><\/span><\/span><\/span><\/span><\/span><\/span><\/li>\n<li><span style=\"vertical-align: inherit;\"><span style=\"vertical-align: inherit;\"><span style=\"vertical-align: inherit;\"><span style=\"vertical-align: inherit;\"><span style=\"vertical-align: inherit;\"><span style=\"vertical-align: inherit;\"><span style=\"vertical-align: inherit;\"><span style=\"vertical-align: inherit;\">Cement Based Plaster Applications<\/span><\/span><\/span><\/span><\/span><\/span><\/span><\/span><\/li>\n<li><span style=\"vertical-align: inherit;\"><span style=\"vertical-align: inherit;\"><span style=\"vertical-align: inherit;\"><span style=\"vertical-align: inherit;\"><span style=\"vertical-align: inherit;\"><span style=\"vertical-align: inherit;\"><span style=\"vertical-align: inherit;\"><span style=\"vertical-align: inherit;\">Paint and Insulation Systems<\/span><\/span><\/span><\/span><\/span><\/span><\/span><\/span><\/li>\n<li><span style=\"vertical-align: inherit;\"><span style=\"vertical-align: inherit;\"><span style=\"vertical-align: inherit;\"><span style=\"vertical-align: inherit;\"><span style=\"vertical-align: inherit;\"><span style=\"vertical-align: inherit;\"><span style=\"vertical-align: inherit;\"><span style=\"vertical-align: inherit;\">Construction chemicals<\/span><\/span><\/span><\/span><\/span><\/span><\/span><\/span><\/li>\n<li><span style=\"vertical-align: inherit;\"><span style=\"vertical-align: inherit;\"><span style=\"vertical-align: inherit;\"><span style=\"vertical-align: inherit;\"><span style=\"vertical-align: inherit;\"><span style=\"vertical-align: inherit;\"><span style=\"vertical-align: inherit;\"><span style=\"vertical-align: inherit;\">Sound Insulation and Acoustic Regulation Systems<\/span><\/span><\/span><\/span><\/span><\/span><\/span><\/span><\/li>\n<li><span style=\"vertical-align: inherit;\"><span style=\"vertical-align: inherit;\"><span style=\"vertical-align: inherit;\"><span style=\"vertical-align: inherit;\"><span style=\"vertical-align: inherit;\"><span style=\"vertical-align: inherit;\"><span style=\"vertical-align: inherit;\"><span style=\"vertical-align: inherit;\">Floor Coverings<\/span><\/span><\/span><\/span><\/span><\/span><\/span><\/span><\/li>\n<li><span style=\"vertical-align: inherit;\"><span style=\"vertical-align: inherit;\"><span style=\"vertical-align: inherit;\"><span style=\"vertical-align: inherit;\"><span style=\"vertical-align: inherit;\"><span style=\"vertical-align: inherit;\"><span style=\"vertical-align: inherit;\"><span style=\"vertical-align: inherit;\">Steel Construction Applications<\/span><\/span><\/span><\/span><\/span><\/span><\/span><\/span><\/li>\n<li><span style=\"vertical-align: inherit;\"><span style=\"vertical-align: inherit;\"><span style=\"vertical-align: inherit;\"><span style=\"vertical-align: inherit;\"><span style=\"vertical-align: inherit;\"><span style=\"vertical-align: inherit;\"><span style=\"vertical-align: inherit;\"><span style=\"vertical-align: inherit;\">Modular Partition Wall Systems<\/span><\/span><\/span><\/span><\/span><\/span><\/span><\/span><\/li>\n<li><span style=\"vertical-align: inherit;\"><span style=\"vertical-align: inherit;\"><span style=\"vertical-align: inherit;\"><span style=\"vertical-align: inherit;\"><span style=\"vertical-align: inherit;\"><span style=\"vertical-align: inherit;\"><span style=\"vertical-align: inherit;\"><span style=\"vertical-align: inherit;\">Turnkey Interior Decoration<\/span><\/span><\/span><\/span><\/span><\/span><\/span><\/span><\/li>\n<li><span style=\"vertical-align: inherit;\"><span style=\"vertical-align: inherit;\"><span style=\"vertical-align: inherit;\"><span style=\"vertical-align: inherit;\"><span style=\"vertical-align: inherit;\"><span style=\"vertical-align: inherit;\"><span style=\"vertical-align: inherit;\"><span style=\"vertical-align: inherit;\">Project Planning and Implementation Services<\/span><\/span><\/span><\/span><\/span><\/span><\/span><\/span><\/li>\n<li><span style=\"vertical-align: inherit;\"><span style=\"vertical-align: inherit;\"><span style=\"vertical-align: inherit;\"><span style=\"vertical-align: inherit;\"><span style=\"vertical-align: inherit;\"><span style=\"vertical-align: inherit;\"><span style=\"vertical-align: inherit;\"><span style=\"vertical-align: inherit;\">Wholesale and Retail<\/span><\/span><\/span><\/span><\/span><\/span><\/span><\/span><\/li>\n<\/ul>\n\n\t\t<\/div>\n\t<\/div>\n<\/div><\/div><\/div><\/section><div class=\"vc_row wpb_row row\"><div class=\"vc_column_container col-md-6\"><div class=\"wpb_wrapper vc_column-inner\"><div class=\"porto-blockquote wpb_content_element\"><blockquote class=\"blockquote-primary\"><p>\n<h4>Why Ka\u00e7kar Construction?<\/h4>\n<p><span style=\"vertical-align: inherit;\"><span style=\"vertical-align: inherit;\">\u00a0Ka\u00e7kar Yap\u0131 analyzes all the products and services you need under a single roof, without compromising the same standard and quality, and offers it to you as it should be.\u00a0<\/span><\/span><\/p><\/blockquote><\/div><div class=\"porto-blockquote wpb_content_element\"><blockquote class=\"blockquote-primary\"><p>\n<h4><span style=\"vertical-align: inherit;\"><span style=\"vertical-align: inherit;\"><span style=\"vertical-align: inherit;\"><span style=\"vertical-align: inherit;\">Now It's Time to Bring Your Projects to Life <\/span><\/span><span style=\"vertical-align: inherit;\"><span style=\"vertical-align: inherit;\">!<\/span><\/span><\/span><\/span><\/h4>\n<p><span style=\"vertical-align: inherit;\"><span style=\"vertical-align: inherit;\"><span style=\"vertical-align: inherit;\"><span style=\"vertical-align: inherit;\"><span style=\"vertical-align: inherit;\"><span style=\"vertical-align: inherit;\"><span style=\"vertical-align: inherit;\"><span style=\"vertical-align: inherit;\">Ka\u00e7kar Yap\u0131, which brings you together with the brands that have proven their quality in Turkey and the world, eliminating the problems thanks to its fast supply network and stock, which has a wide range of quality material options before the application. <\/span><\/span><\/span><\/span><\/span><\/span><\/span><\/span><span style=\"vertical-align: inherit;\"><span style=\"vertical-align: inherit;\"><span style=\"vertical-align: inherit;\"><span style=\"vertical-align: inherit;\"><span style=\"vertical-align: inherit;\"><span style=\"vertical-align: inherit;\"><span style=\"vertical-align: inherit;\"><span style=\"vertical-align: inherit;\">malzeme sat\u0131\u015f da\u011f\u0131t\u0131m\u0131 ve\u00a0 sistem detay\u0131 deste\u011fi ile zaman\u0131nda ve en iyi \u00fcr\u00fcnleri sizinle bulu\u015fturur<\/span><\/span><\/span><\/span><\/span><\/span><\/span><\/span><\/p><\/blockquote><\/div><\/div><\/div><div class=\"vc_column_container col-md-6 vc_custom_1670775222050\"><div class=\"wpb_wrapper vc_column-inner\"><div class=\"porto-blockquote wpb_content_element\"><blockquote class=\"blockquote-primary\"><p>\n<h4>Perfect Services for Permanent Solutions<\/h4>\n<p><span style=\"vertical-align: inherit;\"><span style=\"vertical-align: inherit;\">With our experienced and trained personnel who bring the appropriate material together with the right workmanship, we provide application services that are as durable and robust as the life of the material in our works, not for a certain period of time, knowing which material to use where and under what conditions. In line with your expectations, it continues the praise and success it has received from the projects it has worked so far, with the right planning, timely implementation and support after the implementation that will bring you and your project to life in the best way.<\/span><\/span><\/p><\/blockquote><\/div><\/div><\/div><\/div>","protected":false},"excerpt":{"rendered":"Uygulamalar\u0131m\u0131z Al\u00e7\u0131pan Tavan ve Duvar Sistemleri Al\u00e7\u0131 S\u0131va Uygulamalar\u0131 Aksesuarlar ve Profil Sistemleri Aquapanel \u0130\u00e7 ve D\u0131\u015f Cephe Sistemleri Mod\u00fcler Tavan Sistemleri Akustik Ah\u015fap Tavan ve Duvar Uygulamalar\u0131 \u00c7imento Bazl\u0131 S\u0131va Uygulamalar\u0131 Boya ve Yal\u0131t\u0131m Sistemleri Yap\u0131 Kimyasallar\u0131 Ses Yal\u0131t\u0131m\u0131 ve Akustik D\u00fczenleme Sistemleri Zemin Kaplamalar\u0131 \u00c7elik Konstr\u00fcksiyon Uygulamalar\u0131 Mod\u00fcler B\u00f6lme Duvar Sistemleri Anahtar Teslim [...]","protected":false},"author":1,"featured_media":0,"parent":0,"menu_order":0,"comment_status":"closed","ping_status":"closed","template":"","meta":{"footnotes":""},"class_list":["post-501","page","type-page","status-publish","hentry"],"_links":{"self":[{"href":"https:\/\/kackaryapi.com.tr\/en\/wp-json\/wp\/v2\/pages\/501","targetHints":{"allow":["GET"]}}],"collection":[{"href":"https:\/\/kackaryapi.com.tr\/en\/wp-json\/wp\/v2\/pages"}],"about":[{"href":"https:\/\/kackaryapi.com.tr\/en\/wp-json\/wp\/v2\/types\/page"}],"author":[{"embeddable":true,"href":"https:\/\/kackaryapi.com.tr\/en\/wp-json\/wp\/v2\/users\/1"}],"replies":[{"embeddable":true,"href":"https:\/\/kackaryapi.com.tr\/en\/wp-json\/wp\/v2\/comments?post=501"}],"version-history":[{"count":10,"href":"https:\/\/kackaryapi.com.tr\/en\/wp-json\/wp\/v2\/pages\/501\/revisions"}],"predecessor-version":[{"id":562,"href":"https:\/\/kackaryapi.com.tr\/en\/wp-json\/wp\/v2\/pages\/501\/revisions\/562"}],"wp:attachment":[{"href":"https:\/\/kackaryapi.com.tr\/en\/wp-json\/wp\/v2\/media?parent=501"}],"curies":[{"name":"wp","href":"https:\/\/api.w.org\/{rel}","templated":true}]}}