{"id":41,"date":"2020-06-01T08:13:13","date_gmt":"2020-06-01T08:13:13","guid":{"rendered":"http:\/\/sw-themes.com\/porto_dummy\/?page_id=41"},"modified":"2022-12-17T18:11:36","modified_gmt":"2022-12-17T15:11:36","slug":"iletisim","status":"publish","type":"page","link":"https:\/\/kackaryapi.com.tr\/en\/iletisim\/","title":{"rendered":"Communication"},"content":{"rendered":"<section class=\"vc_section vc_custom_1670717865492\"><div class=\"vc_row wpb_row row\"><div class=\"vc_column_container col-md-6\"><div class=\"wpb_wrapper vc_column-inner\"><div class=\"porto-ultimate-content-box-container mb-5\"><style>#porto_ucb_7316{will-change: box-shadow;box-shadow:0px 0px 35px -5px rgba(0,0,0,0.1);}<\/style><div class=\"porto-ultimate-content-box vc_custom_1591257900370\" style=\"border:1px solid #e8e8e8;\" id=\"porto_ucb_7316\"><h2 style=\"font-size: 1.8em;line-height: 1;letter-spacing:0\" class=\"vc_custom_heading mb-3 align-left\">Merkez Ofis \u0130leti\u015fim Bilgilerimiz<\/h2><div class=\"porto-sicon-box py-2 style_1 default-icon\"><div class=\"porto-sicon-default\"><div id=\"porto-icon-114457882969f1afa4a2ad9\" class=\"porto-just-icon-wrapper\" style=\"text-align:center;\"><div class=\"porto-icon none\" style=\"color:#220c3c;font-size:25px;display:inline-block;\"><i class=\"fas fa-map-marker-alt\"><\/i><\/div><\/div><\/div><div class=\"porto-sicon-header\"><h4 class=\"porto-sicon-title\" style=\"font-size:1.4em;letter-spacing:0;\">Address<\/h4><p>Barbaros Mah. Ersin Sok Ortabahar Cad. No:5 Ata\u015fehir \/ \u0130STANBUL<\/p><\/div> <!-- header --><\/div><!-- porto-sicon-box --><div class=\"porto-separator\"><hr class=\"separator-line  align_center solid\"><\/div><div class=\"porto-sicon-box py-2 style_1 default-icon\"><div class=\"porto-sicon-default\"><div id=\"porto-icon-49919044869f1afa4a2c80\" class=\"porto-just-icon-wrapper\" style=\"text-align:center;\"><div class=\"porto-icon none\" style=\"color:#220c3c;font-size:25px;display:inline-block;\"><i class=\"fas fa-mobile-alt\"><\/i><\/div><\/div><\/div><div class=\"porto-sicon-header\"><h4 class=\"porto-sicon-title\" style=\"font-size:1.4em;letter-spacing:0;\">Phone Number<\/h4><p>444 53 06<\/p><\/div> <!-- header --><\/div><!-- porto-sicon-box --><div class=\"porto-sicon-box py-2 style_1 default-icon\"><div class=\"porto-sicon-default\"><div id=\"porto-icon-177305392269f1afa4a2d22\" class=\"porto-just-icon-wrapper\" style=\"text-align:center;\"><div class=\"porto-icon none\" style=\"color:#220c3c;font-size:25px;display:inline-block;\"><i class=\"fas fa-mobile-alt\"><\/i><\/div><\/div><\/div><div class=\"porto-sicon-header\"><h4 class=\"porto-sicon-title\" style=\"font-size:1.4em;letter-spacing:0;\">Fax Number<\/h4><p>+90 216 472 59 68<\/p><\/div> <!-- header --><\/div><!-- porto-sicon-box --><div class=\"porto-separator\"><hr class=\"separator-line  align_center solid\"><\/div><a class=\"porto-sicon-box-link\" href=\"#\"><div class=\"porto-sicon-box py-2 style_1 default-icon\"><div class=\"porto-sicon-default\"><div id=\"porto-icon-132541804369f1afa4a2e4c\" class=\"porto-just-icon-wrapper\" style=\"text-align:center;\"><div class=\"porto-icon none\" style=\"color:#220c3c;font-size:25px;display:inline-block;\"><i class=\"far fa-envelope\"><\/i><\/div><\/div><\/div><div class=\"porto-sicon-header\"><h4 class=\"porto-sicon-title\" style=\"font-size:1.4em;letter-spacing:0;\">E-Mail address<\/h4><p>info@kackaryapi.com.tr<\/p><\/div> <!-- header --><\/div><!-- porto-sicon-box --><\/a><div class=\"porto-separator\"><hr class=\"separator-line  align_center solid\"><\/div><div class=\"porto-sicon-box  vc_custom_1670718386243 pt-2 mb-0 style_1 default-icon\"><div class=\"porto-sicon-default\"><div id=\"porto-icon-150691273269f1afa4a2f7e\" class=\"porto-just-icon-wrapper\" style=\"text-align:center;\"><div class=\"porto-icon none\" style=\"color:#220c3c;font-size:25px;display:inline-block;\"><i class=\"far fa-calendar-alt\"><\/i><\/div><\/div><\/div><div class=\"porto-sicon-header\"><h4 class=\"porto-sicon-title\" style=\"font-size:1.4em;letter-spacing:0;\">Working Hours<\/h4><p>Monday - Friday 9:00 - 19:00 \/ Weekend - CLOSED<\/p><\/div> <!-- header --><\/div><!-- porto-sicon-box --><div id='wrap_map_69f1afa4a31c2' class='porto-map-wrapper porto-adjust-bottom-margin mb-0' style='height:400px;'><div id='map_69f1afa4a31c2' data-map_override='0' class='porto_google_map wpb_content_element' style='width:100%;height:400px;'><\/div><\/div><script>\n(function($) {\n\t'use strict';\n\tjQuery(document).ready(function($) {\n\t\tif (typeof google == 'undefined') {\n\t\t\treturn;\n\t\t}\n\t\tvar map_map_69f1afa4a31c2 = null;\n\t\tvar coordinate_map_69f1afa4a31c2;\n\t\ttry {\n\t\t\tcoordinate_map_69f1afa4a31c2=new google.maps.LatLng(40.9829129, 29.0958758);\n\t\t\tvar isDraggable = $(document).width() > 640 ? true : true;\n\t\t\tvar mapOptions = {\n\t\t\t\tzoom: 16,\n\t\t\t\tcenter: coordinate_map_69f1afa4a31c2,\n\t\t\t\tscaleControl: true,\n\t\t\t\tstreetViewControl: true,\n\t\t\t\tmapTypeControl: true,\n\t\t\t\tpanControl: true,\n\t\t\t\tzoomControl: true,\n\t\t\t\tscrollwheel: false,\n\t\t\t\tdraggable: isDraggable,\n\t\t\t\tzoomControlOptions: {\n\t\t\t\t\tposition: google.maps.ControlPosition.RIGHT_BOTTOM\n\t\t\t\t}, mapTypeControlOptions: {\n\t\t\t\t\t\tmapTypeIds: [google.maps.MapTypeId.ROADMAP, 'map_style']\n\t\t\t\t\t}};var styles = [{\"featureType\":\"water\",\"elementType\":\"geometry\",\"stylers\":[{\"color\":\"#e9e9e9\"},{\"lightness\":17}]},{\"featureType\":\"landscape\",\"elementType\":\"geometry\",\"stylers\":[{\"color\":\"#f5f5f5\"},{\"lightness\":20}]},{\"featureType\":\"road.highway\",\"elementType\":\"geometry.fill\",\"stylers\":[{\"color\":\"#ffffff\"},{\"lightness\":17}]},{\"featureType\":\"road.highway\",\"elementType\":\"geometry.stroke\",\"stylers\":[{\"color\":\"#ffffff\"},{\"lightness\":29},{\"weight\":0.2}]},{\"featureType\":\"road.arterial\",\"elementType\":\"geometry\",\"stylers\":[{\"color\":\"#ffffff\"},{\"lightness\":18}]},{\"featureType\":\"road.local\",\"elementType\":\"geometry\",\"stylers\":[{\"color\":\"#ffffff\"},{\"lightness\":16}]},{\"featureType\":\"poi\",\"elementType\":\"geometry\",\"stylers\":[{\"color\":\"#f5f5f5\"},{\"lightness\":21}]},{\"featureType\":\"poi.park\",\"elementType\":\"geometry\",\"stylers\":[{\"color\":\"#dedede\"},{\"lightness\":21}]},{\"elementType\":\"labels.text.stroke\",\"stylers\":[{\"visibility\":\"on\"},{\"color\":\"#ffffff\"},{\"lightness\":16}]},{\"elementType\":\"labels.text.fill\",\"stylers\":[{\"saturation\":36},{\"color\":\"#333333\"},{\"lightness\":40}]},{\"elementType\":\"labels.icon\",\"stylers\":[{\"visibility\":\"off\"}]},{\"featureType\":\"transit\",\"elementType\":\"geometry\",\"stylers\":[{\"color\":\"#f2f2f2\"},{\"lightness\":19}]},{\"featureType\":\"administrative\",\"elementType\":\"geometry.fill\",\"stylers\":[{\"color\":\"#fefefe\"},{\"lightness\":20}]},{\"featureType\":\"administrative\",\"elementType\":\"geometry.stroke\",\"stylers\":[{\"color\":\"#fefefe\"},{\"lightness\":17},{\"weight\":1.2}]}];\n\t\t\t\t\tvar styledMap = new google.maps.StyledMapType(styles,\n\t\t\t\t\t\t{name: \"Styled Map\"});var map_map_69f1afa4a31c2 = new google.maps.Map(document.getElementById('map_69f1afa4a31c2'),mapOptions);map_map_69f1afa4a31c2.mapTypes.set('map_style', styledMap);\n\t\t\t\t\t\t map_map_69f1afa4a31c2.setMapTypeId('map_style');\n\t\t\t\t\tvar x = 'off';\n\t\t\t\t\tvar marker_map_69f1afa4a31c2 = new google.maps.Marker({\n\t\t\t\t\tposition: new google.maps.LatLng(40.9829129, 29.0958758),\n\t\t\t\t\tanimation:  google.maps.Animation.DROP,\n\t\t\t\t\tmap: map_map_69f1afa4a31c2,\n\t\t\t\t\ticon: 'https:\/\/kackaryapi.com.tr\/wp-content\/uploads\/2020\/06\/pin-1.png'\n\t\t\t\t});\n\t\t\t\tgoogle.maps.event.addListener(marker_map_69f1afa4a31c2, 'click', toggleBounce);var infowindow = new google.maps.InfoWindow();\n\t\t\t\t\t\tinfowindow.setContent('<div class=\"map_info_text\" style=\\'color:#000;\\'>Barbaros Mah. Ortabahar Sok. No:5 Yenisahra \/ Ata\u015fehir \/ \u0130STANBUL<\/div>');infowindow.open(map_map_69f1afa4a31c2,marker_map_69f1afa4a31c2);google.maps.event.addListener(marker_map_69f1afa4a31c2, 'click', function() {\n\t\t\t\t\t\t\tinfowindow.open(map_map_69f1afa4a31c2,marker_map_69f1afa4a31c2);\n\t\t\t\t\t\t});}\n\t\tcatch(e){};\n\t\tgoogle.maps.event.trigger(map_map_69f1afa4a31c2, 'resize');\n\t\t$(window).resize(function(){\n\t\t\tgoogle.maps.event.trigger(map_map_69f1afa4a31c2, 'resize');\n\t\t\tif(map_map_69f1afa4a31c2!=null) {\n\t\t\t\tmap_map_69f1afa4a31c2.setCenter(coordinate_map_69f1afa4a31c2);\n\t\t\t}\n\t\t});\n\t\t$('.ui-tabs').on('tabsactivate', function(event, ui) {\n\t\t   if($(this).find('.porto-map-wrapper').length > 0)\n\t\t\t{\n\t\t\t\tsetTimeout(function(){\n\t\t\t\t\t$(window).trigger('resize');\n\t\t\t\t},200);\n\t\t\t}\n\t\t});\n\t\t$('.ui-accordion').on('accordionactivate', function(event, ui) {\n\t\t\tif($(this).find('.porto-map-wrapper').length > 0) {\n\t\t\t\tsetTimeout(function(){\n\t\t\t\t\t$(window).trigger('resize');\n\t\t\t\t},200);\n\t\t\t}\n\t\t});\n\t\t$(document).on('onPortoModalPopupOpen', function(){\n\t\t\tif($(map_map_69f1afa4a31c2).parents('.porto_modal-content')) {\n\t\t\t\tsetTimeout(function(){\n\t\t\t\t\t$(window).trigger('resize');\n\t\t\t\t},200);\n\t\t\t}\n\t\t});\n\t\tfunction toggleBounce() {\n\t\t\tif (marker_map_69f1afa4a31c2.getAnimation() != null) {\n\t\t\t\tmarker_map_69f1afa4a31c2.setAnimation(null);\n\t\t\t} else {\n\t\t\t\tmarker_map_69f1afa4a31c2.setAnimation(google.maps.Animation.BOUNCE);\n\t\t\t}\n\t\t}\n\t});\n\n\t$(window).on('load', function() {\n\t\tsetTimeout(function() {\n\t\t\t$(window).trigger('resize');\n\t\t},200);\n\t});\n})(jQuery);\n<\/script><\/div><\/div><\/div><\/div><div class=\"vc_column_container col-md-6\"><div class=\"wpb_wrapper vc_column-inner\"><div class=\"porto-ultimate-content-box-container mb-5\"><style>#porto_ucb_4582{will-change: box-shadow;box-shadow:0px 0px 35px -5px rgba(0,0,0,0.1);}<\/style><div class=\"porto-ultimate-content-box vc_custom_1591257900370\" style=\"border:1px solid #e8e8e8;\" id=\"porto_ucb_4582\"><h2 style=\"font-size: 1.8em;line-height: 1;letter-spacing:0\" class=\"vc_custom_heading mb-3 align-left\">Depo ve Sat\u0131\u015f Ofisi \u0130leti\u015fim Bilgilerimiz<\/h2><div class=\"porto-sicon-box py-2 style_1 default-icon\"><div class=\"porto-sicon-default\"><div id=\"porto-icon-24578322169f1afa4a3506\" class=\"porto-just-icon-wrapper\" style=\"text-align:center;\"><div class=\"porto-icon none\" style=\"color:#220c3c;font-size:25px;display:inline-block;\"><i class=\"fas fa-map-marker-alt\"><\/i><\/div><\/div><\/div><div class=\"porto-sicon-header\"><h4 class=\"porto-sicon-title\" style=\"font-size:1.4em;letter-spacing:0;\">Address<\/h4><p>Barbaros Mah. Ordu Cad. No:76\/1 Ata\u015fehir \/ \u0130STANBUL<\/p><\/div> <!-- header --><\/div><!-- porto-sicon-box --><div class=\"porto-separator\"><hr class=\"separator-line  align_center solid\"><\/div><div class=\"porto-sicon-box py-2 style_1 default-icon\"><div class=\"porto-sicon-default\"><div id=\"porto-icon-154919974869f1afa4a3634\" class=\"porto-just-icon-wrapper\" style=\"text-align:center;\"><div class=\"porto-icon none\" style=\"color:#220c3c;font-size:25px;display:inline-block;\"><i class=\"fas fa-mobile-alt\"><\/i><\/div><\/div><\/div><div class=\"porto-sicon-header\"><h4 class=\"porto-sicon-title\" style=\"font-size:1.4em;letter-spacing:0;\">Phone Number<\/h4><p> 444 53 06<\/p><\/div> <!-- header --><\/div><!-- porto-sicon-box --><div class=\"porto-sicon-box py-2 style_1 default-icon\"><div class=\"porto-sicon-default\"><div id=\"porto-icon-111410593369f1afa4a36d3\" class=\"porto-just-icon-wrapper\" style=\"text-align:center;\"><div class=\"porto-icon none\" style=\"color:#220c3c;font-size:25px;display:inline-block;\"><i class=\"fas fa-mobile-alt\"><\/i><\/div><\/div><\/div><div class=\"porto-sicon-header\"><h4 class=\"porto-sicon-title\" style=\"font-size:1.4em;letter-spacing:0;\">Fax Number<\/h4><p>+90 216 577 06 26<\/p><\/div> <!-- header --><\/div><!-- porto-sicon-box --><div class=\"porto-separator\"><hr class=\"separator-line  align_center solid\"><\/div><a class=\"porto-sicon-box-link\" href=\"#\"><div class=\"porto-sicon-box py-2 style_1 default-icon\"><div class=\"porto-sicon-default\"><div id=\"porto-icon-32569291069f1afa4a37ea\" class=\"porto-just-icon-wrapper\" style=\"text-align:center;\"><div class=\"porto-icon none\" style=\"color:#220c3c;font-size:25px;display:inline-block;\"><i class=\"far fa-envelope\"><\/i><\/div><\/div><\/div><div class=\"porto-sicon-header\"><h4 class=\"porto-sicon-title\" style=\"font-size:1.4em;letter-spacing:0;\">E-Mail address<\/h4><p>info@kackaryapi.com.tr<\/p><\/div> <!-- header --><\/div><!-- porto-sicon-box --><\/a><div class=\"porto-separator\"><hr class=\"separator-line  align_center solid\"><\/div><div class=\"porto-sicon-box  vc_custom_1670718386243 pt-2 mb-0 style_1 default-icon\"><div class=\"porto-sicon-default\"><div id=\"porto-icon-174241914569f1afa4a3910\" class=\"porto-just-icon-wrapper\" style=\"text-align:center;\"><div class=\"porto-icon none\" style=\"color:#220c3c;font-size:25px;display:inline-block;\"><i class=\"far fa-calendar-alt\"><\/i><\/div><\/div><\/div><div class=\"porto-sicon-header\"><h4 class=\"porto-sicon-title\" style=\"font-size:1.4em;letter-spacing:0;\">Working Hours<\/h4><p>Monday - Friday 9:00 - 19:00 \/ Weekend - CLOSED<\/p><\/div> <!-- header --><\/div><!-- porto-sicon-box --><div id='wrap_map_69f1afa4a398e' class='porto-map-wrapper porto-adjust-bottom-margin mb-0' style='height:400px;'><div id='map_69f1afa4a398e' data-map_override='0' class='porto_google_map wpb_content_element' style='width:100%;height:400px;'><\/div><\/div><script>\n(function($) {\n\t'use strict';\n\tjQuery(document).ready(function($) {\n\t\tif (typeof google == 'undefined') {\n\t\t\treturn;\n\t\t}\n\t\tvar map_map_69f1afa4a398e = null;\n\t\tvar coordinate_map_69f1afa4a398e;\n\t\ttry {\n\t\t\tcoordinate_map_69f1afa4a398e=new google.maps.LatLng(40.9941634, 29.0965574);\n\t\t\tvar isDraggable = $(document).width() > 640 ? true : true;\n\t\t\tvar mapOptions = {\n\t\t\t\tzoom: 16,\n\t\t\t\tcenter: coordinate_map_69f1afa4a398e,\n\t\t\t\tscaleControl: true,\n\t\t\t\tstreetViewControl: true,\n\t\t\t\tmapTypeControl: true,\n\t\t\t\tpanControl: true,\n\t\t\t\tzoomControl: true,\n\t\t\t\tscrollwheel: false,\n\t\t\t\tdraggable: isDraggable,\n\t\t\t\tzoomControlOptions: {\n\t\t\t\t\tposition: google.maps.ControlPosition.RIGHT_BOTTOM\n\t\t\t\t}, mapTypeControlOptions: {\n\t\t\t\t\t\tmapTypeIds: [google.maps.MapTypeId.ROADMAP, 'map_style']\n\t\t\t\t\t}};var styles = [{\"featureType\":\"water\",\"elementType\":\"geometry\",\"stylers\":[{\"color\":\"#e9e9e9\"},{\"lightness\":17}]},{\"featureType\":\"landscape\",\"elementType\":\"geometry\",\"stylers\":[{\"color\":\"#f5f5f5\"},{\"lightness\":20}]},{\"featureType\":\"road.highway\",\"elementType\":\"geometry.fill\",\"stylers\":[{\"color\":\"#ffffff\"},{\"lightness\":17}]},{\"featureType\":\"road.highway\",\"elementType\":\"geometry.stroke\",\"stylers\":[{\"color\":\"#ffffff\"},{\"lightness\":29},{\"weight\":0.2}]},{\"featureType\":\"road.arterial\",\"elementType\":\"geometry\",\"stylers\":[{\"color\":\"#ffffff\"},{\"lightness\":18}]},{\"featureType\":\"road.local\",\"elementType\":\"geometry\",\"stylers\":[{\"color\":\"#ffffff\"},{\"lightness\":16}]},{\"featureType\":\"poi\",\"elementType\":\"geometry\",\"stylers\":[{\"color\":\"#f5f5f5\"},{\"lightness\":21}]},{\"featureType\":\"poi.park\",\"elementType\":\"geometry\",\"stylers\":[{\"color\":\"#dedede\"},{\"lightness\":21}]},{\"elementType\":\"labels.text.stroke\",\"stylers\":[{\"visibility\":\"on\"},{\"color\":\"#ffffff\"},{\"lightness\":16}]},{\"elementType\":\"labels.text.fill\",\"stylers\":[{\"saturation\":36},{\"color\":\"#333333\"},{\"lightness\":40}]},{\"elementType\":\"labels.icon\",\"stylers\":[{\"visibility\":\"off\"}]},{\"featureType\":\"transit\",\"elementType\":\"geometry\",\"stylers\":[{\"color\":\"#f2f2f2\"},{\"lightness\":19}]},{\"featureType\":\"administrative\",\"elementType\":\"geometry.fill\",\"stylers\":[{\"color\":\"#fefefe\"},{\"lightness\":20}]},{\"featureType\":\"administrative\",\"elementType\":\"geometry.stroke\",\"stylers\":[{\"color\":\"#fefefe\"},{\"lightness\":17},{\"weight\":1.2}]}];\n\t\t\t\t\tvar styledMap = new google.maps.StyledMapType(styles,\n\t\t\t\t\t\t{name: \"Styled Map\"});var map_map_69f1afa4a398e = new google.maps.Map(document.getElementById('map_69f1afa4a398e'),mapOptions);map_map_69f1afa4a398e.mapTypes.set('map_style', styledMap);\n\t\t\t\t\t\t map_map_69f1afa4a398e.setMapTypeId('map_style');\n\t\t\t\t\tvar x = 'off';\n\t\t\t\t\tvar marker_map_69f1afa4a398e = new google.maps.Marker({\n\t\t\t\t\tposition: new google.maps.LatLng(40.9941634, 29.0965574),\n\t\t\t\t\tanimation:  google.maps.Animation.DROP,\n\t\t\t\t\tmap: map_map_69f1afa4a398e,\n\t\t\t\t\ticon: 'https:\/\/kackaryapi.com.tr\/wp-content\/uploads\/2020\/06\/pin-1.png'\n\t\t\t\t});\n\t\t\t\tgoogle.maps.event.addListener(marker_map_69f1afa4a398e, 'click', toggleBounce);var infowindow = new google.maps.InfoWindow();\n\t\t\t\t\t\tinfowindow.setContent('<div class=\"map_info_text\" style=\\'color:#000;\\'>\u0130\u00e7erenk\u00f6y Mah. Prof. Dr.Necmettin Erbakan Cad. No:90\/1 Ata\u015fehir \/ \u0130STANBUL<\/div>');infowindow.open(map_map_69f1afa4a398e,marker_map_69f1afa4a398e);google.maps.event.addListener(marker_map_69f1afa4a398e, 'click', function() {\n\t\t\t\t\t\t\tinfowindow.open(map_map_69f1afa4a398e,marker_map_69f1afa4a398e);\n\t\t\t\t\t\t});}\n\t\tcatch(e){};\n\t\tgoogle.maps.event.trigger(map_map_69f1afa4a398e, 'resize');\n\t\t$(window).resize(function(){\n\t\t\tgoogle.maps.event.trigger(map_map_69f1afa4a398e, 'resize');\n\t\t\tif(map_map_69f1afa4a398e!=null) {\n\t\t\t\tmap_map_69f1afa4a398e.setCenter(coordinate_map_69f1afa4a398e);\n\t\t\t}\n\t\t});\n\t\t$('.ui-tabs').on('tabsactivate', function(event, ui) {\n\t\t   if($(this).find('.porto-map-wrapper').length > 0)\n\t\t\t{\n\t\t\t\tsetTimeout(function(){\n\t\t\t\t\t$(window).trigger('resize');\n\t\t\t\t},200);\n\t\t\t}\n\t\t});\n\t\t$('.ui-accordion').on('accordionactivate', function(event, ui) {\n\t\t\tif($(this).find('.porto-map-wrapper').length > 0) {\n\t\t\t\tsetTimeout(function(){\n\t\t\t\t\t$(window).trigger('resize');\n\t\t\t\t},200);\n\t\t\t}\n\t\t});\n\t\t$(document).on('onPortoModalPopupOpen', function(){\n\t\t\tif($(map_map_69f1afa4a398e).parents('.porto_modal-content')) {\n\t\t\t\tsetTimeout(function(){\n\t\t\t\t\t$(window).trigger('resize');\n\t\t\t\t},200);\n\t\t\t}\n\t\t});\n\t\tfunction toggleBounce() {\n\t\t\tif (marker_map_69f1afa4a398e.getAnimation() != null) {\n\t\t\t\tmarker_map_69f1afa4a398e.setAnimation(null);\n\t\t\t} else {\n\t\t\t\tmarker_map_69f1afa4a398e.setAnimation(google.maps.Animation.BOUNCE);\n\t\t\t}\n\t\t}\n\t});\n\n\t$(window).on('load', function() {\n\t\tsetTimeout(function() {\n\t\t\t$(window).trigger('resize');\n\t\t},200);\n\t});\n})(jQuery);\n<\/script><\/div><\/div><\/div><\/div><\/div><\/section>","protected":false},"excerpt":{"rendered":"Merkez Ofis \u0130leti\u015fim BilgilerimizAdresBarbaros Mah. Ersin Sok Ortabahar Cad. No:5 Ata\u015fehir \/ \u0130STANBUL Telefon Numaras\u0131444 53 06 Fax Numaras\u0131+90 216 472 59 68 E-Posta Adresiinfo@kackaryapi.com.tr \u00c7al\u0131\u015fma SaatleriPazartesi - Cuma 9:00 - 19:00 \/ Hafta Sonu - KAPALI Depo ve Sat\u0131\u015f Ofisi \u0130leti\u015fim BilgilerimizAdresBarbaros Mah. Ordu Cad. No:76\/1 Ata\u015fehir \/ \u0130STANBUL Telefon Numaras\u0131 444 53 06 [...]","protected":false},"author":1,"featured_media":0,"parent":0,"menu_order":0,"comment_status":"closed","ping_status":"closed","template":"","meta":{"footnotes":""},"class_list":["post-41","page","type-page","status-publish","hentry"],"_links":{"self":[{"href":"https:\/\/kackaryapi.com.tr\/en\/wp-json\/wp\/v2\/pages\/41","targetHints":{"allow":["GET"]}}],"collection":[{"href":"https:\/\/kackaryapi.com.tr\/en\/wp-json\/wp\/v2\/pages"}],"about":[{"href":"https:\/\/kackaryapi.com.tr\/en\/wp-json\/wp\/v2\/types\/page"}],"author":[{"embeddable":true,"href":"https:\/\/kackaryapi.com.tr\/en\/wp-json\/wp\/v2\/users\/1"}],"replies":[{"embeddable":true,"href":"https:\/\/kackaryapi.com.tr\/en\/wp-json\/wp\/v2\/comments?post=41"}],"version-history":[{"count":5,"href":"https:\/\/kackaryapi.com.tr\/en\/wp-json\/wp\/v2\/pages\/41\/revisions"}],"predecessor-version":[{"id":566,"href":"https:\/\/kackaryapi.com.tr\/en\/wp-json\/wp\/v2\/pages\/41\/revisions\/566"}],"wp:attachment":[{"href":"https:\/\/kackaryapi.com.tr\/en\/wp-json\/wp\/v2\/media?parent=41"}],"curies":[{"name":"wp","href":"https:\/\/api.w.org\/{rel}","templated":true}]}}