{"id":37,"date":"2020-06-01T08:12:53","date_gmt":"2020-06-01T08:12:53","guid":{"rendered":"http:\/\/sw-themes.com\/porto_dummy\/?page_id=37"},"modified":"2022-12-17T18:16:53","modified_gmt":"2022-12-17T15:16:53","slug":"hakkimizda","status":"publish","type":"page","link":"https:\/\/kackaryapi.com.tr\/en\/hakkimizda\/","title":{"rendered":"About Us"},"content":{"rendered":"<div class=\"vc_row wpb_row mt-2 section section-parallax mt-0 mb-0 section-no-borders porto-inner-container\"><div class=\"porto-wrap-container container\"><div class=\"row\"><div class=\"vc_column_container col-md-12\"><div class=\"wpb_wrapper vc_column-inner\"><p  class=\"vc_custom_heading align-left\">Our company, which was founded in 1995 by architects and engineers experienced in projects and applications, has adopted the principle of working with teams that are experts in their own fields.<\/p><p  class=\"vc_custom_heading align-left\">As Ka\u00e7kar Yap\u0131, we believe that we have succeeded in coming to the fore in the sector with all our works that we produce and implement using our own material stock without compromising the total quality understanding. Since we are an application-based company, assisting the implementing companies and teams in technical terms is the most important factor that makes Ka\u00e7kar Yap\u0131 different. We believe it adds value<\/p><div class=\"porto-blockquote wpb_content_element\"><blockquote class=\"blockquote-primary\"><p>\n<h4><span style=\"vertical-align: inherit;\"><span style=\"vertical-align: inherit;\"><span style=\"vertical-align: inherit;\"><span style=\"vertical-align: inherit;\"><span style=\"vertical-align: inherit;\"><span style=\"vertical-align: inherit;\"><span style=\"vertical-align: inherit;\"><span style=\"vertical-align: inherit;\"><span style=\"vertical-align: inherit;\"><span style=\"vertical-align: inherit;\"><span style=\"vertical-align: inherit;\"><span style=\"vertical-align: inherit;\">Ka\u00e7kar Yap\u0131, Bir Projeye Ba\u015flamadan \u00d6nce Sizin Gibi\u00a0 \u00a0<\/span><\/span><\/span><\/span><\/span><\/span><\/span><\/span><strong><span style=\"vertical-align: inherit;\"><span style=\"vertical-align: inherit;\"><span style=\"vertical-align: inherit;\"><span style=\"vertical-align: inherit;\"><span style=\"vertical-align: inherit;\"><span style=\"vertical-align: inherit;\"><span style=\"vertical-align: inherit;\"><span style=\"vertical-align: inherit;\">D\u00dc\u015e\u00dcN\u00dcR<\/span><\/span><\/span><\/span><\/span><\/span><\/span><\/span><\/strong><span style=\"vertical-align: inherit;\"><span style=\"vertical-align: inherit;\"><span style=\"vertical-align: inherit;\"><span style=\"vertical-align: inherit;\"><span style=\"vertical-align: inherit;\"><span style=\"vertical-align: inherit;\"><span style=\"vertical-align: inherit;\"><span style=\"vertical-align: inherit;\"> !<\/span><\/span><\/span><\/span><\/span><\/span><\/span><\/span><\/span><\/span><\/span><\/span><\/h4>\n<p><\/p><\/blockquote><\/div><div class=\"vc_row wpb_row vc_inner row pt-3\" data-appear-animation=\"fadeInUp\" data-appear-animation-delay=\"200\"><div class=\"vc_column_container col-md-12 col-lg-4\"><div class=\"wpb_wrapper vc_column-inner\"><div class=\"porto-sicon-box custom-info-box-effect p-4 mb-0 style_1 left-icon\"><div class=\"porto-sicon-left\"><div id=\"porto-icon-69148531669da8819d4106\" class=\"porto-just-icon-wrapper\" style=\"text-align:center;\"><div class=\"porto-icon advanced\" style=\"color:#220c3c;background:transparent;border-style:solid;border-color:#dfdfdf;border-width:1px;width:98px;height:98px;line-height:98px;border-radius:50px;font-size:32px;display:inline-block;\"><i class=\"fas fa-user-alt\"><\/i><\/div><\/div><\/div><div class=\"porto-sicon-body\"><div class=\"porto-sicon-header\"><h3 class=\"porto-sicon-title\" style=\"font-weight:700;font-size:1.3125rem;line-height:1.28;\">Alan\u0131nda Uzman Ekip<\/h3><p>Ka\u00e7kar Yap\u0131 alan\u0131nda uzman ekip ve deneyimli personeli ile projelerinizi en iyi \u015fekilde haz\u0131rlamaktad\u0131r.<\/p><\/div> <!-- header --><\/div><\/div><!-- porto-sicon-box --><\/div><\/div><div class=\"vc_column_container col-md-12 col-lg-4\"><div class=\"wpb_wrapper vc_column-inner\"><div class=\"porto-sicon-box custom-info-box-effect p-4 mb-0 style_1 left-icon\"><div class=\"porto-sicon-left\"><div id=\"porto-icon-31834660369da8819d4293\" class=\"porto-just-icon-wrapper\" style=\"text-align:center;\"><div class=\"porto-icon advanced\" style=\"color:#220c3c;background:transparent;border-style:solid;border-color:#dfdfdf;border-width:1px;width:98px;height:98px;line-height:98px;border-radius:50px;font-size:32px;display:inline-block;\"><i class=\"fas fa-tags\"><\/i><\/div><\/div><\/div><div class=\"porto-sicon-body\"><div class=\"porto-sicon-header\"><h3 class=\"porto-sicon-title\" style=\"font-weight:700;font-size:1.3125rem;line-height:1.28;\">\u00dcr\u00fcn Sat\u0131\u015f ve Destek<\/h3><p>Ka\u00e7kar Yap\u0131 olarak alan\u0131nda en iyi markalar\u0131n \u00fcr\u00fcnlerini sizler i\u00e7in sunuyoruz. Sat\u0131\u015f sonras\u0131 destek hizmetimiz vard\u0131r<\/p><\/div> <!-- header --><\/div><\/div><!-- porto-sicon-box --><\/div><\/div><div class=\"vc_column_container col-md-12 col-lg-4\"><div class=\"wpb_wrapper vc_column-inner\"><div class=\"porto-sicon-box custom-info-box-effect p-4 mb-0 style_1 left-icon\"><div class=\"porto-sicon-left\"><div id=\"porto-icon-120399623469da8819d43dc\" class=\"porto-just-icon-wrapper\" style=\"text-align:center;\"><div class=\"porto-icon advanced\" style=\"color:#220c3c;background:transparent;border-style:solid;border-color:#dfdfdf;border-width:1px;width:98px;height:98px;line-height:98px;border-radius:50px;font-size:32px;display:inline-block;\"><i class=\"fas fa-clipboard\"><\/i><\/div><\/div><\/div><div class=\"porto-sicon-body\"><div class=\"porto-sicon-header\"><h3 class=\"porto-sicon-title\" style=\"font-weight:700;font-size:1.3125rem;line-height:1.28;\">Proje Uygulama<\/h3><p>Ka\u00e7kar Yap\u0131 designs the most stylish and usable projects with its expert and experienced architects.<\/p><\/div> <!-- header --><\/div><\/div><!-- porto-sicon-box --><\/div><\/div><\/div><\/div><\/div><\/div><\/div><\/div><div class=\"vc_row wpb_row section section-primary mt-0 mb-0 section-no-borders porto-inner-container\"><div class=\"porto-wrap-container container\"><div class=\"row\"><div class=\"vc_column_container col-md-4\"><div class=\"wpb_wrapper vc_column-inner\">\n\t<div class=\"wpb_single_image wpb_content_element vc_align_center   my-3\"data-appear-animation=\"fadeIn\" data-appear-animation-delay=\"200\">\n\t\t<div class=\"wpb_wrapper\">\n\t\t\t\n\t\t\t<a class=\"porto-vc-zoom\" data-gallery=\"true\" data-title=\"\" href=\"https:\/\/kackaryapi.com.tr\/wp-content\/uploads\/2020\/06\/about-us-1-1-1.jpg\" target=\"_self\"><div class=\"vc_single_image-wrapper   vc_box_border_grey\"><img loading=\"lazy\" decoding=\"async\" width=\"457\" height=\"306\" src=\"https:\/\/kackaryapi.com.tr\/wp-content\/uploads\/2020\/06\/about-us-1-1-1.jpg\" class=\"vc_single_image-img attachment-full\" alt=\"\" srcset=\"https:\/\/kackaryapi.com.tr\/wp-content\/uploads\/2020\/06\/about-us-1-1-1.jpg 457w, https:\/\/kackaryapi.com.tr\/wp-content\/uploads\/2020\/06\/about-us-1-1-1-400x268.jpg 400w, https:\/\/kackaryapi.com.tr\/wp-content\/uploads\/2020\/06\/about-us-1-1-1-367x246.jpg 367w\" sizes=\"auto, (max-width: 457px) 100vw, 457px\" \/><\/div><\/a>\n\t\t<\/div>\n\t<\/div>\n<\/div><\/div><div class=\"vc_column_container col-md-4\"><div class=\"wpb_wrapper vc_column-inner\">\n\t<div class=\"wpb_single_image wpb_content_element vc_align_center   my-3\"data-appear-animation=\"fadeIn\" data-appear-animation-delay=\"500\">\n\t\t<div class=\"wpb_wrapper\">\n\t\t\t\n\t\t\t<a class=\"porto-vc-zoom\" data-gallery=\"true\" data-title=\"\" href=\"https:\/\/kackaryapi.com.tr\/wp-content\/uploads\/2020\/06\/about-us-2-1-1.jpg\" target=\"_self\"><div class=\"vc_single_image-wrapper   vc_box_border_grey\"><img loading=\"lazy\" decoding=\"async\" width=\"457\" height=\"306\" src=\"https:\/\/kackaryapi.com.tr\/wp-content\/uploads\/2020\/06\/about-us-2-1-1.jpg\" class=\"vc_single_image-img attachment-full\" alt=\"\" srcset=\"https:\/\/kackaryapi.com.tr\/wp-content\/uploads\/2020\/06\/about-us-2-1-1.jpg 457w, https:\/\/kackaryapi.com.tr\/wp-content\/uploads\/2020\/06\/about-us-2-1-1-400x268.jpg 400w, https:\/\/kackaryapi.com.tr\/wp-content\/uploads\/2020\/06\/about-us-2-1-1-367x246.jpg 367w\" sizes=\"auto, (max-width: 457px) 100vw, 457px\" \/><\/div><\/a>\n\t\t<\/div>\n\t<\/div>\n<\/div><\/div><div class=\"vc_column_container col-md-4\"><div class=\"wpb_wrapper vc_column-inner\">\n\t<div class=\"wpb_single_image wpb_content_element vc_align_center   my-3\"data-appear-animation=\"fadeIn\" data-appear-animation-delay=\"800\">\n\t\t<div class=\"wpb_wrapper\">\n\t\t\t\n\t\t\t<a class=\"porto-vc-zoom\" data-gallery=\"true\" data-title=\"\" href=\"https:\/\/kackaryapi.com.tr\/wp-content\/uploads\/2020\/06\/about-us-3-1-1.jpg\" target=\"_self\"><div class=\"vc_single_image-wrapper   vc_box_border_grey\"><img loading=\"lazy\" decoding=\"async\" width=\"457\" height=\"306\" src=\"https:\/\/kackaryapi.com.tr\/wp-content\/uploads\/2020\/06\/about-us-3-1-1.jpg\" class=\"vc_single_image-img attachment-full\" alt=\"\" srcset=\"https:\/\/kackaryapi.com.tr\/wp-content\/uploads\/2020\/06\/about-us-3-1-1.jpg 457w, https:\/\/kackaryapi.com.tr\/wp-content\/uploads\/2020\/06\/about-us-3-1-1-400x268.jpg 400w, https:\/\/kackaryapi.com.tr\/wp-content\/uploads\/2020\/06\/about-us-3-1-1-367x246.jpg 367w\" sizes=\"auto, (max-width: 457px) 100vw, 457px\" \/><\/div><\/a>\n\t\t<\/div>\n\t<\/div>\n<\/div><\/div><\/div><\/div><\/div><div class=\"vc_row wpb_row section section-parallax mt-0 mb-0 section-no-borders porto-inner-container\"><div class=\"porto-wrap-container container\"><div class=\"row\"><div class=\"vc_column_container col-md-12\"><div class=\"wpb_wrapper vc_column-inner\"><div class=\"porto-blockquote wpb_content_element\"><blockquote class=\"blockquote-primary\"><p>\n<h4><span style=\"vertical-align: inherit;\"><span style=\"vertical-align: inherit;\"><span style=\"vertical-align: inherit;\"><span style=\"vertical-align: inherit;\"><span style=\"vertical-align: inherit;\"><span style=\"vertical-align: inherit;\">En ince ayr\u0131nt\u0131s\u0131na kadar , hi\u00e7 bir detay\u0131 g\u00f6zden ka\u00e7\u0131rmadan , b\u00fcy\u00fck bir \u00f6zenle\u00a0 \u00a0 <b>PLANLAR <\/b><\/span><\/span><span style=\"vertical-align: inherit;\"><span style=\"vertical-align: inherit;\">!<\/span><\/span><\/span><\/span><\/span><\/span><\/h4>\n<p><\/p><\/blockquote><\/div>\n\t<div class=\"wpb_text_column wpb_content_element  m-b-md\" >\n\t\t<div class=\"wpb_wrapper\">\n\t\t\t<p>Ka\u00e7kar Yap\u0131 has a mindset that applies the concept of standard overtime for daily work flow, but plans the next day by calculating with a 24-hour mindset. Because this is a strong pleasure for his philosophy of life and his work.<\/p>\n<p>It plans everything that should be in a project with its professional drawing team, down to the smallest detail, without missing any detail. Because the perfect plan and design covers 50% of a project, it makes it easier for the works to proceed without mistakes at the time of implementation, and ensures that the result is reached quickly and safely.<\/p>\n<p>Before starting a project, Ka\u00e7kar Yap\u0131 supplies all necessary products and brands according to quality standards and builds the project as it should be.<\/p>\n\n\t\t<\/div>\n\t<\/div>\n<\/div><\/div><\/div><\/div><\/div>","protected":false},"excerpt":{"rendered":"Proje ve uygulamada deneyimli mimar ve m\u00fchendisler taraf\u0131ndan 1995 y\u0131l\u0131nda kurulan firmam\u0131z, b\u00fcnyesinde bar\u0131nd\u0131rd\u0131\u011f\u0131 her biri kendi alannda uzman olan ekipler ile \u00e7al\u0131\u015fmay\u0131 ilke edinmi\u015ftir.Ka\u00e7kar Yap\u0131 olarak projesini \u00fcretti\u011fimiz ve toplam kalite anlay\u0131\u015f\u0131ndan taviz vermeden tamamen kendi malzeme sto\u011fumuzu kullanarak uygulamas\u0131n\u0131 yapt\u0131\u011f\u0131m\u0131z t\u00fcm i\u015flerimizle sekt\u00f6rde \u00f6ne \u00e7\u0131kmay\u0131 ba\u015fard\u0131\u011f\u0131m\u0131za inan\u0131yoruz. Uygulama k\u00f6kenli bir firma olmam\u0131zdan dolay\u0131 [...]","protected":false},"author":1,"featured_media":0,"parent":0,"menu_order":0,"comment_status":"closed","ping_status":"closed","template":"","meta":{"footnotes":""},"class_list":["post-37","page","type-page","status-publish","hentry"],"_links":{"self":[{"href":"https:\/\/kackaryapi.com.tr\/en\/wp-json\/wp\/v2\/pages\/37","targetHints":{"allow":["GET"]}}],"collection":[{"href":"https:\/\/kackaryapi.com.tr\/en\/wp-json\/wp\/v2\/pages"}],"about":[{"href":"https:\/\/kackaryapi.com.tr\/en\/wp-json\/wp\/v2\/types\/page"}],"author":[{"embeddable":true,"href":"https:\/\/kackaryapi.com.tr\/en\/wp-json\/wp\/v2\/users\/1"}],"replies":[{"embeddable":true,"href":"https:\/\/kackaryapi.com.tr\/en\/wp-json\/wp\/v2\/comments?post=37"}],"version-history":[{"count":5,"href":"https:\/\/kackaryapi.com.tr\/en\/wp-json\/wp\/v2\/pages\/37\/revisions"}],"predecessor-version":[{"id":567,"href":"https:\/\/kackaryapi.com.tr\/en\/wp-json\/wp\/v2\/pages\/37\/revisions\/567"}],"wp:attachment":[{"href":"https:\/\/kackaryapi.com.tr\/en\/wp-json\/wp\/v2\/media?parent=37"}],"curies":[{"name":"wp","href":"https:\/\/api.w.org\/{rel}","templated":true}]}}