{"id":35,"date":"2020-06-01T08:12:20","date_gmt":"2020-06-01T08:12:20","guid":{"rendered":"http:\/\/sw-themes.com\/porto_dummy\/?page_id=35"},"modified":"2022-12-21T00:56:56","modified_gmt":"2022-12-20T21:56:56","slug":"projeler","status":"publish","type":"page","link":"https:\/\/kackaryapi.com.tr\/en\/projeler\/","title":{"rendered":"Our Projects"},"content":{"rendered":"<div class=\"vc_row wpb_row row mt-3\"><div class=\"vc_column_container col-md-12\"><div class=\"wpb_wrapper vc_column-inner\"><p  class=\"vc_custom_heading mb-1 align-left\">WHAT DID WE DO?<\/p><h2 style=\"font-size: 2em;line-height: 1\" class=\"vc_custom_heading mb-4 pb-2 align-left\">Our Projects<\/h2><div id=\"porto-portfolio-3978\" class=\"porto-portfolios porto-portfolios4d26b39e075f5b6754c64eec5109f20a wpb_content_element\">\n\t\n\t<div class=\"page-portfolios portfolios-grid clearfix\">\n\n\t\n\t\t\t<ul class=\"portfolio-filter nav sort-source nav-pills\">\n\t\t\t<li class=\"active\" data-filter=\"*\"><a href=\"#\">Show All<\/a><\/li>\n\t\t\t\t\t\t\t<li data-filter=\"hastahane-projeleri\"><a href=\"#\">Hastahane Projeleri<\/a><\/li>\n\t\t\t\t\t\t\t<li data-filter=\"ofis-uygulamalari\"><a href=\"#\">Ofis Uygulamalar\u0131<\/a><\/li>\n\t\t\t\t\t\t\t<li data-filter=\"saglik\"><a href=\"#\">Sa\u011fl\u0131k Sekt\u00f6r\u00fc Uygulamalar\u0131<\/a><\/li>\n\t\t\t\t\t<\/ul>\n\t\t\t\t\t<hr>\n\t\t\t\n\t\t\t<div class=\"portfolio-row portfolio-row-4 classic\">\n\n\t\n\t\t<article class=\"portfolio portfolio-grid portfolio-col-4 saglik post-1066 type-portfolio status-publish has-post-thumbnail hentry portfolio_cat-saglik\">\n\t\t<span class=\"entry-title\" style=\"display: none;\">Vera Clinic Adalar Kartal<\/span><span class=\"vcard\" style=\"display: none;\"><span class=\"fn\"><a href=\"https:\/\/kackaryapi.com.tr\/en\/author\/kackar-admin\/\" title=\"Posts by Kackar-admin\" rel=\"author\">Kackar-admin<\/a><\/span><\/span><span class=\"updated\" style=\"display:none\">2025-05-31T18:13:59+03:00<\/span>\t\t<div class=\"portfolio-item default\">\n\t\t\t\n\t\t\t<a class=\"text-decoration-none portfolio-link\" href=\"https:\/\/kackaryapi.com.tr\/en\/project\/vera-clinic-adalar-kartal\/\">\n\t\t\t\t<span class=\"thumb-info thumb-info-lighten thumb-info-no-zoom\">\n\t\t\t\t\t<span class=\"thumb-info-wrapper\">\n\t\t\t\t\t\t\t\t\t\t\t\t\t\t\t<img loading=\"lazy\" decoding=\"async\" class=\"img-responsive\" src=\"https:\/\/kackaryapi.com.tr\/wp-content\/uploads\/2025\/05\/AkkocaMimarlik_VeraClinic\u00a9GRIYER_19-367x367.jpg\" alt=\"\" width=\"367\" height=\"367\" \/>\n\t\t\t\t\t\t\t\t\t\n\t\t\t\t\t\t\n\t\t\t\t\t\t\n\t\t\t\t\t\t\t\t\t\t\t\t\t\t\t<span class=\"thumb-info-plus\"><\/span>\n\t\t\t\t\t\t\t\t\t\t\t\t\t\t\t\t\t\t\t\t\t\t\t\t\t\t\t\t\t\t\t<\/span>\n\t\t\t\t<\/span>\n\t\t\t<\/a>\n\t\t\t\t\t\t\t\t<\/div>\n\t<\/article>\n\t\n\t\n\t\n\t\t<\/div>\n\n\t\n\t\t\t<input type=\"hidden\" class=\"shortcode-id\" value=\"4d26b39e075f5b6754c64eec5109f20a\"\/>\n\t\t\t\t\t<div class=\"clearfix\"><\/div>\n\t\t\t<div class=\"pagination-wrap\">\n\t\t\t\t\t\t\t\t<div class=\"pagination\" role=\"navigation\">\n\t\t\t\t\t<span aria-current=\"page\" class=\"page-numbers current\">1<\/span><a class=\"page-numbers\" href=\"https:\/\/kackaryapi.com.tr\/en\/wp-json\/wp\/v2\/pages\/35\/page\/2\/\">2<\/a><a class=\"page-numbers\" href=\"https:\/\/kackaryapi.com.tr\/en\/wp-json\/wp\/v2\/pages\/35\/page\/3\/\">3<\/a><a class=\"next page-numbers\" href=\"https:\/\/kackaryapi.com.tr\/en\/wp-json\/wp\/v2\/pages\/35\/page\/2\/\">Next&nbsp;&nbsp;<i class=\"fas fa-long-arrow-alt-right\"><\/i><\/a>\t\t\t\t<\/div>\n\t\t\t<\/div>\n\t\t\t\t\n\t<\/div>\n\n\t\n\t\n\t<\/div><\/div><\/div><\/div>","protected":false},"excerpt":{"rendered":"Proje BilgisiThis is custom heading elementProje KonumuKartal \/ \u0130STANBULProje TipiAsma Tavan ve Duvar Uygulamas\u0131Proje Maliyeti700.000 TLProje DurumuProje Tamamland\u0131 100%Proje G\u00f6rselleri","protected":false},"author":1,"featured_media":0,"parent":0,"menu_order":0,"comment_status":"closed","ping_status":"closed","template":"","meta":{"footnotes":""},"class_list":["post-35","page","type-page","status-publish","hentry"],"_links":{"self":[{"href":"https:\/\/kackaryapi.com.tr\/en\/wp-json\/wp\/v2\/pages\/35","targetHints":{"allow":["GET"]}}],"collection":[{"href":"https:\/\/kackaryapi.com.tr\/en\/wp-json\/wp\/v2\/pages"}],"about":[{"href":"https:\/\/kackaryapi.com.tr\/en\/wp-json\/wp\/v2\/types\/page"}],"author":[{"embeddable":true,"href":"https:\/\/kackaryapi.com.tr\/en\/wp-json\/wp\/v2\/users\/1"}],"replies":[{"embeddable":true,"href":"https:\/\/kackaryapi.com.tr\/en\/wp-json\/wp\/v2\/comments?post=35"}],"version-history":[{"count":6,"href":"https:\/\/kackaryapi.com.tr\/en\/wp-json\/wp\/v2\/pages\/35\/revisions"}],"predecessor-version":[{"id":1088,"href":"https:\/\/kackaryapi.com.tr\/en\/wp-json\/wp\/v2\/pages\/35\/revisions\/1088"}],"wp:attachment":[{"href":"https:\/\/kackaryapi.com.tr\/en\/wp-json\/wp\/v2\/media?parent=35"}],"curies":[{"name":"wp","href":"https:\/\/api.w.org\/{rel}","templated":true}]}}