{"id":2,"date":"2020-06-01T03:50:09","date_gmt":"2020-06-01T00:50:09","guid":{"rendered":"https:\/\/kackaryapi.com.tr\/?page_id=2"},"modified":"2026-02-01T14:29:33","modified_gmt":"2026-02-01T11:29:33","slug":"home","status":"publish","type":"page","link":"https:\/\/kackaryapi.com.tr\/en\/","title":{"rendered":"Anasayfa"},"content":{"rendered":"<div class=\"vc_row wpb_row vc_custom_1670663748034 vc_row-has-fill porto-inner-container\"><div class=\"porto-wrap-container container\"><div class=\"row\"><div class=\"custom-select-slide active py-5 vc_column_container col-md-12 col-lg-4\"><div class=\"wpb_wrapper vc_column-inner\"><h4 style=\"font-size: 1.3125rem\" class=\"vc_custom_heading mt-2 align-left\">Reliable Construction Service<\/h4><p  class=\"vc_custom_heading mb-2 align-left\">As Ka\u00e7kar Yap\u0131, we take part in your construction from A to Z with our expert staff and provide all kinds of structures and repairs.<\/p><p style=\"font-weight:700\" class=\"vc_custom_heading mb-0 mb-lg-3 align-left heading-primary\"><a href=\"https:\/\/kackaryapi.com.tr\/en\/hakkimizda\/\" title=\"About Us\">Read More+<\/a><\/p><\/div><\/div><div class=\"custom-select-slide pt-lg-5 pb-5 vc_column_container col-md-12 col-lg-4\"><div class=\"wpb_wrapper vc_column-inner\"><h4 style=\"font-size: 1.3125rem\" class=\"vc_custom_heading mt-lg-2 align-left\">Project management<\/h4><p  class=\"vc_custom_heading mb-2 align-left\">With the architects and engineers of Ka\u00e7kar Yap\u0131, you are always with you during the design and management of the construction.<\/p><p style=\"font-weight:700\" class=\"vc_custom_heading mb-0 mb-lg-3 align-left heading-primary\"><a href=\"https:\/\/kackaryapi.com.tr\/en\/hakkimizda\/\" title=\"About Us\">Read More+<\/a><\/p><\/div><\/div><div class=\"custom-select-slide pt-lg-5 pb-5 vc_column_container col-md-12 col-lg-4\"><div class=\"wpb_wrapper vc_column-inner\"><h4 style=\"font-size: 1.3125rem\" class=\"vc_custom_heading mt-lg-2 align-left\">Building Restoration<\/h4><p  class=\"vc_custom_heading mb-2 align-left\">Ka\u00e7kar Yap\u0131 takes care of your values. We consolidate your values \u200b\u200bwith all kinds of restorations and blend them with today's stylish architecture.<\/p><p style=\"font-weight:700\" class=\"vc_custom_heading mb-0 mb-lg-3 align-left heading-primary\"><a href=\"https:\/\/kackaryapi.com.tr\/en\/hakkimizda\/\" title=\"About Us\">Read More+<\/a><\/p><\/div><\/div><\/div><\/div><\/div><section class=\"vc_section vc_custom_1670778404489\"><div class=\"vc_row wpb_row row\"><div class=\"vc_column_container col-md-6\"><div class=\"wpb_wrapper vc_column-inner\">\n\t<div class=\"wpb_single_image wpb_content_element vc_align_center  vc_custom_1769603488372\"data-appear-animation=\"zoomIn\">\n\t\t<div class=\"wpb_wrapper\">\n\t\t\t\n\t\t\t<a href=\"https:\/\/kackaryapi.com.tr\/en\/magaza\/\" target=\"_self\"><div class=\"vc_single_image-wrapper   vc_box_border_grey\"><img loading=\"lazy\" decoding=\"async\" width=\"700\" height=\"300\" src=\"https:\/\/kackaryapi.com.tr\/wp-content\/uploads\/2026\/01\/urun55.png\" class=\"vc_single_image-img attachment-full\" alt=\"\" srcset=\"https:\/\/kackaryapi.com.tr\/wp-content\/uploads\/2026\/01\/urun55.png 700w, https:\/\/kackaryapi.com.tr\/wp-content\/uploads\/2026\/01\/urun55-640x274.png 640w, https:\/\/kackaryapi.com.tr\/wp-content\/uploads\/2026\/01\/urun55-400x171.png 400w, https:\/\/kackaryapi.com.tr\/wp-content\/uploads\/2026\/01\/urun55-367x157.png 367w, https:\/\/kackaryapi.com.tr\/wp-content\/uploads\/2026\/01\/urun55-600x257.png 600w\" sizes=\"auto, (max-width: 700px) 100vw, 700px\" \/><\/div><\/a>\n\t\t<\/div>\n\t<\/div>\n<\/div><\/div><div class=\"vc_column_container col-md-6\"><div class=\"wpb_wrapper vc_column-inner\">\n\t<div class=\"wpb_single_image wpb_content_element vc_align_center  vc_custom_1769607022620\"data-appear-animation=\"zoomIn\">\n\t\t<div class=\"wpb_wrapper\">\n\t\t\t\n\t\t\t<a href=\"https:\/\/kackaryapi.com.tr\/en\/referanslar\/\" target=\"_self\"><div class=\"vc_single_image-wrapper   vc_box_border_grey\"><img loading=\"lazy\" decoding=\"async\" width=\"700\" height=\"300\" src=\"https:\/\/kackaryapi.com.tr\/wp-content\/uploads\/2026\/01\/referans.png\" class=\"vc_single_image-img attachment-full\" alt=\"\" srcset=\"https:\/\/kackaryapi.com.tr\/wp-content\/uploads\/2026\/01\/referans.png 700w, https:\/\/kackaryapi.com.tr\/wp-content\/uploads\/2026\/01\/referans-640x274.png 640w, https:\/\/kackaryapi.com.tr\/wp-content\/uploads\/2026\/01\/referans-400x171.png 400w, https:\/\/kackaryapi.com.tr\/wp-content\/uploads\/2026\/01\/referans-367x157.png 367w, https:\/\/kackaryapi.com.tr\/wp-content\/uploads\/2026\/01\/referans-600x257.png 600w\" sizes=\"auto, (max-width: 700px) 100vw, 700px\" \/><\/div><\/a>\n\t\t<\/div>\n\t<\/div>\n<\/div><\/div><\/div><\/section><div class=\"vc_row wpb_row section section-default mt-0 mb-0 section-no-borders porto-inner-container\"><div class=\"porto-wrap-container container\"><div class=\"row align-items-center\"><div class=\"mb-md-5 mb-xl-4 pb-xl-5 vc_column_container col-md-8 col-xl-6\"><div class=\"wpb_wrapper vc_column-inner\">\n\t<div class=\"wpb_single_image wpb_content_element vc_align_center\">\n\t\t<div class=\"wpb_wrapper\">\n\t\t\t\n\t\t\t<div class=\"vc_single_image-wrapper   vc_box_border_grey\"><img loading=\"lazy\" decoding=\"async\" width=\"1536\" height=\"1024\" src=\"https:\/\/kackaryapi.com.tr\/wp-content\/uploads\/2026\/02\/Afis-Anasayfa.png\" class=\"vc_single_image-img attachment-full\" alt=\"\" srcset=\"https:\/\/kackaryapi.com.tr\/wp-content\/uploads\/2026\/02\/Afis-Anasayfa.png 1536w, https:\/\/kackaryapi.com.tr\/wp-content\/uploads\/2026\/02\/Afis-Anasayfa-1024x683.png 1024w, https:\/\/kackaryapi.com.tr\/wp-content\/uploads\/2026\/02\/Afis-Anasayfa-768x512.png 768w, https:\/\/kackaryapi.com.tr\/wp-content\/uploads\/2026\/02\/Afis-Anasayfa-640x427.png 640w, https:\/\/kackaryapi.com.tr\/wp-content\/uploads\/2026\/02\/Afis-Anasayfa-400x267.png 400w, https:\/\/kackaryapi.com.tr\/wp-content\/uploads\/2026\/02\/Afis-Anasayfa-367x245.png 367w, https:\/\/kackaryapi.com.tr\/wp-content\/uploads\/2026\/02\/Afis-Anasayfa-600x400.png 600w\" sizes=\"auto, (max-width: 1536px) 100vw, 1536px\" \/><\/div>\n\t\t<\/div>\n\t<\/div>\n\n\t<div class=\"wpb_text_column wpb_content_element  vc_custom_1769945258448\" >\n\t\t<div class=\"wpb_wrapper\">\n\t\t\t<p style=\"text-align: center;\"><strong><span dir=\"auto\" style=\"vertical-align: inherit;\"><span dir=\"auto\" style=\"vertical-align: inherit;\">\u201d Ka\u00e7kar Yap\u0131 offers all its product and service quality to you on time and in taste as it should be by maturing it without compromising the same standard and quality . \u201c<\/span><\/span><\/strong><\/p>\n\n\t\t<\/div>\n\t<\/div>\n<\/div><\/div><div class=\"pl-md-4 pl-xl-5 py-lg-5 pt-xl-0 vc_column_container col-md-12 col-xl-6\"><div class=\"wpb_wrapper vc_column-inner\"><p  class=\"vc_custom_heading mt-5 mb-1 align-left\">WHO ARE WE<\/p><h2 style=\"font-size: 1.75rem;line-height: 1\" class=\"vc_custom_heading mb-2 align-left\">About Ka\u00e7kar Construction<\/h2><p  class=\"vc_custom_heading mb-3 align-left\">Our company, which was founded in 1995 by architects and engineers experienced in projects and applications, has adopted the principle of working with teams that are experts in their own fields.\n<p>As Ka\u00e7kar Yap\u0131, we believe that we have succeeded in coming to the fore in the sector with all our works that we produce and implement using our own material stock without compromising the total quality understanding. Since we are a practice-based company, assisting the implementing companies and teams technically is the most important factor that makes Ka\u00e7kar Yap\u0131 different.<\/p>\n<p>In parallel with the total services mentioned above, we believe that being the application and sales dealer of many world giants in their fields, especially Knauf, adds added value to our strength.<\/p><\/p><p style=\"font-weight:700\" class=\"vc_custom_heading mb-3 align-left heading-primary\"><a href=\"https:\/\/kackaryapi.com.tr\/en\/hakkimizda\/\" title=\"About Us\">READ MORE+<\/a><\/p><div class=\"vc_row wpb_row vc_inner row mb-4\"><div class=\"my-4 mb-lg-0 vc_column_container col-md-6 col-lg-3 col-6\"><div class=\"wpb_wrapper vc_column-inner\"><div class=\"stats-block stats-top  mb-0\"><div class=\"porto-sicon-top\"><div id=\"porto-icon-190110534269e43b2b2a4ac\" class=\"porto-just-icon-wrapper\" style=\"text-align:center;\"><div class=\"porto-sicon-img\" style=\"display:inline-block;font-size: 48px;\"><img loading=\"lazy\" decoding=\"async\" class=\"img-icon\" alt=\"\" src=\"https:\/\/kackaryapi.com.tr\/wp-content\/uploads\/2022\/12\/bilgi1.webp\" width=\"100\" height=\"100\" \/><\/div><\/div><\/div><div class=\"stats-desc\"><div id=\"counter_70783385469e43b2b2a4d9\" data-id=\"counter_70783385469e43b2b2a4d9\" class=\"stats-number\" style=\" font-weight:700;font-size:35px;line-height:1;color:#220c3c;\" data-speed=\"3\" data-counter-value=\"35\" data-separator=\",\" data-decimal=\".\">0<\/div><div class=\"counter_suffix mycust\" style=\" font-weight:700;font-size:35px;line-height:1;color:#220c3c\">+<\/div><div class=\"stats-text\" style=\"font-weight:300;font-size:.9em;line-height:1.2;color:#220c3c;\">Annual Experience<\/div><\/div><\/div><\/div><\/div><div class=\"my-4 mb-lg-0 vc_column_container col-md-6 col-lg-3 col-6\"><div class=\"wpb_wrapper vc_column-inner\"><div class=\"stats-block stats-top  mb-0\"><div class=\"porto-sicon-top\"><div id=\"porto-icon-7417127369e43b2b2a850\" class=\"porto-just-icon-wrapper\" style=\"text-align:center;\"><div class=\"porto-sicon-img\" style=\"display:inline-block;font-size: 48px;\"><img loading=\"lazy\" decoding=\"async\" class=\"img-icon\" alt=\"\" src=\"https:\/\/kackaryapi.com.tr\/wp-content\/uploads\/2022\/12\/proje.webp\" width=\"100\" height=\"100\" \/><\/div><\/div><\/div><div class=\"stats-desc\"><div id=\"counter_210012204069e43b2b2a871\" data-id=\"counter_210012204069e43b2b2a871\" class=\"stats-number\" style=\" font-weight:700;font-size:35px;line-height:1;color:#220c3c;\" data-speed=\"3\" data-counter-value=\"240\" data-separator=\",\" data-decimal=\".\">0<\/div><div class=\"counter_suffix mycust\" style=\" font-weight:700;font-size:35px;line-height:1;color:#220c3c\">+<\/div><div class=\"stats-text\" style=\"font-weight:300;font-size:.9em;line-height:1.2;color:#220c3c;\">Completed Projects<\/div><\/div><\/div><\/div><\/div><div class=\"my-4 mb-sm-0 vc_column_container col-md-6 col-lg-3 col-6\"><div class=\"wpb_wrapper vc_column-inner\"><div class=\"stats-block stats-top  mb-0\"><div class=\"porto-sicon-top\"><div id=\"porto-icon-201980912569e43b2b2abb1\" class=\"porto-just-icon-wrapper\" style=\"text-align:center;\"><div class=\"porto-sicon-img\" style=\"display:inline-block;font-size: 48px;\"><img loading=\"lazy\" decoding=\"async\" class=\"img-icon\" alt=\"\" src=\"https:\/\/kackaryapi.com.tr\/wp-content\/uploads\/2022\/12\/Devam-eden-proje.webp\" width=\"100\" height=\"100\" \/><\/div><\/div><\/div><div class=\"stats-desc\"><div id=\"counter_143792507469e43b2b2abd1\" data-id=\"counter_143792507469e43b2b2abd1\" class=\"stats-number\" style=\" font-weight:700;font-size:35px;line-height:1;color:#220c3c;\" data-speed=\"3\" data-counter-value=\"150\" data-separator=\"none\" data-decimal=\".\">0<\/div><div class=\"counter_suffix mycust\" style=\" font-weight:700;font-size:35px;line-height:1;color:#220c3c\">+<\/div><div class=\"stats-text\" style=\"font-weight:300;font-size:.9em;line-height:1.2;color:#220c3c;\">Ongoing projects<\/div><\/div><\/div><\/div><\/div><div class=\"mt-4 vc_column_container col-md-6 col-lg-3 col-6\"><div class=\"wpb_wrapper vc_column-inner\"><div class=\"stats-block stats-top  mb-0\"><div class=\"porto-sicon-top\"><div id=\"porto-icon-174599809669e43b2b2af23\" class=\"porto-just-icon-wrapper\" style=\"text-align:center;\"><div class=\"porto-sicon-img\" style=\"display:inline-block;font-size: 48px;\"><img loading=\"lazy\" decoding=\"async\" class=\"img-icon\" alt=\"\" src=\"https:\/\/kackaryapi.com.tr\/wp-content\/uploads\/2022\/12\/bekleyen.webp\" width=\"100\" height=\"100\" \/><\/div><\/div><\/div><div class=\"stats-desc\"><div id=\"counter_151118689969e43b2b2af43\" data-id=\"counter_151118689969e43b2b2af43\" class=\"stats-number\" style=\" font-weight:700;font-size:35px;line-height:1;color:#220c3c;\" data-speed=\"3\" data-counter-value=\"10\" data-separator=\",\" data-decimal=\".\">0<\/div><div class=\"counter_suffix mycust\" style=\" font-weight:700;font-size:35px;line-height:1;color:#220c3c\">+<\/div><div class=\"stats-text\" style=\"font-weight:300;font-size:.9em;line-height:1.2;color:#220c3c;\">Pending Projects<\/div><\/div><\/div><\/div><\/div><\/div><\/div><\/div><\/div><\/div><\/div><div class=\"vc_row wpb_row vc_custom_1769945359178 vc_row-has-fill porto-inner-container\"><div class=\"porto-wrap-container container\"><div class=\"row\"><div class=\"vc_column_container col-md-12 vc_custom_1670684725635\"><div class=\"wpb_wrapper vc_column-inner\"><h2 style=\"font-size: 1.75rem;line-height: 1;text-align: center\" class=\"vc_custom_heading mb-0 pb-2\">Our Projects<\/h2><div class=\"porto-separator\"><hr class=\"separator-line  align_center\" style=\"background-image: -webkit-linear-gradient(left, transparent, grey, transparent); background-image: linear-gradient(to right, transparent, grey, transparent);width:20%;\"><\/div><p style=\"text-align: center\" class=\"vc_custom_heading\">You can examine our completed and ongoing projects in detail below.<\/p><div class=\"vc_row wpb_row vc_inner row\"><div class=\"vc_column_container col-md-4\"><div class=\"wpb_wrapper vc_column-inner\">\n\t<div class=\"wpb_single_image wpb_content_element vc_align_center\"data-appear-animation=\"bounceInDown\" data-appear-animation-duration=\"2000\">\n\t\t<div class=\"wpb_wrapper\">\n\t\t\t\n\t\t\t<a href=\"https:\/\/kackaryapi.com.tr\/en\/project\/pera-palas\/\" target=\"_self\"><div class=\"vc_single_image-wrapper vc_box_shadow  vc_box_border_grey\"><img loading=\"lazy\" decoding=\"async\" width=\"600\" height=\"800\" src=\"https:\/\/kackaryapi.com.tr\/wp-content\/uploads\/2022\/12\/pera-1.webp\" class=\"vc_single_image-img attachment-full\" alt=\"\" srcset=\"https:\/\/kackaryapi.com.tr\/wp-content\/uploads\/2022\/12\/pera-1.webp 600w, https:\/\/kackaryapi.com.tr\/wp-content\/uploads\/2022\/12\/pera-1-400x533.webp 400w, https:\/\/kackaryapi.com.tr\/wp-content\/uploads\/2022\/12\/pera-1-367x489.webp 367w\" sizes=\"auto, (max-width: 600px) 100vw, 600px\" \/><\/div><\/a>\n\t\t<\/div>\n\t<\/div>\n<h4 style=\"text-align: center\" class=\"vc_custom_heading\">PERA PALAS<\/h4><\/div><\/div><div class=\"vc_column_container col-md-4\"><div class=\"wpb_wrapper vc_column-inner\">\n\t<div class=\"wpb_single_image wpb_content_element vc_align_center\"data-appear-animation=\"bounceInDown\" data-appear-animation-duration=\"2000\">\n\t\t<div class=\"wpb_wrapper\">\n\t\t\t\n\t\t\t<a href=\"https:\/\/kackaryapi.com.tr\/en\/project\/divan-asia\/\" target=\"_self\"><div class=\"vc_single_image-wrapper vc_box_shadow  vc_box_border_grey\"><img loading=\"lazy\" decoding=\"async\" width=\"600\" height=\"800\" src=\"https:\/\/kackaryapi.com.tr\/wp-content\/uploads\/2022\/12\/Divan-Asia.webp\" class=\"vc_single_image-img attachment-full\" alt=\"\" srcset=\"https:\/\/kackaryapi.com.tr\/wp-content\/uploads\/2022\/12\/Divan-Asia.webp 600w, https:\/\/kackaryapi.com.tr\/wp-content\/uploads\/2022\/12\/Divan-Asia-400x533.webp 400w, https:\/\/kackaryapi.com.tr\/wp-content\/uploads\/2022\/12\/Divan-Asia-367x489.webp 367w\" sizes=\"auto, (max-width: 600px) 100vw, 600px\" \/><\/div><\/a>\n\t\t<\/div>\n\t<\/div>\n<h4 style=\"text-align: center\" class=\"vc_custom_heading\">D\u0130VAN AS\u0130A OTEL<\/h4><\/div><\/div><div class=\"vc_column_container col-md-4\"><div class=\"wpb_wrapper vc_column-inner\">\n\t<div class=\"wpb_single_image wpb_content_element vc_align_center\"data-appear-animation=\"bounceInDown\" data-appear-animation-duration=\"2000\">\n\t\t<div class=\"wpb_wrapper\">\n\t\t\t\n\t\t\t<a href=\"https:\/\/kackaryapi.com.tr\/en\/project\/kolan-hastanesi\/\" target=\"_self\"><div class=\"vc_single_image-wrapper vc_box_shadow  vc_box_border_grey\"><img loading=\"lazy\" decoding=\"async\" width=\"600\" height=\"800\" src=\"https:\/\/kackaryapi.com.tr\/wp-content\/uploads\/2022\/12\/kolan-hastanesi.webp\" class=\"vc_single_image-img attachment-full\" alt=\"\" srcset=\"https:\/\/kackaryapi.com.tr\/wp-content\/uploads\/2022\/12\/kolan-hastanesi.webp 600w, https:\/\/kackaryapi.com.tr\/wp-content\/uploads\/2022\/12\/kolan-hastanesi-400x533.webp 400w, https:\/\/kackaryapi.com.tr\/wp-content\/uploads\/2022\/12\/kolan-hastanesi-367x489.webp 367w\" sizes=\"auto, (max-width: 600px) 100vw, 600px\" \/><\/div><\/a>\n\t\t<\/div>\n\t<\/div>\n<h4 style=\"text-align: center\" class=\"vc_custom_heading\">KOLAN HASTANES\u0130<\/h4><\/div><\/div><\/div><div class=\"vc_btn3-container vc_btn3-center vc_custom_1671570420700\" >\n\t<a class=\"vc_general vc_btn3 vc_btn3-size-lg vc_btn3-shape-rounded vc_btn3-style-custom btn\" style=\"background-color:#ea5906; color:#ffffff; background-color:#ea5906; color:#ffffff;\" href=\"https:\/\/kackaryapi.com.tr\/en\/projeler\/\" title=\"Projeler\">T\u00fcm Projeleri \u0130ncele<\/a>\t<\/div>\n\n\t<div class=\"wpb_single_image wpb_content_element vc_align_center\">\n\t\t<div class=\"wpb_wrapper\">\n\t\t\t\n\t\t\t<div class=\"vc_single_image-wrapper   vc_box_border_grey\"><img loading=\"lazy\" decoding=\"async\" width=\"2079\" height=\"508\" src=\"https:\/\/kackaryapi.com.tr\/wp-content\/uploads\/2022\/12\/liv.webp\" class=\"vc_single_image-img attachment-full\" alt=\"\" srcset=\"https:\/\/kackaryapi.com.tr\/wp-content\/uploads\/2022\/12\/liv.webp 2079w, https:\/\/kackaryapi.com.tr\/wp-content\/uploads\/2022\/12\/liv-1024x250.webp 1024w, https:\/\/kackaryapi.com.tr\/wp-content\/uploads\/2022\/12\/liv-768x188.webp 768w, https:\/\/kackaryapi.com.tr\/wp-content\/uploads\/2022\/12\/liv-1536x375.webp 1536w, https:\/\/kackaryapi.com.tr\/wp-content\/uploads\/2022\/12\/liv-2048x500.webp 2048w, https:\/\/kackaryapi.com.tr\/wp-content\/uploads\/2022\/12\/liv-640x156.webp 640w, https:\/\/kackaryapi.com.tr\/wp-content\/uploads\/2022\/12\/liv-400x98.webp 400w, https:\/\/kackaryapi.com.tr\/wp-content\/uploads\/2022\/12\/liv-367x90.webp 367w, https:\/\/kackaryapi.com.tr\/wp-content\/uploads\/2022\/12\/liv-600x147.webp 600w\" sizes=\"auto, (max-width: 2079px) 100vw, 2079px\" \/><\/div>\n\t\t<\/div>\n\t<\/div>\n<\/div><\/div><\/div><\/div><\/div><section class=\"vc_section vc_custom_1670667929691\"><div class=\"vc_row wpb_row section section-default porto-inner-container\"><div class=\"porto-wrap-container container\"><div class=\"row\"><div class=\"vc_column_container col-md-12\"><div class=\"wpb_wrapper vc_column-inner\"><h2 style=\"text-align: center\" class=\"vc_custom_heading\">Our Dealerships<\/h2><div class=\"porto-separator\"><hr class=\"separator-line  align_center\" style=\"background-image: -webkit-linear-gradient(left, transparent, grey, transparent); background-image: linear-gradient(to right, transparent, grey, transparent);width:20%;\"><\/div><p style=\"text-align: center\" class=\"vc_custom_heading\">We bring together the most distinguished brands of the world and Turkey, for which we are dealers, with our valued customers.<\/p><div class=\"porto-carousel owl-carousel has-ccols ccols-xl-6 ccols-lg-4 ccols-md-3 ccols-sm-2 ccols-1 m-t-xl m-b-xl stage-margin\" data-plugin-options=\"{&quot;stagePadding&quot;:10,&quot;margin&quot;:5,&quot;autoplay&quot;:&quot;yes&quot;,&quot;autoplayTimeout&quot;:5000,&quot;autoplayHoverPause&quot;:false,&quot;items&quot;:6,&quot;lg&quot;:4,&quot;md&quot;:3,&quot;sm&quot;:2,&quot;xs&quot;:1,&quot;nav&quot;:&quot;yes&quot;,&quot;dots&quot;:false,&quot;animateIn&quot;:&quot;&quot;,&quot;animateOut&quot;:&quot;&quot;,&quot;loop&quot;:&quot;yes&quot;,&quot;center&quot;:false,&quot;video&quot;:false,&quot;lazyLoad&quot;:false,&quot;fullscreen&quot;:false}\">\n\t<div class=\"wpb_single_image wpb_content_element vc_align_center\">\n\t\t<div class=\"wpb_wrapper\">\n\t\t\t\n\t\t\t<div class=\"vc_single_image-wrapper   vc_box_border_grey\"><img loading=\"lazy\" decoding=\"async\" width=\"200\" height=\"150\" src=\"https:\/\/kackaryapi.com.tr\/wp-content\/uploads\/2022\/12\/dyo.png\" class=\"vc_single_image-img attachment-full\" alt=\"\" \/><\/div>\n\t\t<\/div>\n\t<\/div>\n\n\t<div class=\"wpb_single_image wpb_content_element vc_align_center\">\n\t\t<div class=\"wpb_wrapper\">\n\t\t\t\n\t\t\t<div class=\"vc_single_image-wrapper   vc_box_border_grey\"><img loading=\"lazy\" decoding=\"async\" width=\"200\" height=\"150\" src=\"https:\/\/kackaryapi.com.tr\/wp-content\/uploads\/2022\/12\/knauf.png\" class=\"vc_single_image-img attachment-full\" alt=\"\" \/><\/div>\n\t\t<\/div>\n\t<\/div>\n\n\t<div class=\"wpb_single_image wpb_content_element vc_align_center\">\n\t\t<div class=\"wpb_wrapper\">\n\t\t\t\n\t\t\t<div class=\"vc_single_image-wrapper   vc_box_border_grey\"><img loading=\"lazy\" decoding=\"async\" width=\"200\" height=\"150\" src=\"https:\/\/kackaryapi.com.tr\/wp-content\/uploads\/2022\/12\/baumit.png\" class=\"vc_single_image-img attachment-full\" alt=\"\" \/><\/div>\n\t\t<\/div>\n\t<\/div>\n\n\t<div class=\"wpb_single_image wpb_content_element vc_align_center\">\n\t\t<div class=\"wpb_wrapper\">\n\t\t\t\n\t\t\t<div class=\"vc_single_image-wrapper   vc_box_border_grey\"><img loading=\"lazy\" decoding=\"async\" width=\"200\" height=\"150\" src=\"https:\/\/kackaryapi.com.tr\/wp-content\/uploads\/2022\/12\/deckon.png\" class=\"vc_single_image-img attachment-full\" alt=\"\" \/><\/div>\n\t\t<\/div>\n\t<\/div>\n\n\t<div class=\"wpb_single_image wpb_content_element vc_align_center\">\n\t\t<div class=\"wpb_wrapper\">\n\t\t\t\n\t\t\t<div class=\"vc_single_image-wrapper   vc_box_border_grey\"><img loading=\"lazy\" decoding=\"async\" width=\"200\" height=\"150\" src=\"https:\/\/kackaryapi.com.tr\/wp-content\/uploads\/2022\/12\/knouf.png\" class=\"vc_single_image-img attachment-full\" alt=\"\" \/><\/div>\n\t\t<\/div>\n\t<\/div>\n\n\t<div class=\"wpb_single_image wpb_content_element vc_align_center\">\n\t\t<div class=\"wpb_wrapper\">\n\t\t\t\n\t\t\t<div class=\"vc_single_image-wrapper   vc_box_border_grey\"><img loading=\"lazy\" decoding=\"async\" width=\"200\" height=\"150\" src=\"https:\/\/kackaryapi.com.tr\/wp-content\/uploads\/2022\/12\/armstrong.webp\" class=\"vc_single_image-img attachment-full\" alt=\"\" \/><\/div>\n\t\t<\/div>\n\t<\/div>\n\n\t<div class=\"wpb_single_image wpb_content_element vc_align_center\">\n\t\t<div class=\"wpb_wrapper\">\n\t\t\t\n\t\t\t<div class=\"vc_single_image-wrapper   vc_box_border_grey\"><img loading=\"lazy\" decoding=\"async\" width=\"200\" height=\"150\" src=\"https:\/\/kackaryapi.com.tr\/wp-content\/uploads\/2022\/12\/Trio.png\" class=\"vc_single_image-img attachment-full\" alt=\"\" \/><\/div>\n\t\t<\/div>\n\t<\/div>\n\n\t<div class=\"wpb_single_image wpb_content_element vc_align_center\">\n\t\t<div class=\"wpb_wrapper\">\n\t\t\t\n\t\t\t<div class=\"vc_single_image-wrapper   vc_box_border_grey\"><img loading=\"lazy\" decoding=\"async\" width=\"200\" height=\"150\" src=\"https:\/\/kackaryapi.com.tr\/wp-content\/uploads\/2022\/12\/aquapanel.webp\" class=\"vc_single_image-img attachment-full\" alt=\"\" \/><\/div>\n\t\t<\/div>\n\t<\/div>\n\n\t<div class=\"wpb_single_image wpb_content_element vc_align_center\">\n\t\t<div class=\"wpb_wrapper\">\n\t\t\t\n\t\t\t<div class=\"vc_single_image-wrapper   vc_box_border_grey\"><img loading=\"lazy\" decoding=\"async\" width=\"200\" height=\"150\" src=\"https:\/\/kackaryapi.com.tr\/wp-content\/uploads\/2022\/12\/amf-son.png\" class=\"vc_single_image-img attachment-full\" alt=\"\" \/><\/div>\n\t\t<\/div>\n\t<\/div>\n\n\t<div class=\"wpb_single_image wpb_content_element vc_align_center\">\n\t\t<div class=\"wpb_wrapper\">\n\t\t\t\n\t\t\t<div class=\"vc_single_image-wrapper   vc_box_border_grey\"><img loading=\"lazy\" decoding=\"async\" width=\"200\" height=\"150\" src=\"https:\/\/kackaryapi.com.tr\/wp-content\/uploads\/2022\/12\/semin.webp\" class=\"vc_single_image-img attachment-full\" alt=\"\" \/><\/div>\n\t\t<\/div>\n\t<\/div>\n<\/div><\/div><\/div><\/div><\/div><\/div><\/section>","protected":false},"excerpt":{"rendered":"G\u00fcvenilir \u0130n\u015faat HizmetiKa\u00e7kar Yap\u0131 olarak i\u015finde uzman kadromuz ile in\u015faat\u0131n\u0131z\u0131n A'dan Z'ye i\u00e7erisinde yer al\u0131p her t\u00fcrl\u00fc yap\u0131 ve onar\u0131mlar\u0131n\u0131 sa\u011flamaktay\u0131z.Devam\u0131n\u0131 Oku+Proje Y\u00f6netimiKa\u00e7kar Yap\u0131 b\u00fcnyesinde bulunan mimar ve m\u00fchendisleri ile yap\u0131lmakta olan in\u015faat\u0131n projelendirilmesi ve y\u00f6netilmesi a\u015famas\u0131nda her an yan\u0131n\u0131zdaDevam\u0131n\u0131 Oku+Bina RestarasyonuKa\u00e7kar Yap\u0131 de\u011ferlerinize sahip \u00e7\u0131k\u0131yor . Her t\u00fcrl\u00fc restorasyon ile de\u011ferlerinizi sa\u011flamla\u015ft\u0131r\u0131p , g\u00fcn\u00fcm\u00fcz\u00fcn [...]","protected":false},"author":1,"featured_media":0,"parent":0,"menu_order":0,"comment_status":"closed","ping_status":"closed","template":"","meta":{"footnotes":""},"class_list":["post-2","page","type-page","status-publish","hentry"],"_links":{"self":[{"href":"https:\/\/kackaryapi.com.tr\/en\/wp-json\/wp\/v2\/pages\/2","targetHints":{"allow":["GET"]}}],"collection":[{"href":"https:\/\/kackaryapi.com.tr\/en\/wp-json\/wp\/v2\/pages"}],"about":[{"href":"https:\/\/kackaryapi.com.tr\/en\/wp-json\/wp\/v2\/types\/page"}],"author":[{"embeddable":true,"href":"https:\/\/kackaryapi.com.tr\/en\/wp-json\/wp\/v2\/users\/1"}],"replies":[{"embeddable":true,"href":"https:\/\/kackaryapi.com.tr\/en\/wp-json\/wp\/v2\/comments?post=2"}],"version-history":[{"count":37,"href":"https:\/\/kackaryapi.com.tr\/en\/wp-json\/wp\/v2\/pages\/2\/revisions"}],"predecessor-version":[{"id":1236,"href":"https:\/\/kackaryapi.com.tr\/en\/wp-json\/wp\/v2\/pages\/2\/revisions\/1236"}],"wp:attachment":[{"href":"https:\/\/kackaryapi.com.tr\/en\/wp-json\/wp\/v2\/media?parent=2"}],"curies":[{"name":"wp","href":"https:\/\/api.w.org\/{rel}","templated":true}]}}