{"id":1150,"date":"2025-11-17T18:06:46","date_gmt":"2025-11-17T15:06:46","guid":{"rendered":"https:\/\/kackaryapi.com.tr\/?page_id=1150"},"modified":"2025-11-17T18:06:46","modified_gmt":"2025-11-17T15:06:46","slug":"blog","status":"publish","type":"page","link":"https:\/\/kackaryapi.com.tr\/en\/blog\/","title":{"rendered":"Blog"},"content":{"rendered":"<div class=\"vc_row wpb_row row\"><div class=\"vc_column_container col-md-12\"><div class=\"wpb_wrapper vc_column-inner\"><div id=\"porto-blog-6609\" class=\"porto-blog wpb_content_element\">\n\t\t<div class=\"blog-posts posts-timeline\">\n\t\t\t<section class=\"timeline\">\n\t\t\t\t<div class=\"timeline-body\">\n\n\t\t\t<div class=\"timeline-date\"><h3>January 2026<\/h3><\/div>\n\t<article class=\"timeline-box left post-title-simple post-1221 post type-post status-publish format-standard has-post-thumbnail hentry category-genel tag-depreme-dayanikli-yapi-malzemeleri tag-insaat-maliyeti-vs-kalite tag-su-yalitimi-onemi tag-yapi-omrunu-uzatma-yollari\">\n\t\t\t<div class=\"post-image single\">\n\t\t<div class=\"post-slideshow porto-carousel owl-carousel nav-inside nav-inside-center nav-style-2 show-nav-hover has-ccols ccols-1\" data-plugin-options='{\"nav\":true}'>\n\t\t\t\t\t\t\t\t\t\t\t<a href=\"https:\/\/kackaryapi.com.tr\/en\/kaliteli-malzeme-kullaniminin-yapi-omru-uzerindeki-etkisi-neden-taviz-verilmemeli\/\">\n\t\t\t\t\t\t\t\t<div class=\"img-thumbnail\">\n\t\t\t\t\t\t<img loading=\"lazy\" decoding=\"async\" width=\"640\" height=\"213\" src=\"https:\/\/kackaryapi.com.tr\/wp-content\/uploads\/2026\/01\/Kaliteli-Malzeme-Kullaniminin--640x213.png\" class=\"owl-lazy img-responsive\" alt=\"\" srcset=\"https:\/\/kackaryapi.com.tr\/wp-content\/uploads\/2026\/01\/Kaliteli-Malzeme-Kullaniminin--640x213.png 640w, https:\/\/kackaryapi.com.tr\/wp-content\/uploads\/2026\/01\/Kaliteli-Malzeme-Kullaniminin--400x133.png 400w, https:\/\/kackaryapi.com.tr\/wp-content\/uploads\/2026\/01\/Kaliteli-Malzeme-Kullaniminin--367x122.png 367w, https:\/\/kackaryapi.com.tr\/wp-content\/uploads\/2026\/01\/Kaliteli-Malzeme-Kullaniminin--600x200.png 600w\" sizes=\"auto, (max-width: 640px) 100vw, 640px\" \/>\t\t\t\t\t\t\t\t\t\t\t\t\t<span class=\"zoom\" data-src=\"https:\/\/kackaryapi.com.tr\/wp-content\/uploads\/2026\/01\/Kaliteli-Malzeme-Kullaniminin-.png\" data-title=\"\"><i class=\"fas fa-search\"><\/i><\/span>\n\t\t\t\t\t\t\t\t\t\t\t<\/div>\n\t\t\t\t\t\t\t\t<\/a>\n\t\t\t\t\t\t\t\t<\/div>\n\t\t\n\t\t\t<\/div>\n\n\t\t<!-- Post meta before content -->\n\t\t\t\n\t\t\t<div class=\"post-content\">\n\t\t\t\t<h4 class=\"entry-title\"><a href=\"https:\/\/kackaryapi.com.tr\/en\/kaliteli-malzeme-kullaniminin-yapi-omru-uzerindeki-etkisi-neden-taviz-verilmemeli\/\">Kaliteli Malzeme Kullan\u0131m\u0131n\u0131n Yap\u0131 \u00d6mr\u00fc \u00dczerindeki Etkisi: Neden Taviz Verilmemeli?<\/a><\/h4>\n\t\t\t\t<span class=\"vcard\" style=\"display: none;\"><span class=\"fn\"><a href=\"https:\/\/kackaryapi.com.tr\/en\/author\/kackar-admin\/\" title=\"Posts by Kackar-admin\" rel=\"author\">Kackar-admin<\/a><\/span><\/span><span class=\"updated\" style=\"display:none\">2026-01-20T13:21:02+03:00<\/span><p class=\"post-excerpt\">\n\t\n\t\t\n\t\t\tBir yap\u0131 in\u015fa etmek, sadece bir bar\u0131nak olu\u015fturmak de\u011fil, nesiller boyu s\u00fcrecek bir ya\u015fam alan\u0131 ve de\u011ferli bir yat\u0131r\u0131m meydana getirmektir. \u0130n\u015faat sekt\u00f6r\u00fcnde \"maliyet\" kalemi her zaman \u00f6n planda olsa da, malzemenin kalitesinden yap\u0131lan tasarruf, asl\u0131nda gelecekte \u00f6denecek \u00e7ok daha b\u00fcy\u00fck bedellerin habercisidir. Kackar Yap\u0131 olarak bu rehberde, malzeme...<\/p>\n\t\t\t\t\n\t\t\t<\/div>\n\n\t\t\t<!-- Post meta after content -->\n\t\t\t\t<div class=\"post-meta\"><span class=\"meta-date\"><i class=\"far fa-calendar-alt\"><\/i>20 January 2026<\/span><\/div><div class=\"post-meta\"><span class=\"meta-author\"><i class=\"far fa-user\"><\/i>By <a href=\"https:\/\/kackaryapi.com.tr\/en\/author\/kackar-admin\/\" title=\"Posts by Kackar-admin\" rel=\"author\">Kackar-admin<\/a><\/span><span class=\"meta-cats\"><i class=\"far fa-folder\"><\/i><a href=\"https:\/\/kackaryapi.com.tr\/en\/category\/genel\/\" rel=\"category tag\">Genel<\/a><\/span><span class=\"meta-tags\"><i class=\"far fa-envelope\"><\/i><a href=\"https:\/\/kackaryapi.com.tr\/en\/tag\/depreme-dayanikli-yapi-malzemeleri\/\" rel=\"tag\">depreme dayan\u0131kl\u0131 yap\u0131 malzemeleri.<\/a>, <a href=\"https:\/\/kackaryapi.com.tr\/en\/tag\/insaat-maliyeti-vs-kalite\/\" rel=\"tag\">in\u015faat maliyeti vs kalite<\/a>, <a href=\"https:\/\/kackaryapi.com.tr\/en\/tag\/su-yalitimi-onemi\/\" rel=\"tag\">su yal\u0131t\u0131m\u0131 \u00f6nemi<\/a>, <a href=\"https:\/\/kackaryapi.com.tr\/en\/tag\/yapi-omrunu-uzatma-yollari\/\" rel=\"tag\">Yap\u0131 \u00f6mr\u00fcn\u00fc uzatma yollar\u0131<\/a><\/span><span class=\"meta-comments\"><i class=\"far fa-comments\"><\/i><a href=\"https:\/\/kackaryapi.com.tr\/en\/kaliteli-malzeme-kullaniminin-yapi-omru-uzerindeki-etkisi-neden-taviz-verilmemeli\/#respond\" title=\"Comment on Kaliteli Malzeme Kullan\u0131m\u0131n\u0131n Yap\u0131 \u00d6mr\u00fc \u00dczerindeki Etkisi: Neden Taviz Verilmemeli?\">0 Comments<\/a><\/span><\/div>\n\t\t\t<div class=\"clearfix\">\n\t\t\t\t<a class=\"btn btn-xs btn-default text-xs text-uppercase\" href=\"https:\/\/kackaryapi.com.tr\/en\/kaliteli-malzeme-kullaniminin-yapi-omru-uzerindeki-etkisi-neden-taviz-verilmemeli\/\">Read more...<\/a>\n\t\t\t<\/div>\n\t\t\t<\/article>\n\t<div class=\"timeline-date\"><h3>November 2025<\/h3><\/div>\n\t<article class=\"timeline-box left post-title-simple post-1139 post type-post status-publish format-standard has-post-thumbnail hentry category-genel tag-bina-yalitimi tag-cevre-dostu-yalitim tag-dis-cephe-mantolama tag-dis-cephe-yalitimi tag-enerji-tasarrufu tag-enerji-verimliligi tag-eps-xps-farki tag-ev-yalitimi tag-insaat-blog tag-isi-kaybi tag-isi-yalitim-fiyatlari tag-isi-yalitim-sistemleri tag-isi-yalitimi tag-kackar-yapi tag-kisin-isinma-tasarrufu tag-mantolama tag-tas-yunu-yalitim tag-yalitim-malzemeleri tag-yalitim-uygulamalari\">\n\t\t\t<div class=\"post-image single\">\n\t\t<div class=\"post-slideshow porto-carousel owl-carousel nav-inside nav-inside-center nav-style-2 show-nav-hover has-ccols ccols-1\" data-plugin-options='{\"nav\":true}'>\n\t\t\t\t\t\t\t\t\t\t\t<a href=\"https:\/\/kackaryapi.com.tr\/en\/isi-yalitimi-neden-onemlidir\/\">\n\t\t\t\t\t\t\t\t<div class=\"img-thumbnail\">\n\t\t\t\t\t\t<img loading=\"lazy\" decoding=\"async\" width=\"640\" height=\"213\" src=\"https:\/\/kackaryapi.com.tr\/wp-content\/uploads\/2025\/11\/Masaustu-Bilgisayar-Toplama-Hizmeti-4-640x213.jpg\" class=\"owl-lazy img-responsive\" alt=\"Is\u0131 yalitimi\" srcset=\"https:\/\/kackaryapi.com.tr\/wp-content\/uploads\/2025\/11\/Masaustu-Bilgisayar-Toplama-Hizmeti-4-640x213.jpg 640w, https:\/\/kackaryapi.com.tr\/wp-content\/uploads\/2025\/11\/Masaustu-Bilgisayar-Toplama-Hizmeti-4-400x133.jpg 400w, https:\/\/kackaryapi.com.tr\/wp-content\/uploads\/2025\/11\/Masaustu-Bilgisayar-Toplama-Hizmeti-4-367x122.jpg 367w, https:\/\/kackaryapi.com.tr\/wp-content\/uploads\/2025\/11\/Masaustu-Bilgisayar-Toplama-Hizmeti-4-600x200.jpg 600w\" sizes=\"auto, (max-width: 640px) 100vw, 640px\" \/>\t\t\t\t\t\t\t\t\t\t\t\t\t<span class=\"zoom\" data-src=\"https:\/\/kackaryapi.com.tr\/wp-content\/uploads\/2025\/11\/Masaustu-Bilgisayar-Toplama-Hizmeti-4.jpg\" data-title=\"Is\u0131 yalitimi\"><i class=\"fas fa-search\"><\/i><\/span>\n\t\t\t\t\t\t\t\t\t\t\t<\/div>\n\t\t\t\t\t\t\t\t<\/a>\n\t\t\t\t\t\t\t\t<\/div>\n\t\t\n\t\t\t<\/div>\n\n\t\t<!-- Post meta before content -->\n\t\t\t\n\t\t\t<div class=\"post-content\">\n\t\t\t\t<h4 class=\"entry-title\"><a href=\"https:\/\/kackaryapi.com.tr\/en\/isi-yalitimi-neden-onemlidir\/\">Is\u0131 Yal\u0131t\u0131m\u0131 Neden \u00d6nemlidir ?<\/a><\/h4>\n\t\t\t\t<span class=\"vcard\" style=\"display: none;\"><span class=\"fn\"><a href=\"https:\/\/kackaryapi.com.tr\/en\/author\/kackar-admin\/\" title=\"Posts by Kackar-admin\" rel=\"author\">Kackar-admin<\/a><\/span><\/span><span class=\"updated\" style=\"display:none\">2025-11-17T18:08:51+03:00<\/span><p class=\"post-excerpt\">\n\t\n\t\t\n\t\t\tIs\u0131 yal\u0131t\u0131m\u0131, bir yap\u0131n\u0131n i\u00e7 ve d\u0131\u015f ortam\u0131 aras\u0131ndaki \u0131s\u0131 ge\u00e7i\u015fini azaltmay\u0131 ama\u00e7layan en \u00f6nemli yap\u0131 uygulamalar\u0131ndan biridir. Hem enerji tasarrufu sa\u011flamak hem de konforlu bir ya\u015fam alan\u0131 olu\u015fturmak i\u00e7in \u0131s\u0131 yal\u0131t\u0131m\u0131 art\u0131k bir tercih de\u011fil, zorunluluktur. Ka\u00e7kar Yap\u0131 olarak, projelerimizde modern teknolojilere uygun en do\u011fru yal\u0131t\u0131m \u00e7\u00f6z\u00fcmlerini sunarak...<\/p>\n\t\t\t\t\n\t\t\t<\/div>\n\n\t\t\t<!-- Post meta after content -->\n\t\t\t\t<div class=\"post-meta\"><span class=\"meta-date\"><i class=\"far fa-calendar-alt\"><\/i>17 November 2025<\/span><\/div><div class=\"post-meta\"><span class=\"meta-author\"><i class=\"far fa-user\"><\/i>By <a href=\"https:\/\/kackaryapi.com.tr\/en\/author\/kackar-admin\/\" title=\"Posts by Kackar-admin\" rel=\"author\">Kackar-admin<\/a><\/span><span class=\"meta-cats\"><i class=\"far fa-folder\"><\/i><a href=\"https:\/\/kackaryapi.com.tr\/en\/category\/genel\/\" rel=\"category tag\">Genel<\/a><\/span><span class=\"meta-tags\"><i class=\"far fa-envelope\"><\/i><a href=\"https:\/\/kackaryapi.com.tr\/en\/tag\/bina-yalitimi\/\" rel=\"tag\">bina yal\u0131t\u0131m\u0131<\/a>, <a href=\"https:\/\/kackaryapi.com.tr\/en\/tag\/cevre-dostu-yalitim\/\" rel=\"tag\">\u00e7evre dostu yal\u0131t\u0131m<\/a>, <a href=\"https:\/\/kackaryapi.com.tr\/en\/tag\/dis-cephe-mantolama\/\" rel=\"tag\">d\u0131\u015f cephe mantolama<\/a>, <a href=\"https:\/\/kackaryapi.com.tr\/en\/tag\/dis-cephe-yalitimi\/\" rel=\"tag\">d\u0131\u015f cephe yal\u0131t\u0131m\u0131<\/a>, <a href=\"https:\/\/kackaryapi.com.tr\/en\/tag\/enerji-tasarrufu\/\" rel=\"tag\">enerji tasarrufu<\/a>, <a href=\"https:\/\/kackaryapi.com.tr\/en\/tag\/enerji-verimliligi\/\" rel=\"tag\">enerji verimlili\u011fi<\/a>, <a href=\"https:\/\/kackaryapi.com.tr\/en\/tag\/eps-xps-farki\/\" rel=\"tag\">eps xps fark\u0131<\/a>, <a href=\"https:\/\/kackaryapi.com.tr\/en\/tag\/ev-yalitimi\/\" rel=\"tag\">ev yal\u0131t\u0131m\u0131<\/a>, <a href=\"https:\/\/kackaryapi.com.tr\/en\/tag\/insaat-blog\/\" rel=\"tag\">in\u015faat blog<\/a>, <a href=\"https:\/\/kackaryapi.com.tr\/en\/tag\/isi-kaybi\/\" rel=\"tag\">\u0131s\u0131 kayb\u0131<\/a>, <a href=\"https:\/\/kackaryapi.com.tr\/en\/tag\/isi-yalitim-fiyatlari\/\" rel=\"tag\">\u0131s\u0131 yal\u0131t\u0131m fiyatlar\u0131<\/a>, <a href=\"https:\/\/kackaryapi.com.tr\/en\/tag\/isi-yalitim-sistemleri\/\" rel=\"tag\">\u0131s\u0131 yal\u0131t\u0131m sistemleri<\/a>, <a href=\"https:\/\/kackaryapi.com.tr\/en\/tag\/isi-yalitimi\/\" rel=\"tag\">\u0131s\u0131 yal\u0131t\u0131m\u0131<\/a>, <a href=\"https:\/\/kackaryapi.com.tr\/en\/tag\/kackar-yapi\/\" rel=\"tag\">Ka\u00e7kar Yap\u0131<\/a>, <a href=\"https:\/\/kackaryapi.com.tr\/en\/tag\/kisin-isinma-tasarrufu\/\" rel=\"tag\">k\u0131\u015f\u0131n \u0131s\u0131nma tasarrufu<\/a>, <a href=\"https:\/\/kackaryapi.com.tr\/en\/tag\/mantolama\/\" rel=\"tag\">mantolama<\/a>, <a href=\"https:\/\/kackaryapi.com.tr\/en\/tag\/tas-yunu-yalitim\/\" rel=\"tag\">ta\u015f y\u00fcn\u00fc yal\u0131t\u0131m<\/a>, <a href=\"https:\/\/kackaryapi.com.tr\/en\/tag\/yalitim-malzemeleri\/\" rel=\"tag\">yal\u0131t\u0131m malzemeleri<\/a>, <a href=\"https:\/\/kackaryapi.com.tr\/en\/tag\/yalitim-uygulamalari\/\" rel=\"tag\">yal\u0131t\u0131m uygulamalar\u0131<\/a><\/span><span class=\"meta-comments\"><i class=\"far fa-comments\"><\/i><a href=\"https:\/\/kackaryapi.com.tr\/en\/isi-yalitimi-neden-onemlidir\/#respond\" title=\"Comment on Is\u0131 Yal\u0131t\u0131m\u0131 Neden \u00d6nemlidir ?\">0 Comments<\/a><\/span><\/div>\n\t\t\t<div class=\"clearfix\">\n\t\t\t\t<a class=\"btn btn-xs btn-default text-xs text-uppercase\" href=\"https:\/\/kackaryapi.com.tr\/en\/isi-yalitimi-neden-onemlidir\/\">Read more...<\/a>\n\t\t\t<\/div>\n\t\t\t<\/article>\n\t<div class=\"timeline-date\"><h3>October 2025<\/h3><\/div>\n\t<article class=\"timeline-box left post-title-simple post-1115 post type-post status-publish format-standard has-post-thumbnail hentry category-genel tag-guvenli-calisma-alani tag-insaat-guvenligi tag-insaat-sektoru tag-is-guvenligi tag-is-guvenligi-tedbirleri tag-is-kazalari tag-is-sagligi-kurallari tag-is-sagligi-ve-guvenligi tag-kackar-yapi tag-kisisel-koruyucu-donanim tag-ppe-ekipmanlari tag-risk-analizi tag-santiye-denetimi tag-santiye-guvenligi tag-santiye-guvenlik-plani tag-santiye-kurallari tag-santiye-onlemleri tag-santiye-yonetimi tag-yapi-guvenligi tag-yuksekte-calisma-guvenligi\">\n\t\t\t<div class=\"post-image single\">\n\t\t<div class=\"post-slideshow porto-carousel owl-carousel nav-inside nav-inside-center nav-style-2 show-nav-hover has-ccols ccols-1\" data-plugin-options='{\"nav\":true}'>\n\t\t\t\t\t\t\t\t\t\t\t<a href=\"https:\/\/kackaryapi.com.tr\/en\/santiye-guvenligi-nedir-temel-kurallar-ve-onlemler\/\">\n\t\t\t\t\t\t\t\t<div class=\"img-thumbnail\">\n\t\t\t\t\t\t<img loading=\"lazy\" decoding=\"async\" width=\"640\" height=\"213\" src=\"https:\/\/kackaryapi.com.tr\/wp-content\/uploads\/2025\/10\/Santiye-Guvenligi2-640x213.jpg\" class=\"owl-lazy img-responsive\" alt=\"\" srcset=\"https:\/\/kackaryapi.com.tr\/wp-content\/uploads\/2025\/10\/Santiye-Guvenligi2-640x213.jpg 640w, https:\/\/kackaryapi.com.tr\/wp-content\/uploads\/2025\/10\/Santiye-Guvenligi2-400x133.jpg 400w, https:\/\/kackaryapi.com.tr\/wp-content\/uploads\/2025\/10\/Santiye-Guvenligi2-367x122.jpg 367w, https:\/\/kackaryapi.com.tr\/wp-content\/uploads\/2025\/10\/Santiye-Guvenligi2-600x200.jpg 600w\" sizes=\"auto, (max-width: 640px) 100vw, 640px\" \/>\t\t\t\t\t\t\t\t\t\t\t\t\t<span class=\"zoom\" data-src=\"https:\/\/kackaryapi.com.tr\/wp-content\/uploads\/2025\/10\/Santiye-Guvenligi2.jpg\" data-title=\"\"><i class=\"fas fa-search\"><\/i><\/span>\n\t\t\t\t\t\t\t\t\t\t\t<\/div>\n\t\t\t\t\t\t\t\t<\/a>\n\t\t\t\t\t\t\t\t<\/div>\n\t\t\n\t\t\t<\/div>\n\n\t\t<!-- Post meta before content -->\n\t\t\t\n\t\t\t<div class=\"post-content\">\n\t\t\t\t<h4 class=\"entry-title\"><a href=\"https:\/\/kackaryapi.com.tr\/en\/santiye-guvenligi-nedir-temel-kurallar-ve-onlemler\/\">\u015eantiye G\u00fcvenli\u011fi Nedir? Temel Kurallar ve \u00d6nlemler<\/a><\/h4>\n\t\t\t\t<span class=\"vcard\" style=\"display: none;\"><span class=\"fn\"><a href=\"https:\/\/kackaryapi.com.tr\/en\/author\/kackar-admin\/\" title=\"Posts by Kackar-admin\" rel=\"author\">Kackar-admin<\/a><\/span><\/span><span class=\"updated\" style=\"display:none\">2025-11-17T18:09:35+03:00<\/span><p class=\"post-excerpt\">\n\t\n\t\t\n\t\t\t\u0130n\u015faat sekt\u00f6r\u00fc, y\u00fcksek risk bar\u0131nd\u0131ran \u00e7al\u0131\u015fma alanlar\u0131n\u0131n ba\u015f\u0131nda gelir. Bu nedenle \u015fantiye g\u00fcvenli\u011fi, hem \u00e7al\u0131\u015fanlar\u0131n sa\u011fl\u0131\u011f\u0131n\u0131 korumak hem de projelerin kesintisiz ilerlemesini sa\u011flamak a\u00e7\u0131s\u0131ndan hayati \u00f6nem ta\u015f\u0131r. Ka\u00e7kar Yap\u0131 olarak, g\u00fcvenli\u011fi sadece bir zorunluluk de\u011fil, \u00e7al\u0131\u015fma k\u00fclt\u00fcr\u00fcm\u00fcz\u00fcn en \u00f6nemli unsurlar\u0131ndan biri olarak g\u00f6r\u00fcyoruz.\n\u015eantiye G\u00fcvenli\u011fi Nedir?\n\u015eantiye g\u00fcvenli\u011fi, in\u015faat alan\u0131nda \u00e7al\u0131\u015fan...<\/p>\n\t\t\t\t\n\t\t\t<\/div>\n\n\t\t\t<!-- Post meta after content -->\n\t\t\t\t<div class=\"post-meta\"><span class=\"meta-date\"><i class=\"far fa-calendar-alt\"><\/i>22 October 2025<\/span><\/div><div class=\"post-meta\"><span class=\"meta-author\"><i class=\"far fa-user\"><\/i>By <a href=\"https:\/\/kackaryapi.com.tr\/en\/author\/kackar-admin\/\" title=\"Posts by Kackar-admin\" rel=\"author\">Kackar-admin<\/a><\/span><span class=\"meta-cats\"><i class=\"far fa-folder\"><\/i><a href=\"https:\/\/kackaryapi.com.tr\/en\/category\/genel\/\" rel=\"category tag\">Genel<\/a><\/span><span class=\"meta-tags\"><i class=\"far fa-envelope\"><\/i><a href=\"https:\/\/kackaryapi.com.tr\/en\/tag\/guvenli-calisma-alani\/\" rel=\"tag\">g\u00fcvenli \u00e7al\u0131\u015fma alan\u0131<\/a>, <a href=\"https:\/\/kackaryapi.com.tr\/en\/tag\/insaat-guvenligi\/\" rel=\"tag\">in\u015faat g\u00fcvenli\u011fi<\/a>, <a href=\"https:\/\/kackaryapi.com.tr\/en\/tag\/insaat-sektoru\/\" rel=\"tag\">in\u015faat sekt\u00f6r\u00fc<\/a>, <a href=\"https:\/\/kackaryapi.com.tr\/en\/tag\/is-guvenligi\/\" rel=\"tag\">i\u015f g\u00fcvenli\u011fi<\/a>, <a href=\"https:\/\/kackaryapi.com.tr\/en\/tag\/is-guvenligi-tedbirleri\/\" rel=\"tag\">i\u015f g\u00fcvenli\u011fi tedbirleri<\/a>, <a href=\"https:\/\/kackaryapi.com.tr\/en\/tag\/is-kazalari\/\" rel=\"tag\">i\u015f kazalar\u0131<\/a>, <a href=\"https:\/\/kackaryapi.com.tr\/en\/tag\/is-sagligi-kurallari\/\" rel=\"tag\">i\u015f sa\u011fl\u0131\u011f\u0131 kurallar\u0131<\/a>, <a href=\"https:\/\/kackaryapi.com.tr\/en\/tag\/is-sagligi-ve-guvenligi\/\" rel=\"tag\">i\u015f sa\u011fl\u0131\u011f\u0131 ve g\u00fcvenli\u011fi<\/a>, <a href=\"https:\/\/kackaryapi.com.tr\/en\/tag\/kackar-yapi\/\" rel=\"tag\">Ka\u00e7kar Yap\u0131<\/a>, <a href=\"https:\/\/kackaryapi.com.tr\/en\/tag\/kisisel-koruyucu-donanim\/\" rel=\"tag\">ki\u015fisel koruyucu donan\u0131m<\/a>, <a href=\"https:\/\/kackaryapi.com.tr\/en\/tag\/ppe-ekipmanlari\/\" rel=\"tag\">ppe ekipmanlar\u0131<\/a>, <a href=\"https:\/\/kackaryapi.com.tr\/en\/tag\/risk-analizi\/\" rel=\"tag\">risk analizi<\/a>, <a href=\"https:\/\/kackaryapi.com.tr\/en\/tag\/santiye-denetimi\/\" rel=\"tag\">\u015fantiye denetimi<\/a>, <a href=\"https:\/\/kackaryapi.com.tr\/en\/tag\/santiye-guvenligi\/\" rel=\"tag\">\u015fantiye g\u00fcvenli\u011fi<\/a>, <a href=\"https:\/\/kackaryapi.com.tr\/en\/tag\/santiye-guvenlik-plani\/\" rel=\"tag\">\u015fantiye g\u00fcvenlik plan\u0131<\/a>, <a href=\"https:\/\/kackaryapi.com.tr\/en\/tag\/santiye-kurallari\/\" rel=\"tag\">\u015fantiye kurallar\u0131<\/a>, <a href=\"https:\/\/kackaryapi.com.tr\/en\/tag\/santiye-onlemleri\/\" rel=\"tag\">\u015fantiye \u00f6nlemleri<\/a>, <a href=\"https:\/\/kackaryapi.com.tr\/en\/tag\/santiye-yonetimi\/\" rel=\"tag\">\u015fantiye y\u00f6netimi<\/a>, <a href=\"https:\/\/kackaryapi.com.tr\/en\/tag\/yapi-guvenligi\/\" rel=\"tag\">yap\u0131 g\u00fcvenli\u011fi<\/a>, <a href=\"https:\/\/kackaryapi.com.tr\/en\/tag\/yuksekte-calisma-guvenligi\/\" rel=\"tag\">y\u00fcksekte \u00e7al\u0131\u015fma g\u00fcvenli\u011fi<\/a><\/span><span class=\"meta-comments\"><i class=\"far fa-comments\"><\/i><a href=\"https:\/\/kackaryapi.com.tr\/en\/santiye-guvenligi-nedir-temel-kurallar-ve-onlemler\/#respond\" title=\"Comment on \u015eantiye G\u00fcvenli\u011fi Nedir? Temel Kurallar ve \u00d6nlemler\">0 Comments<\/a><\/span><\/div>\n\t\t\t<div class=\"clearfix\">\n\t\t\t\t<a class=\"btn btn-xs btn-default text-xs text-uppercase\" href=\"https:\/\/kackaryapi.com.tr\/en\/santiye-guvenligi-nedir-temel-kurallar-ve-onlemler\/\">Read more...<\/a>\n\t\t\t<\/div>\n\t\t\t<\/article>\n\n\t\n\t\t\t\t<\/div>\n\t\t\t<\/section>\n\t\t<\/div>\n\n\t\n\t\n\t<\/div><\/div><\/div><\/div>","protected":false},"excerpt":{"rendered":"\u0130n\u015faat sekt\u00f6r\u00fc, y\u00fcksek risk bar\u0131nd\u0131ran \u00e7al\u0131\u015fma alanlar\u0131n\u0131n ba\u015f\u0131nda gelir. Bu nedenle \u015fantiye g\u00fcvenli\u011fi, hem \u00e7al\u0131\u015fanlar\u0131n sa\u011fl\u0131\u011f\u0131n\u0131 korumak hem de projelerin kesintisiz ilerlemesini sa\u011flamak a\u00e7\u0131s\u0131ndan hayati \u00f6nem ta\u015f\u0131r. Ka\u00e7kar Yap\u0131 olarak, g\u00fcvenli\u011fi sadece bir zorunluluk de\u011fil, \u00e7al\u0131\u015fma k\u00fclt\u00fcr\u00fcm\u00fcz\u00fcn en \u00f6nemli unsurlar\u0131ndan biri olarak g\u00f6r\u00fcyoruz. \u015eantiye G\u00fcvenli\u011fi Nedir? \u015eantiye g\u00fcvenli\u011fi, in\u015faat alan\u0131nda \u00e7al\u0131\u015fan t\u00fcm personelin olas\u0131 tehlikelere [...]","protected":false},"author":1,"featured_media":0,"parent":0,"menu_order":0,"comment_status":"closed","ping_status":"closed","template":"","meta":{"footnotes":""},"class_list":["post-1150","page","type-page","status-publish","hentry"],"_links":{"self":[{"href":"https:\/\/kackaryapi.com.tr\/en\/wp-json\/wp\/v2\/pages\/1150","targetHints":{"allow":["GET"]}}],"collection":[{"href":"https:\/\/kackaryapi.com.tr\/en\/wp-json\/wp\/v2\/pages"}],"about":[{"href":"https:\/\/kackaryapi.com.tr\/en\/wp-json\/wp\/v2\/types\/page"}],"author":[{"embeddable":true,"href":"https:\/\/kackaryapi.com.tr\/en\/wp-json\/wp\/v2\/users\/1"}],"replies":[{"embeddable":true,"href":"https:\/\/kackaryapi.com.tr\/en\/wp-json\/wp\/v2\/comments?post=1150"}],"version-history":[{"count":1,"href":"https:\/\/kackaryapi.com.tr\/en\/wp-json\/wp\/v2\/pages\/1150\/revisions"}],"predecessor-version":[{"id":1151,"href":"https:\/\/kackaryapi.com.tr\/en\/wp-json\/wp\/v2\/pages\/1150\/revisions\/1151"}],"wp:attachment":[{"href":"https:\/\/kackaryapi.com.tr\/en\/wp-json\/wp\/v2\/media?parent=1150"}],"curies":[{"name":"wp","href":"https:\/\/api.w.org\/{rel}","templated":true}]}}